
{"id":35374,"date":"2019-07-16T15:03:00","date_gmt":"2019-07-16T15:03:00","guid":{"rendered":"http:\/\/marshallradio.com\/eu\/produkte\/"},"modified":"2019-10-18T20:17:00","modified_gmt":"2019-10-18T20:17:00","slug":"produkte","status":"publish","type":"page","link":"https:\/\/marshallradio.com\/eu\/produkte\/?lang=de","title":{"rendered":"Produkte"},"content":{"rendered":"\n<p>Marshall produziert Premium Telemetrieprodukte und Zubeh\u00f6r, welches von Falknern weltweit genutzt wird. In den letzten 10 Jahren haben wir intensiv daran gearbeitet den Standard der Radiotelemetrie anzuheben, um ein neues Level von Performance, Design und Sicherheit anbieten zu k\u00f6nnen. Das Ergebnis ist ein leistungsstarker Sender mit einer kurzen und sicheren Antenne. Innovative neue Montagedesigns und Werkzeuge. Super Sensitive, aber widerstandsf\u00e4hige Empf\u00e4nger, die so klein gefaltet werden k\u00f6nnen, sodass sie mit ins Feld genommen werden k\u00f6nnen.<\/p>\n\n<p>Die Radiotelemetrie hat die Art und Weise, wie wir Falknerei betreiben nachhaltig und essentiell ver\u00e4ndert. Nach der M\u00f6glichkeit der Nachzucht in Gefangenschaft, ist die Telemetrie vermutlich die zweit wichtigste und innovative Erfindung\/Entdeckung im Bereich der Falknerei. Da wir selber Falkner sind, sind wir hoch motiviert eine treibende Kraft in der Verbesserung von Radiotelemetrie zu sein und die Funktionsweise und Sicherheit bei der Benutzung zu f\u00f6rdern.<\/p>\n\n<p>\u00dcber die Jahre, bis in die Mitte der 1970, gab es leider einen oft geh\u00f6rten Spruch unter Falknern: &#8220;Ich hatte einen erstklassigen Falken, einen von dem man Nachts tr\u00e4umt, aber ich habe ihn im ersten Jahr verloren. Es scheint als w\u00e4ren es immer die besten V\u00f6gel die verloren gehen.&#8221; Heute sind Falkner in der Lage ihre besten V\u00f6gel \u00fcber Jahre hinweg zu halten und sie weiter zu entwickeln, sodass sie zu f\u00e4higen Athleten und effektiven Jagdv\u00f6geln werden.<\/p>\n\n<p>Auf unseren Produktseiten, werden Sie erkennen, dass wir mehr als nur Transmitter und Empf\u00e4nger designen und produzieren. Wir bieten eine vollst\u00e4ndige Produktpalette, welche sowohl gepolsterte Koffer und Holster f\u00fcr den Schutz der Empf\u00e4nger umfasst, als auch neu designte Klammern f\u00fcr Sto\u00dfmontagen und die dazu geh\u00f6rigen Zangen um diese schnell und sicher zu befestigen. Aber auch die TrackPack Rucksackmontage, Hundehalsb\u00e4nder und andere Accessoires wie die OMNI Antenne und Kopfh\u00f6rer bieten wir Ihnen, damit Sie sich Ihr System zusammenstellen k\u00f6nnen um auf alle Gegebenheiten vorbereitet zu sein.<\/p>\n\n<div style=\"height:52px\" aria-hidden=\"true\" class=\"wp-block-spacer\"><\/div>\n<div class=\"row\">\r\n<div class=\"col-md-4 containers\">\r\n<p style=\"text-align: center;\"><img decoding=\"async\" class=\"image\" src=\"\/eu\/wp-content\/uploads\/sites\/4\/2019\/10\/GPSSystem.jpg\" \/><\/p>\r\n\r\n<div class=\"middle\">\r\n<div class=\"text\"><i class=\"fas fa-cart-arrow-down\"><\/i> <a href=\"http:\/\/marshallradio.com\/eu\/produkt-kategorie\/gps-system\/?lang=de\">Gesch\u00e4ft<\/a><\/div>\r\n<\/div>\r\n<h3 style=\"text-align: center;\"><strong>GPS-Systeme<\/strong><\/h3>\r\n<\/div>\r\n<div class=\"col-md-4 containers\">\r\n<p style=\"text-align: center;\"><img decoding=\"async\" class=\"image\" src=\"http:\/\/marshallradio.com\/uk\/wp-content\/uploads\/sites\/3\/2019\/06\/TransmitterPhoto.jpg\" \/><\/p>\r\n\r\n<div class=\"middle\">\r\n<div class=\"text\"><i class=\"fas fa-cart-arrow-down\"><\/i> <a href=\"http:\/\/marshallradio.com\/eu\/produkt-kategorie\/sender\/?lang=de\">Gesch\u00e4ft<\/a><\/div>\r\n<\/div>\r\n<h3 style=\"text-align: center;\"><strong>Sender<\/strong><\/h3>\r\n<\/div>\r\n<div class=\"col-md-4 containers\">\r\n<p style=\"text-align: center;\"><img decoding=\"async\" class=\"image\" src=\"\/eu\/wp-content\/uploads\/sites\/4\/2019\/10\/ReceiversProductImage.jpg\" \/><\/p>\r\n\r\n<div class=\"middle\">\r\n<div class=\"text\"><i class=\"fas fa-cart-arrow-down\"><\/i> <a href=\"http:\/\/marshallradio.com\/eu\/produkt-kategorie\/empfanger\/?lang=de\">Gesch\u00e4ft<\/a><\/div>\r\n<\/div>\r\n<h3 style=\"text-align: center;\"><strong>Empf\u00e4nger<\/strong><\/h3>\r\n<\/div>\r\n<\/div>\n<div style=\"height:20px\" aria-hidden=\"true\" class=\"wp-block-spacer\"><\/div>\n<div class=\"row\">\r\n<div class=\"col-md-4 containers\">\r\n<p style=\"text-align: center;\"><img decoding=\"async\" class=\"image\" src=\"\/eu\/wp-content\/uploads\/sites\/4\/2019\/10\/Accessories1.jpg\" \/><\/p>\r\n\r\n<div class=\"middle\">\r\n<div class=\"text\"><i class=\"fas fa-cart-arrow-down\"><\/i> <a href=\"http:\/\/marshallradio.com\/eu\/produkt-kategorie\/worldwide-accessories-excluding-gulf-de\/?lang=de\">Gesch\u00e4ft<\/a><\/div>\r\n<\/div>\r\n<h3 style=\"text-align: center;\"><strong>Zubeh\u00f6r<\/strong><\/h3>\r\n<\/div>\r\n<div class=\"col-md-4 containers\">\r\n<p style=\"text-align: center;\"><img decoding=\"async\" class=\"image\" src=\"\/eu\/wp-content\/uploads\/sites\/4\/2019\/07\/ApparelPhoto.jpg\" \/><\/p>\r\n\r\n<div class=\"middle\">\r\n<div class=\"text\"><i class=\"fas fa-cart-arrow-down\"><\/i> <a href=\"http:\/\/marshallradio.com\/eu\/produkt-kategorie\/bekleidung\/?lang=de\">Gesch\u00e4ft<\/a><\/div>\r\n<\/div>\r\n<h3 style=\"text-align: center;\"><strong>Bekleidung<\/strong><\/h3>\r\n<\/div>\r\n<\/div>","protected":false},"excerpt":{"rendered":"<p>Marshall produziert Premium Telemetrieprodukte und Zubeh\u00f6r, welches von Falknern weltweit genutzt wird. In den letzten 10 Jahren haben wir intensiv daran gearbeitet den Standard der Radiotelemetrie anzuheben, um ein neues Level von Performance, Design und Sicherheit anbieten zu k\u00f6nnen. Das<span class=\"ellipsis\">&hellip;<\/span><\/p>\n<div class=\"read-more\"><a href=\"https:\/\/marshallradio.com\/eu\/produkte\/?lang=de\">Read more <span class=\"screen-reader-text\">Produkte<\/span><span class=\"meta-nav\"> &#8250;<\/span><\/a><\/div>\n<p><!-- end of .read-more --><\/p>\n","protected":false},"author":1,"featured_media":37663,"parent":0,"menu_order":0,"comment_status":"closed","ping_status":"closed","template":"page-home-template.php","meta":{"_acf_changed":false,"footnotes":""},"class_list":["post-35374","page","type-page","status-publish","has-post-thumbnail","hentry"],"acf":[],"_links":{"self":[{"href":"https:\/\/marshallradio.com\/eu\/wp-json\/wp\/v2\/pages\/35374","targetHints":{"allow":["GET"]}}],"collection":[{"href":"https:\/\/marshallradio.com\/eu\/wp-json\/wp\/v2\/pages"}],"about":[{"href":"https:\/\/marshallradio.com\/eu\/wp-json\/wp\/v2\/types\/page"}],"author":[{"embeddable":true,"href":"https:\/\/marshallradio.com\/eu\/wp-json\/wp\/v2\/users\/1"}],"replies":[{"embeddable":true,"href":"https:\/\/marshallradio.com\/eu\/wp-json\/wp\/v2\/comments?post=35374"}],"version-history":[{"count":14,"href":"https:\/\/marshallradio.com\/eu\/wp-json\/wp\/v2\/pages\/35374\/revisions"}],"predecessor-version":[{"id":37785,"href":"https:\/\/marshallradio.com\/eu\/wp-json\/wp\/v2\/pages\/35374\/revisions\/37785"}],"wp:featuredmedia":[{"embeddable":true,"href":"https:\/\/marshallradio.com\/eu\/wp-json\/wp\/v2\/media\/37663"}],"wp:attachment":[{"href":"https:\/\/marshallradio.com\/eu\/wp-json\/wp\/v2\/media?parent=35374"}],"curies":[{"name":"wp","href":"https:\/\/api.w.org\/{rel}","templated":true}]}}