
{"id":35459,"date":"2019-07-19T18:02:51","date_gmt":"2019-07-19T18:02:51","guid":{"rendered":"http:\/\/marshallradio.com\/eu\/entreprise\/personnes-cles\/"},"modified":"2022-12-20T20:32:29","modified_gmt":"2022-12-20T20:32:29","slug":"personnes-cles","status":"publish","type":"page","link":"https:\/\/marshallradio.com\/eu\/entreprise\/personnes-cles\/?lang=fr","title":{"rendered":"Personnes cl\u00e9s"},"content":{"rendered":"<p>Marshall Radio est responsable de faire avancer les choses, c&#8217;est un groupe de personnes uniques et talentueuses qui s&#8217;amusent \u00e0 faire ce qu&#8217;elles font. Ils travaillent ensemble depuis de nombreuses ann\u00e9es pour cr\u00e9er une synergie unique qui propulse la conception et la production de t\u00e9l\u00e9m\u00e9trie \u00e0 un niveau sup\u00e9rieur.<\/p>\n","protected":false},"excerpt":{"rendered":"<p>Marshall Radio est responsable de faire avancer les choses, c&#8217;est un groupe de personnes uniques et talentueuses qui s&#8217;amusent \u00e0 faire ce qu&#8217;elles font. Ils travaillent ensemble depuis de nombreuses ann\u00e9es pour cr\u00e9er une synergie unique qui propulse la conception<span class=\"ellipsis\">&hellip;<\/span><\/p>\n<div class=\"read-more\"><a href=\"https:\/\/marshallradio.com\/eu\/entreprise\/personnes-cles\/?lang=fr\">Read more <span class=\"screen-reader-text\">Personnes cl\u00e9s<\/span><span class=\"meta-nav\"> &#8250;<\/span><\/a><\/div>\n<p><!-- end of .read-more --><\/p>\n","protected":false},"author":1,"featured_media":34471,"parent":35447,"menu_order":0,"comment_status":"closed","ping_status":"closed","template":"page-keyPeople.php","meta":{"_acf_changed":false,"footnotes":""},"class_list":["post-35459","page","type-page","status-publish","has-post-thumbnail","hentry"],"acf":[],"_links":{"self":[{"href":"https:\/\/marshallradio.com\/eu\/wp-json\/wp\/v2\/pages\/35459","targetHints":{"allow":["GET"]}}],"collection":[{"href":"https:\/\/marshallradio.com\/eu\/wp-json\/wp\/v2\/pages"}],"about":[{"href":"https:\/\/marshallradio.com\/eu\/wp-json\/wp\/v2\/types\/page"}],"author":[{"embeddable":true,"href":"https:\/\/marshallradio.com\/eu\/wp-json\/wp\/v2\/users\/1"}],"replies":[{"embeddable":true,"href":"https:\/\/marshallradio.com\/eu\/wp-json\/wp\/v2\/comments?post=35459"}],"version-history":[{"count":9,"href":"https:\/\/marshallradio.com\/eu\/wp-json\/wp\/v2\/pages\/35459\/revisions"}],"predecessor-version":[{"id":48968,"href":"https:\/\/marshallradio.com\/eu\/wp-json\/wp\/v2\/pages\/35459\/revisions\/48968"}],"up":[{"embeddable":true,"href":"https:\/\/marshallradio.com\/eu\/wp-json\/wp\/v2\/pages\/35447"}],"wp:featuredmedia":[{"embeddable":true,"href":"https:\/\/marshallradio.com\/eu\/wp-json\/wp\/v2\/media\/34471"}],"wp:attachment":[{"href":"https:\/\/marshallradio.com\/eu\/wp-json\/wp\/v2\/media?parent=35459"}],"curies":[{"name":"wp","href":"https:\/\/api.w.org\/{rel}","templated":true}]}}