
{"id":35461,"date":"2019-07-19T18:06:21","date_gmt":"2019-07-19T18:06:21","guid":{"rendered":"http:\/\/marshallradio.com\/eu\/unternehmen\/schlusselpersonen\/"},"modified":"2022-12-20T20:32:57","modified_gmt":"2022-12-20T20:32:57","slug":"schlusselpersonen","status":"publish","type":"page","link":"https:\/\/marshallradio.com\/eu\/unternehmen\/schlusselpersonen\/?lang=de","title":{"rendered":"Schl\u00fcsselpersonen"},"content":{"rendered":"<p>Verantwortlich f\u00fcr die Erledigung der Aufgaben bei Marshall Radio ist eine Gruppe einzigartiger und talentierter Leute, die Spa\u00df daran haben, das zu tun, was sie tun. Sie arbeiten seit vielen Jahren zusammen, um die einzigartige Synergie zu schaffen, die das Design und die Produktion von Telemetrie auf ein neues Niveau bringt.<\/p>\n","protected":false},"excerpt":{"rendered":"<p>Verantwortlich f\u00fcr die Erledigung der Aufgaben bei Marshall Radio ist eine Gruppe einzigartiger und talentierter Leute, die Spa\u00df daran haben, das zu tun, was sie tun. Sie arbeiten seit vielen Jahren zusammen, um die einzigartige Synergie zu schaffen, die das<span class=\"ellipsis\">&hellip;<\/span><\/p>\n<div class=\"read-more\"><a href=\"https:\/\/marshallradio.com\/eu\/unternehmen\/schlusselpersonen\/?lang=de\">Read more <span class=\"screen-reader-text\">Schl\u00fcsselpersonen<\/span><span class=\"meta-nav\"> &#8250;<\/span><\/a><\/div>\n<p><!-- end of .read-more --><\/p>\n","protected":false},"author":1,"featured_media":34472,"parent":35448,"menu_order":0,"comment_status":"closed","ping_status":"closed","template":"page-keyPeople.php","meta":{"_acf_changed":false,"footnotes":""},"class_list":["post-35461","page","type-page","status-publish","has-post-thumbnail","hentry"],"acf":[],"_links":{"self":[{"href":"https:\/\/marshallradio.com\/eu\/wp-json\/wp\/v2\/pages\/35461","targetHints":{"allow":["GET"]}}],"collection":[{"href":"https:\/\/marshallradio.com\/eu\/wp-json\/wp\/v2\/pages"}],"about":[{"href":"https:\/\/marshallradio.com\/eu\/wp-json\/wp\/v2\/types\/page"}],"author":[{"embeddable":true,"href":"https:\/\/marshallradio.com\/eu\/wp-json\/wp\/v2\/users\/1"}],"replies":[{"embeddable":true,"href":"https:\/\/marshallradio.com\/eu\/wp-json\/wp\/v2\/comments?post=35461"}],"version-history":[{"count":8,"href":"https:\/\/marshallradio.com\/eu\/wp-json\/wp\/v2\/pages\/35461\/revisions"}],"predecessor-version":[{"id":48969,"href":"https:\/\/marshallradio.com\/eu\/wp-json\/wp\/v2\/pages\/35461\/revisions\/48969"}],"up":[{"embeddable":true,"href":"https:\/\/marshallradio.com\/eu\/wp-json\/wp\/v2\/pages\/35448"}],"wp:featuredmedia":[{"embeddable":true,"href":"https:\/\/marshallradio.com\/eu\/wp-json\/wp\/v2\/media\/34472"}],"wp:attachment":[{"href":"https:\/\/marshallradio.com\/eu\/wp-json\/wp\/v2\/media?parent=35461"}],"curies":[{"name":"wp","href":"https:\/\/api.w.org\/{rel}","templated":true}]}}