
{"id":35479,"date":"2019-07-19T21:14:31","date_gmt":"2019-07-19T21:14:31","guid":{"rendered":"http:\/\/marshallradio.com\/eu\/spolecnost\/nase-mise\/"},"modified":"2019-11-07T20:15:21","modified_gmt":"2019-11-07T20:15:21","slug":"nase-mise","status":"publish","type":"page","link":"https:\/\/marshallradio.com\/eu\/spolecnost\/nase-mise\/?lang=cs","title":{"rendered":"Na\u0161e mise"},"content":{"rendered":"\n<div style=\"height:20px\" aria-hidden=\"true\" class=\"wp-block-spacer\"><\/div>\n\n\n<p>Na\u0161\u00edm posl\u00e1n\u00edm je dod\u00e1vat nejlep\u0161\u00ed mo\u017en\u00e9 sledovac\u00ed a regenera\u010dn\u00ed syst\u00e9my lovc\u016fm a konkurent\u016fm po cel\u00e9m sv\u011bt\u011b. M\u016f\u017eete m\u00edt jistotu, \u017ee syst\u00e9m Marshall je nejlep\u0161\u00ed, pe\u010dliv\u011b navr\u017een\u00fd a zkonstruovan\u00fd sledovac\u00ed syst\u00e9m, kter\u00fd najdete kdekoli.<\/p>\n<p>Kvalita v telemetrii pro n\u00e1s znamen\u00e1 t\u0159i v\u011bci: spolehlivost, dosah a snadn\u00e9 pou\u017eit\u00ed. Ka\u017ed\u00e1 z nich je d\u016fle\u017eit\u00e1 pro z\u00edsk\u00e1n\u00ed va\u0161eho pt\u00e1ka po lovu. Va\u0161i pt\u00e1ci jsou cenn\u00ed nejen z hlediska pen\u011bz, ale tak\u00e9 z hlediska \u010dasu str\u00e1ven\u00e9ho tr\u00e9ninkem a emo\u010dn\u00ed investice, kterou do nich m\u00e1te. Ch\u00e1peme, \u017ee kdy\u017e je v\u00e1\u0161 pt\u00e1k ztracen, najednou nen\u00ed p\u0159ijateln\u00e9 nic jin\u00e9ho ne\u017e to nejlep\u0161\u00ed.<\/p>\n<p>Marshall Radio Telemetry stav\u00ed sv\u00e9 vys\u00edla\u010de a p\u0159ij\u00edma\u010de podle nejvy\u0161\u0161\u00edch technick\u00fdch standard\u016f a testuje je v nejn\u00e1ro\u010dn\u011bj\u0161\u00edch podm\u00ednk\u00e1ch. Jsme p\u0159esv\u011bd\u010deni, \u017ee je podporujeme t\u0159\u00edletou z\u00e1rukou.<\/p>\n<p>Nezastavujeme se tam. Chceme, aby va\u0161e zku\u0161enost s Marshall Radio Telemetry byla pozitivn\u00ed a byla orientovan\u00e1 na rychl\u00e9 a servisn\u00ed slu\u017eby. Vyzkou\u0161ejte zavol\u00e1n\u00edm na \u010d\u00edslo 1-800-729-7123 v USA (nebo 001-801-936-9000 International), abyste na\u0161li autorizovan\u00e9ho distributora ve va\u0161\u00ed zemi a zjistili, zda v\u00e1m odpov\u011b\u010f neodpov\u00edd\u00e1.<\/p>\n<p>&#8211; David L. Marshall<\/p>","protected":false},"excerpt":{"rendered":"<p>Na\u0161\u00edm posl\u00e1n\u00edm je dod\u00e1vat nejlep\u0161\u00ed mo\u017en\u00e9 sledovac\u00ed a regenera\u010dn\u00ed syst\u00e9my lovc\u016fm a konkurent\u016fm po cel\u00e9m sv\u011bt\u011b. M\u016f\u017eete m\u00edt jistotu, \u017ee syst\u00e9m Marshall je nejlep\u0161\u00ed, pe\u010dliv\u011b navr\u017een\u00fd a zkonstruovan\u00fd sledovac\u00ed syst\u00e9m, kter\u00fd najdete kdekoli. Kvalita v telemetrii pro n\u00e1s znamen\u00e1 t\u0159i<span class=\"ellipsis\">&hellip;<\/span><\/p>\n<div class=\"read-more\"><a href=\"https:\/\/marshallradio.com\/eu\/spolecnost\/nase-mise\/?lang=cs\">Read more <span class=\"screen-reader-text\">Na\u0161e mise<\/span><span class=\"meta-nav\"> &#8250;<\/span><\/a><\/div>\n<p><!-- end of .read-more --><\/p>\n","protected":false},"author":1,"featured_media":38519,"parent":35445,"menu_order":0,"comment_status":"closed","ping_status":"closed","template":"page-home-template.php","meta":{"_acf_changed":false,"footnotes":""},"class_list":["post-35479","page","type-page","status-publish","has-post-thumbnail","hentry"],"acf":[],"_links":{"self":[{"href":"https:\/\/marshallradio.com\/eu\/wp-json\/wp\/v2\/pages\/35479","targetHints":{"allow":["GET"]}}],"collection":[{"href":"https:\/\/marshallradio.com\/eu\/wp-json\/wp\/v2\/pages"}],"about":[{"href":"https:\/\/marshallradio.com\/eu\/wp-json\/wp\/v2\/types\/page"}],"author":[{"embeddable":true,"href":"https:\/\/marshallradio.com\/eu\/wp-json\/wp\/v2\/users\/1"}],"replies":[{"embeddable":true,"href":"https:\/\/marshallradio.com\/eu\/wp-json\/wp\/v2\/comments?post=35479"}],"version-history":[{"count":2,"href":"https:\/\/marshallradio.com\/eu\/wp-json\/wp\/v2\/pages\/35479\/revisions"}],"predecessor-version":[{"id":38543,"href":"https:\/\/marshallradio.com\/eu\/wp-json\/wp\/v2\/pages\/35479\/revisions\/38543"}],"up":[{"embeddable":true,"href":"https:\/\/marshallradio.com\/eu\/wp-json\/wp\/v2\/pages\/35445"}],"wp:featuredmedia":[{"embeddable":true,"href":"https:\/\/marshallradio.com\/eu\/wp-json\/wp\/v2\/media\/38519"}],"wp:attachment":[{"href":"https:\/\/marshallradio.com\/eu\/wp-json\/wp\/v2\/media?parent=35479"}],"curies":[{"name":"wp","href":"https:\/\/api.w.org\/{rel}","templated":true}]}}