
{"id":35483,"date":"2019-07-19T21:15:55","date_gmt":"2019-07-19T21:15:55","guid":{"rendered":"http:\/\/marshallradio.com\/eu\/entreprise\/notre-mission\/"},"modified":"2019-11-07T20:16:18","modified_gmt":"2019-11-07T20:16:18","slug":"notre-mission","status":"publish","type":"page","link":"https:\/\/marshallradio.com\/eu\/entreprise\/notre-mission\/?lang=fr","title":{"rendered":"Notre mission"},"content":{"rendered":"\n<div style=\"height:20px\" aria-hidden=\"true\" class=\"wp-block-spacer\"><\/div>\n<p>Notre mission est de fournir les meilleurs syst\u00e8mes de rep\u00e9rage et de r\u00e9cup\u00e9ration possibles aux chasseurs et aux concurrents du monde entier. Vous pouvez \u00eatre assur\u00e9 que le syst\u00e8me Marshall est le meilleur syst\u00e8me de suivi que vous trouverez partout.<\/p>\n<p>Pour nous, la qualit\u00e9 de la t\u00e9l\u00e9m\u00e9trie signifie trois choses: fiabilit\u00e9, port\u00e9e et facilit\u00e9 d\u2019utilisation. Chacun de ceux-ci est important pour r\u00e9cup\u00e9rer votre oiseau apr\u00e8s la chasse. Vos oiseaux sont pr\u00e9cieux non seulement en termes d\u2019argent, mais \u00e9galement en termes de temps consacr\u00e9 \u00e0 l\u2019entra\u00eenement et \u00e0 l\u2019investissement \u00e9motionnel que vous y consacrez. Nous comprenons que lorsque votre oiseau est perdu, tout \u00e0 coup, seul le meilleur est acceptable.<\/p>\n<p>Marshall Radio Telemetry construit ses \u00e9metteurs et r\u00e9cepteurs selon les normes techniques les plus strictes et les teste dans les conditions les plus exigeantes. Nous sommes suffisamment confiants pour leur garantir une garantie de trois ans.<\/p>\n<p>Nous ne nous arr\u00eatons pas l\u00e0. Nous souhaitons rendre votre exp\u00e9rience avec Marshall Radio Telemetry positive en \u00e9tant rapide et orient\u00e9e service. Essayez-nous en appelant le 1-800-729-7123 aux \u00c9tats-Unis (ou le 001-801-936-9000 International) pour trouver un distributeur agr\u00e9\u00e9 dans votre pays et voir si vous n&#8217;\u00eates pas satisfait de la r\u00e9ponse.<\/p>\n<p>&#8211; David L. Marshall<\/p>\n","protected":false},"excerpt":{"rendered":"<p>Notre mission est de fournir les meilleurs syst\u00e8mes de rep\u00e9rage et de r\u00e9cup\u00e9ration possibles aux chasseurs et aux concurrents du monde entier. Vous pouvez \u00eatre assur\u00e9 que le syst\u00e8me Marshall est le meilleur syst\u00e8me de suivi que vous trouverez partout.<span class=\"ellipsis\">&hellip;<\/span><\/p>\n<div class=\"read-more\"><a href=\"https:\/\/marshallradio.com\/eu\/entreprise\/notre-mission\/?lang=fr\">Read more <span class=\"screen-reader-text\">Notre mission<\/span><span class=\"meta-nav\"> &#8250;<\/span><\/a><\/div>\n<p><!-- end of .read-more --><\/p>\n","protected":false},"author":1,"featured_media":38521,"parent":35447,"menu_order":0,"comment_status":"closed","ping_status":"closed","template":"page-home-template.php","meta":{"_acf_changed":false,"footnotes":""},"class_list":["post-35483","page","type-page","status-publish","has-post-thumbnail","hentry"],"acf":[],"_links":{"self":[{"href":"https:\/\/marshallradio.com\/eu\/wp-json\/wp\/v2\/pages\/35483","targetHints":{"allow":["GET"]}}],"collection":[{"href":"https:\/\/marshallradio.com\/eu\/wp-json\/wp\/v2\/pages"}],"about":[{"href":"https:\/\/marshallradio.com\/eu\/wp-json\/wp\/v2\/types\/page"}],"author":[{"embeddable":true,"href":"https:\/\/marshallradio.com\/eu\/wp-json\/wp\/v2\/users\/1"}],"replies":[{"embeddable":true,"href":"https:\/\/marshallradio.com\/eu\/wp-json\/wp\/v2\/comments?post=35483"}],"version-history":[{"count":1,"href":"https:\/\/marshallradio.com\/eu\/wp-json\/wp\/v2\/pages\/35483\/revisions"}],"predecessor-version":[{"id":35484,"href":"https:\/\/marshallradio.com\/eu\/wp-json\/wp\/v2\/pages\/35483\/revisions\/35484"}],"up":[{"embeddable":true,"href":"https:\/\/marshallradio.com\/eu\/wp-json\/wp\/v2\/pages\/35447"}],"wp:featuredmedia":[{"embeddable":true,"href":"https:\/\/marshallradio.com\/eu\/wp-json\/wp\/v2\/media\/38521"}],"wp:attachment":[{"href":"https:\/\/marshallradio.com\/eu\/wp-json\/wp\/v2\/media?parent=35483"}],"curies":[{"name":"wp","href":"https:\/\/api.w.org\/{rel}","templated":true}]}}