
{"id":35487,"date":"2019-07-19T21:17:30","date_gmt":"2019-07-19T21:17:30","guid":{"rendered":"http:\/\/marshallradio.com\/eu\/azienda\/la-nostra-missione\/"},"modified":"2019-11-07T20:16:42","modified_gmt":"2019-11-07T20:16:42","slug":"la-nostra-missione","status":"publish","type":"page","link":"https:\/\/marshallradio.com\/eu\/azienda\/la-nostra-missione\/?lang=it","title":{"rendered":"La nostra missione"},"content":{"rendered":"\n<div style=\"height:20px\" aria-hidden=\"true\" class=\"wp-block-spacer\"><\/div>\n<p>La nostra missione \u00e8 fornire i migliori sistemi di monitoraggio e recupero ai cacciatori e ai concorrenti di tutto il mondo. Puoi avere la certezza che il sistema Marshall \u00e8 il sistema di tracciamento migliore, progettato con cura e progettato che troverai ovunque.<\/p>\n<p>La qualit\u00e0 della telemetria per noi significa tre cose: affidabilit\u00e0, autonomia e facilit\u00e0 d&#8217;uso. Ognuno di questi \u00e8 importante per riportare il tuo uccello dopo la caccia. I tuoi uccelli sono preziosi non solo in termini di denaro, ma anche in termini di tempo dedicato alla formazione e all&#8217;investimento emotivo che hai in loro. Comprendiamo che quando il tuo uccello si perde, all&#8217;improvviso solo il meglio \u00e8 accettabile.<\/p>\n<p>Marshall Radio Telemetry costruisce i suoi trasmettitori e ricevitori ai pi\u00f9 alti standard tecnici e li testa nelle condizioni pi\u00f9 difficili. Siamo abbastanza fiduciosi da sostenerli con una garanzia di tre anni.<\/p>\n<p>Non ci fermiamo qui. Vogliamo rendere positiva la tua esperienza con Marshall Radio Telemetry, essendo puntuale e orientato al servizio. Provaci chiamando il numero 1-800-729-7123 negli Stati Uniti (o 001-801-936-9000 International) per trovare un distributore autorizzato nel tuo paese e vedere se non sei soddisfatto della risposta.<\/p>\n<p>&#8211; David L. Marshall<\/p>\n","protected":false},"excerpt":{"rendered":"<p>La nostra missione \u00e8 fornire i migliori sistemi di monitoraggio e recupero ai cacciatori e ai concorrenti di tutto il mondo. Puoi avere la certezza che il sistema Marshall \u00e8 il sistema di tracciamento migliore, progettato con cura e progettato<span class=\"ellipsis\">&hellip;<\/span><\/p>\n<div class=\"read-more\"><a href=\"https:\/\/marshallradio.com\/eu\/azienda\/la-nostra-missione\/?lang=it\">Read more <span class=\"screen-reader-text\">La nostra missione<\/span><span class=\"meta-nav\"> &#8250;<\/span><\/a><\/div>\n<p><!-- end of .read-more --><\/p>\n","protected":false},"author":1,"featured_media":38523,"parent":35449,"menu_order":0,"comment_status":"closed","ping_status":"closed","template":"page-home-template.php","meta":{"_acf_changed":false,"footnotes":""},"class_list":["post-35487","page","type-page","status-publish","has-post-thumbnail","hentry"],"acf":[],"_links":{"self":[{"href":"https:\/\/marshallradio.com\/eu\/wp-json\/wp\/v2\/pages\/35487","targetHints":{"allow":["GET"]}}],"collection":[{"href":"https:\/\/marshallradio.com\/eu\/wp-json\/wp\/v2\/pages"}],"about":[{"href":"https:\/\/marshallradio.com\/eu\/wp-json\/wp\/v2\/types\/page"}],"author":[{"embeddable":true,"href":"https:\/\/marshallradio.com\/eu\/wp-json\/wp\/v2\/users\/1"}],"replies":[{"embeddable":true,"href":"https:\/\/marshallradio.com\/eu\/wp-json\/wp\/v2\/comments?post=35487"}],"version-history":[{"count":1,"href":"https:\/\/marshallradio.com\/eu\/wp-json\/wp\/v2\/pages\/35487\/revisions"}],"predecessor-version":[{"id":35488,"href":"https:\/\/marshallradio.com\/eu\/wp-json\/wp\/v2\/pages\/35487\/revisions\/35488"}],"up":[{"embeddable":true,"href":"https:\/\/marshallradio.com\/eu\/wp-json\/wp\/v2\/pages\/35449"}],"wp:featuredmedia":[{"embeddable":true,"href":"https:\/\/marshallradio.com\/eu\/wp-json\/wp\/v2\/media\/38523"}],"wp:attachment":[{"href":"https:\/\/marshallradio.com\/eu\/wp-json\/wp\/v2\/media?parent=35487"}],"curies":[{"name":"wp","href":"https:\/\/api.w.org\/{rel}","templated":true}]}}