
{"id":35489,"date":"2019-07-19T21:18:13","date_gmt":"2019-07-19T21:18:13","guid":{"rendered":"http:\/\/marshallradio.com\/eu\/empresa\/la-nostra-missione\/"},"modified":"2019-11-08T20:04:34","modified_gmt":"2019-11-08T20:04:34","slug":"la-nostra-missione","status":"publish","type":"page","link":"https:\/\/marshallradio.com\/eu\/empresa\/la-nostra-missione\/?lang=es","title":{"rendered":"Nuestra misi\u00f3n"},"content":{"rendered":"\n<div style=\"height:20px\" aria-hidden=\"true\" class=\"wp-block-spacer\"><\/div>\n<p>Nuestra misi\u00f3n es proporcionar los mejores sistemas de seguimiento y recuperaci\u00f3n posibles a los cazadores y competidores de todo el mundo. Puede confiar en que el sistema Marshall es el mejor, m\u00e1s cuidadosamente dise\u00f1ado y dise\u00f1ado sistema de rastreo que encontrar\u00e1 en cualquier lugar.<\/p>\n<p>La calidad en telemetr\u00eda para nosotros significa tres cosas: confiabilidad, alcance y facilidad de uso. Cada uno de estos es importante para recuperar a tu p\u00e1jaro despu\u00e9s de la caza. Sus p\u00e1jaros son valiosos no solo en t\u00e9rminos de dinero, sino tambi\u00e9n en t\u00e9rminos del tiempo dedicado al entrenamiento y la inversi\u00f3n emocional que tiene en ellos. Entendemos que cuando su p\u00e1jaro se pierde, de repente nada m\u00e1s que lo mejor es aceptable.<\/p>\n<p>Marshall Radio Telemetry construye sus transmisores y receptores con los m\u00e1s altos est\u00e1ndares t\u00e9cnicos y los prueba en las condiciones m\u00e1s exigentes. Estamos seguros de que los respaldamos con una garant\u00eda de tres a\u00f1os.<\/p>\n<p>No nos detenemos ah\u00ed. Queremos que su experiencia con Marshall Radio Telemetry sea positiva al ser r\u00e1pida y orientada al servicio. Pru\u00e9belos llamando al 1-800-729-7123 dentro de los EE. UU. (O al 001-801-936-9000 internacional) para encontrar un distribuidor autorizado en su pa\u00eds y ver si no est\u00e1 satisfecho con la respuesta.<\/p>\n<p>\u2013 David L. Marshall<\/p>\n","protected":false},"excerpt":{"rendered":"<p>Nuestra misi\u00f3n es proporcionar los mejores sistemas de seguimiento y recuperaci\u00f3n posibles a los cazadores y competidores de todo el mundo. Puede confiar en que el sistema Marshall es el mejor, m\u00e1s cuidadosamente dise\u00f1ado y dise\u00f1ado sistema de rastreo que<span class=\"ellipsis\">&hellip;<\/span><\/p>\n<div class=\"read-more\"><a href=\"https:\/\/marshallradio.com\/eu\/empresa\/la-nostra-missione\/?lang=es\">Read more <span class=\"screen-reader-text\">Nuestra misi\u00f3n<\/span><span class=\"meta-nav\"> &#8250;<\/span><\/a><\/div>\n<p><!-- end of .read-more --><\/p>\n","protected":false},"author":1,"featured_media":38524,"parent":35450,"menu_order":0,"comment_status":"closed","ping_status":"closed","template":"page-home-template.php","meta":{"_acf_changed":false,"footnotes":""},"class_list":["post-35489","page","type-page","status-publish","has-post-thumbnail","hentry"],"acf":[],"_links":{"self":[{"href":"https:\/\/marshallradio.com\/eu\/wp-json\/wp\/v2\/pages\/35489","targetHints":{"allow":["GET"]}}],"collection":[{"href":"https:\/\/marshallradio.com\/eu\/wp-json\/wp\/v2\/pages"}],"about":[{"href":"https:\/\/marshallradio.com\/eu\/wp-json\/wp\/v2\/types\/page"}],"author":[{"embeddable":true,"href":"https:\/\/marshallradio.com\/eu\/wp-json\/wp\/v2\/users\/1"}],"replies":[{"embeddable":true,"href":"https:\/\/marshallradio.com\/eu\/wp-json\/wp\/v2\/comments?post=35489"}],"version-history":[{"count":13,"href":"https:\/\/marshallradio.com\/eu\/wp-json\/wp\/v2\/pages\/35489\/revisions"}],"predecessor-version":[{"id":38574,"href":"https:\/\/marshallradio.com\/eu\/wp-json\/wp\/v2\/pages\/35489\/revisions\/38574"}],"up":[{"embeddable":true,"href":"https:\/\/marshallradio.com\/eu\/wp-json\/wp\/v2\/pages\/35450"}],"wp:featuredmedia":[{"embeddable":true,"href":"https:\/\/marshallradio.com\/eu\/wp-json\/wp\/v2\/media\/38524"}],"wp:attachment":[{"href":"https:\/\/marshallradio.com\/eu\/wp-json\/wp\/v2\/media?parent=35489"}],"curies":[{"name":"wp","href":"https:\/\/api.w.org\/{rel}","templated":true}]}}