
{"id":35491,"date":"2019-07-19T21:19:17","date_gmt":"2019-07-19T21:19:17","guid":{"rendered":"http:\/\/marshallradio.com\/eu\/spolecnost\/navstivte-marshall-radio\/"},"modified":"2019-11-08T19:21:18","modified_gmt":"2019-11-08T19:21:18","slug":"navstivte-marshall-radio","status":"publish","type":"page","link":"https:\/\/marshallradio.com\/eu\/spolecnost\/navstivte-marshall-radio\/?lang=cs","title":{"rendered":"Nav\u0161tivte Marshall Radio"},"content":{"rendered":"\n<p\/>\n\n<div class=\"wp-block-columns has-2-columns is-layout-flex wp-container-core-columns-is-layout-9d6595d7 wp-block-columns-is-layout-flex\">\n<div class=\"wp-block-column is-layout-flow wp-block-column-is-layout-flow\">\n<p>Marshall Radio se s\u00eddlem v Salt Lake City v Utahu je spole\u010dnost zab\u00fdvaj\u00edc\u00ed se n\u00e1vrhem a v\u00fdrobou pr\u00e9miov\u00e9ho telemetrick\u00e9ho za\u0159\u00edzen\u00ed pro sledov\u00e1n\u00ed a regeneraci.<\/p>\n\n\n\n<p>Marshall Z\u00e1kazn\u00edci, kte\u0159\u00ed n\u00e1s cht\u011bj\u00ed nav\u0161t\u00edvit v oblasti nebo jen proch\u00e1zet, jsou vyzv\u00e1ni k prohl\u00eddce za\u0159\u00edzen\u00ed. Zjist\u011bte si, jak jsou v\u00fdrobky pe\u010dliv\u011b sestavov\u00e1ny, prohl\u00e9dn\u011bte si na\u0161i ekologickou zku\u0161ebn\u00ed komoru a Farradayovu klec, prohl\u00e9dn\u011bte si prodejnu stroj\u016f a jej\u00ed nov\u00fd $ 1M horizont\u00e1ln\u00ed koncov\u00fd ml\u00fdn, kde jsou takov\u00e9 komplikovan\u00e9 p\u0159\u00edpady, a setkejte se se v\u0161emi lidmi zde v Marshall Radio.<\/p>\n\n\n\n<p>Snadn\u00fd p\u0159\u00edstup z I-215 severn\u011b od leti\u0161t\u011b, sje\u010fte z Redwood Road a p\u0159ije\u010fte na sever k ulici Street, a my jsme jeden blok severoz\u00e1padn\u011b. Sta\u010d\u00ed zavolat a dejte n\u00e1m v\u011bd\u011bt, a\u017e budete ve m\u011bst\u011b.<\/p>\n<\/div>\n\n\n\n<div class=\"wp-block-column is-layout-flow wp-block-column-is-layout-flow\"><div class=\"embed-container\"><iframe loading=\"lazy\" style=\"border: 0;\" src=\"https:\/\/www.google.com\/maps\/embed?pb=!1m18!1m12!1m3!1d28705.531388233703!2d-111.93154168418526!3d40.86534924660513!2m3!1f0!2f0!3f0!3m2!1i1024!2i768!4f13.1!3m3!1m2!1s0x8752f6df8466d797%3A0x93ccf53cd697ca5b!2sMarshall+Radio+Telemetry!5e0!3m2!1sen!2sus!4v1560380601094!5m2!1sen!2sus\" width=\"600\" height=\"450\" frameborder=\"0\" allowfullscreen=\"allowfullscreen\"><\/iframe><\/div><\/div>\n<\/div>\n","protected":false},"excerpt":{"rendered":"<p>Marshall Radio se s\u00eddlem v Salt Lake City v Utahu je spole\u010dnost zab\u00fdvaj\u00edc\u00ed se n\u00e1vrhem a v\u00fdrobou pr\u00e9miov\u00e9ho telemetrick\u00e9ho za\u0159\u00edzen\u00ed pro sledov\u00e1n\u00ed a regeneraci. Marshall Z\u00e1kazn\u00edci, kte\u0159\u00ed n\u00e1s cht\u011bj\u00ed nav\u0161t\u00edvit v oblasti nebo jen proch\u00e1zet, jsou vyzv\u00e1ni k prohl\u00eddce za\u0159\u00edzen\u00ed.<span class=\"ellipsis\">&hellip;<\/span><\/p>\n<div class=\"read-more\"><a href=\"https:\/\/marshallradio.com\/eu\/spolecnost\/navstivte-marshall-radio\/?lang=cs\">Read more <span class=\"screen-reader-text\">Nav\u0161tivte Marshall Radio<\/span><span class=\"meta-nav\"> &#8250;<\/span><\/a><\/div>\n<p><!-- end of .read-more --><\/p>\n","protected":false},"author":1,"featured_media":38530,"parent":35445,"menu_order":0,"comment_status":"closed","ping_status":"closed","template":"page-home-template.php","meta":{"_acf_changed":false,"footnotes":""},"class_list":["post-35491","page","type-page","status-publish","has-post-thumbnail","hentry"],"acf":[],"_links":{"self":[{"href":"https:\/\/marshallradio.com\/eu\/wp-json\/wp\/v2\/pages\/35491","targetHints":{"allow":["GET"]}}],"collection":[{"href":"https:\/\/marshallradio.com\/eu\/wp-json\/wp\/v2\/pages"}],"about":[{"href":"https:\/\/marshallradio.com\/eu\/wp-json\/wp\/v2\/types\/page"}],"author":[{"embeddable":true,"href":"https:\/\/marshallradio.com\/eu\/wp-json\/wp\/v2\/users\/1"}],"replies":[{"embeddable":true,"href":"https:\/\/marshallradio.com\/eu\/wp-json\/wp\/v2\/comments?post=35491"}],"version-history":[{"count":2,"href":"https:\/\/marshallradio.com\/eu\/wp-json\/wp\/v2\/pages\/35491\/revisions"}],"predecessor-version":[{"id":38566,"href":"https:\/\/marshallradio.com\/eu\/wp-json\/wp\/v2\/pages\/35491\/revisions\/38566"}],"up":[{"embeddable":true,"href":"https:\/\/marshallradio.com\/eu\/wp-json\/wp\/v2\/pages\/35445"}],"wp:featuredmedia":[{"embeddable":true,"href":"https:\/\/marshallradio.com\/eu\/wp-json\/wp\/v2\/media\/38530"}],"wp:attachment":[{"href":"https:\/\/marshallradio.com\/eu\/wp-json\/wp\/v2\/media?parent=35491"}],"curies":[{"name":"wp","href":"https:\/\/api.w.org\/{rel}","templated":true}]}}