
{"id":35495,"date":"2019-07-19T21:20:08","date_gmt":"2019-07-19T21:20:08","guid":{"rendered":"http:\/\/marshallradio.com\/eu\/entreprise\/visitez-marshall-radio\/"},"modified":"2019-11-08T19:22:34","modified_gmt":"2019-11-08T19:22:34","slug":"visitez-marshall-radio","status":"publish","type":"page","link":"https:\/\/marshallradio.com\/eu\/entreprise\/visitez-marshall-radio\/?lang=fr","title":{"rendered":"Visitez Marshall Radio"},"content":{"rendered":"\n<p\/>\n\n<div class=\"wp-block-columns has-2-columns is-layout-flex wp-container-core-columns-is-layout-9d6595d7 wp-block-columns-is-layout-flex\">\n<div class=\"wp-block-column is-layout-flow wp-block-column-is-layout-flow\">\n<p>Bas\u00e9e \u00e0 Salt Lake City, dans l\u2019Utah, Marshall Radio est une soci\u00e9t\u00e9 d\u00e9di\u00e9e \u00e0 la conception et \u00e0 la production d\u2019\u00e9quipements de t\u00e9l\u00e9m\u00e9trie haut de gamme destin\u00e9s au suivi et \u00e0 la r\u00e9cup\u00e9ration.<\/p>\n\n\n\n<p>Les clients Marshall souhaitant nous rendre visite dans la r\u00e9gion ou tout simplement en voyage sont invit\u00e9s \u00e0 visiter les installations. D\u00e9couvrez comment les produits sont soigneusement assembl\u00e9s, examinez notre chambre d&#8217;essais environnementaux et notre cage Farraday, visitez l&#8217;atelier d&#8217;usinage et son nouvel outil de fraisage horizontal de 1 M $ o\u00f9 sont fabriqu\u00e9s de tels cas complexes, et rencontrez tous les gens ici \u00e0 Marshall Radio.<\/p>\n\n\n\n<p>Acc\u00e8s facile par l\u2019I-215 nord de l\u2019a\u00e9roport, prenez la sortie Redwood Road et dirigez-vous vers le nord en direction de Center Street. Nous sommes \u00e0 un p\u00e2t\u00e9 de maisons au nord-ouest. Il suffit de t\u00e9l\u00e9phoner pour que nous sachions quand vous serez en ville.<\/p>\n<\/div>\n\n\n\n<div class=\"wp-block-column is-layout-flow wp-block-column-is-layout-flow\"><div class=\"embed-container\"><iframe loading=\"lazy\" src=\"https:\/\/www.google.com\/maps\/embed?pb=!1m18!1m12!1m3!1d28705.531388233703!2d-111.93154168418526!3d40.86534924660513!2m3!1f0!2f0!3f0!3m2!1i1024!2i768!4f13.1!3m3!1m2!1s0x8752f6df8466d797%3A0x93ccf53cd697ca5b!2sMarshall+Radio+Telemetry!5e0!3m2!1sen!2sus!4v1560380601094!5m2!1sen!2sus\" width=\"600\" height=\"450\" frameborder=\"0\" style=\"border:0\" allowfullscreen=\"\"><\/iframe><\/div>\r\n<\/div>\n<\/div>\n","protected":false},"excerpt":{"rendered":"<p>Bas\u00e9e \u00e0 Salt Lake City, dans l\u2019Utah, Marshall Radio est une soci\u00e9t\u00e9 d\u00e9di\u00e9e \u00e0 la conception et \u00e0 la production d\u2019\u00e9quipements de t\u00e9l\u00e9m\u00e9trie haut de gamme destin\u00e9s au suivi et \u00e0 la r\u00e9cup\u00e9ration. Les clients Marshall souhaitant nous rendre visite<span class=\"ellipsis\">&hellip;<\/span><\/p>\n<div class=\"read-more\"><a href=\"https:\/\/marshallradio.com\/eu\/entreprise\/visitez-marshall-radio\/?lang=fr\">Read more <span class=\"screen-reader-text\">Visitez Marshall Radio<\/span><span class=\"meta-nav\"> &#8250;<\/span><\/a><\/div>\n<p><!-- end of .read-more --><\/p>\n","protected":false},"author":1,"featured_media":38532,"parent":35447,"menu_order":0,"comment_status":"closed","ping_status":"closed","template":"page-home-template.php","meta":{"_acf_changed":false,"footnotes":""},"class_list":["post-35495","page","type-page","status-publish","has-post-thumbnail","hentry"],"acf":[],"_links":{"self":[{"href":"https:\/\/marshallradio.com\/eu\/wp-json\/wp\/v2\/pages\/35495","targetHints":{"allow":["GET"]}}],"collection":[{"href":"https:\/\/marshallradio.com\/eu\/wp-json\/wp\/v2\/pages"}],"about":[{"href":"https:\/\/marshallradio.com\/eu\/wp-json\/wp\/v2\/types\/page"}],"author":[{"embeddable":true,"href":"https:\/\/marshallradio.com\/eu\/wp-json\/wp\/v2\/users\/1"}],"replies":[{"embeddable":true,"href":"https:\/\/marshallradio.com\/eu\/wp-json\/wp\/v2\/comments?post=35495"}],"version-history":[{"count":2,"href":"https:\/\/marshallradio.com\/eu\/wp-json\/wp\/v2\/pages\/35495\/revisions"}],"predecessor-version":[{"id":38568,"href":"https:\/\/marshallradio.com\/eu\/wp-json\/wp\/v2\/pages\/35495\/revisions\/38568"}],"up":[{"embeddable":true,"href":"https:\/\/marshallradio.com\/eu\/wp-json\/wp\/v2\/pages\/35447"}],"wp:featuredmedia":[{"embeddable":true,"href":"https:\/\/marshallradio.com\/eu\/wp-json\/wp\/v2\/media\/38532"}],"wp:attachment":[{"href":"https:\/\/marshallradio.com\/eu\/wp-json\/wp\/v2\/media?parent=35495"}],"curies":[{"name":"wp","href":"https:\/\/api.w.org\/{rel}","templated":true}]}}