
{"id":35497,"date":"2019-07-19T21:20:37","date_gmt":"2019-07-19T21:20:37","guid":{"rendered":"http:\/\/marshallradio.com\/eu\/unternehmen\/besuchen-sie-marshall-radio\/"},"modified":"2019-11-08T19:23:09","modified_gmt":"2019-11-08T19:23:09","slug":"besuchen-sie-marshall-radio","status":"publish","type":"page","link":"https:\/\/marshallradio.com\/eu\/unternehmen\/besuchen-sie-marshall-radio\/?lang=de","title":{"rendered":"Besuchen Sie Marshall Radio"},"content":{"rendered":"\n<p\/>\n\n<div class=\"wp-block-columns has-2-columns is-layout-flex wp-container-core-columns-is-layout-9d6595d7 wp-block-columns-is-layout-flex\">\n<div class=\"wp-block-column is-layout-flow wp-block-column-is-layout-flow\">\n<p>Marshall Radio mit Sitz in Salt Lake City, Utah, ist ein Unternehmen, das sich der Entwicklung und Produktion von Premium-Telemetrieger\u00e4ten zur Ortung und Wiederherstellung widmet.<\/p>\n\n\n\n<p>Marshall Kunden, die uns besuchen m\u00f6chten, w\u00e4hrend sie in der Gegend sind oder nur durch die Gegend reisen, sind eingeladen, die Einrichtungen zu besichtigen. Finden Sie aus erster Hand heraus, wie die Produkte sorgf\u00e4ltig zusammengebaut werden, untersuchen Sie unsere Umweltpr\u00fcfkammer und den Farraday-K\u00e4fig, sehen Sie sich die Maschinenwerkstatt und den neuen 1 Mio. USD teuren Horizontal-Schaftfr\u00e4ser an, in dem so komplizierte Geh\u00e4use hergestellt werden, und treffen Sie alle Leute hier bei Marshall Radio.<\/p>\n\n\n\n<p>Einfacher Zugang von der I-215 n\u00f6rdlich des Flughafens, nehmen Sie die Ausfahrt Redwood Road und fahren Sie in n\u00f6rdlicher Richtung zur Center Street. Wir befinden uns einen Block nordwestlich. Rufen Sie einfach im Voraus an und teilen Sie uns mit, wann Sie in der Stadt sind.<\/p>\n<\/div>\n\n\n\n<div class=\"wp-block-column is-layout-flow wp-block-column-is-layout-flow\"><div class=\"embed-container\"><iframe loading=\"lazy\" src=\"https:\/\/www.google.com\/maps\/embed?pb=!1m18!1m12!1m3!1d28705.531388233703!2d-111.93154168418526!3d40.86534924660513!2m3!1f0!2f0!3f0!3m2!1i1024!2i768!4f13.1!3m3!1m2!1s0x8752f6df8466d797%3A0x93ccf53cd697ca5b!2sMarshall+Radio+Telemetry!5e0!3m2!1sen!2sus!4v1560380601094!5m2!1sen!2sus\" width=\"600\" height=\"450\" frameborder=\"0\" style=\"border:0\" allowfullscreen=\"\"><\/iframe><\/div>\r\n<\/div>\n<\/div>\n","protected":false},"excerpt":{"rendered":"<p>Marshall Radio mit Sitz in Salt Lake City, Utah, ist ein Unternehmen, das sich der Entwicklung und Produktion von Premium-Telemetrieger\u00e4ten zur Ortung und Wiederherstellung widmet. Marshall Kunden, die uns besuchen m\u00f6chten, w\u00e4hrend sie in der Gegend sind oder nur durch<span class=\"ellipsis\">&hellip;<\/span><\/p>\n<div class=\"read-more\"><a href=\"https:\/\/marshallradio.com\/eu\/unternehmen\/besuchen-sie-marshall-radio\/?lang=de\">Read more <span class=\"screen-reader-text\">Besuchen Sie Marshall Radio<\/span><span class=\"meta-nav\"> &#8250;<\/span><\/a><\/div>\n<p><!-- end of .read-more --><\/p>\n","protected":false},"author":1,"featured_media":38533,"parent":35448,"menu_order":0,"comment_status":"closed","ping_status":"closed","template":"page-home-template.php","meta":{"_acf_changed":false,"footnotes":""},"class_list":["post-35497","page","type-page","status-publish","has-post-thumbnail","hentry"],"acf":[],"_links":{"self":[{"href":"https:\/\/marshallradio.com\/eu\/wp-json\/wp\/v2\/pages\/35497","targetHints":{"allow":["GET"]}}],"collection":[{"href":"https:\/\/marshallradio.com\/eu\/wp-json\/wp\/v2\/pages"}],"about":[{"href":"https:\/\/marshallradio.com\/eu\/wp-json\/wp\/v2\/types\/page"}],"author":[{"embeddable":true,"href":"https:\/\/marshallradio.com\/eu\/wp-json\/wp\/v2\/users\/1"}],"replies":[{"embeddable":true,"href":"https:\/\/marshallradio.com\/eu\/wp-json\/wp\/v2\/comments?post=35497"}],"version-history":[{"count":2,"href":"https:\/\/marshallradio.com\/eu\/wp-json\/wp\/v2\/pages\/35497\/revisions"}],"predecessor-version":[{"id":38569,"href":"https:\/\/marshallradio.com\/eu\/wp-json\/wp\/v2\/pages\/35497\/revisions\/38569"}],"up":[{"embeddable":true,"href":"https:\/\/marshallradio.com\/eu\/wp-json\/wp\/v2\/pages\/35448"}],"wp:featuredmedia":[{"embeddable":true,"href":"https:\/\/marshallradio.com\/eu\/wp-json\/wp\/v2\/media\/38533"}],"wp:attachment":[{"href":"https:\/\/marshallradio.com\/eu\/wp-json\/wp\/v2\/media?parent=35497"}],"curies":[{"name":"wp","href":"https:\/\/api.w.org\/{rel}","templated":true}]}}