
{"id":35501,"date":"2019-07-19T21:21:22","date_gmt":"2019-07-19T21:21:22","guid":{"rendered":"http:\/\/marshallradio.com\/eu\/empresa\/visita-marshall-radio\/"},"modified":"2019-11-08T19:24:29","modified_gmt":"2019-11-08T19:24:29","slug":"visita-marshall-radio","status":"publish","type":"page","link":"https:\/\/marshallradio.com\/eu\/empresa\/visita-marshall-radio\/?lang=es","title":{"rendered":"Visita Marshall Radio"},"content":{"rendered":"\n<p\/>\n\n<div class=\"wp-block-columns has-2-columns is-layout-flex wp-container-core-columns-is-layout-9d6595d7 wp-block-columns-is-layout-flex\">\n<div class=\"wp-block-column is-layout-flow wp-block-column-is-layout-flow\">\n<p>Con sede en Salt Lake City, Utah, Marshall Radio es una empresa dedicada al dise\u00f1o y producci\u00f3n de equipos de telemetr\u00eda premium para el seguimiento y la recuperaci\u00f3n.<\/p>\n\n\n\n<p>Los clientes de Marshall que desean visitarnos mientras est\u00e1n en el \u00e1rea o simplemente viajan a trav\u00e9s de las instalaciones son invitados. Descubra de primera mano c\u00f3mo se ensamblan cuidadosamente los productos, examine nuestra c\u00e1mara de pruebas ambientales y la jaula de Farraday, vea el taller de m\u00e1quinas y su nuevo molino de extremo horizontal de $ 1M donde se fabrican tales casos intrincados, y conozca a todas las personas aqu\u00ed en Marshall Radio.<\/p>\n\n\n\n<p>F\u00e1cil acceso desde la I-215 al norte del aeropuerto, tome la salida de Redwood Road y dir\u00edjase hacia el norte hasta Center Street, y estamos a una cuadra al noroeste. Simplemente llame con anticipaci\u00f3n para informarnos cu\u00e1ndo estar\u00e1 en la ciudad.<\/p>\n<\/div>\n\n\n\n<div class=\"wp-block-column is-layout-flow wp-block-column-is-layout-flow\"><div class=\"embed-container\"><iframe loading=\"lazy\" src=\"https:\/\/www.google.com\/maps\/embed?pb=!1m18!1m12!1m3!1d28705.531388233703!2d-111.93154168418526!3d40.86534924660513!2m3!1f0!2f0!3f0!3m2!1i1024!2i768!4f13.1!3m3!1m2!1s0x8752f6df8466d797%3A0x93ccf53cd697ca5b!2sMarshall+Radio+Telemetry!5e0!3m2!1sen!2sus!4v1560380601094!5m2!1sen!2sus\" width=\"600\" height=\"450\" frameborder=\"0\" style=\"border:0\" allowfullscreen=\"\"><\/iframe><\/div>\r\n<\/div>\n<\/div>\n","protected":false},"excerpt":{"rendered":"<p>Con sede en Salt Lake City, Utah, Marshall Radio es una empresa dedicada al dise\u00f1o y producci\u00f3n de equipos de telemetr\u00eda premium para el seguimiento y la recuperaci\u00f3n. Los clientes de Marshall que desean visitarnos mientras est\u00e1n en el \u00e1rea<span class=\"ellipsis\">&hellip;<\/span><\/p>\n<div class=\"read-more\"><a href=\"https:\/\/marshallradio.com\/eu\/empresa\/visita-marshall-radio\/?lang=es\">Read more <span class=\"screen-reader-text\">Visita Marshall Radio<\/span><span class=\"meta-nav\"> &#8250;<\/span><\/a><\/div>\n<p><!-- end of .read-more --><\/p>\n","protected":false},"author":1,"featured_media":38535,"parent":35450,"menu_order":0,"comment_status":"closed","ping_status":"closed","template":"page-home-template.php","meta":{"_acf_changed":false,"footnotes":""},"class_list":["post-35501","page","type-page","status-publish","has-post-thumbnail","hentry"],"acf":[],"_links":{"self":[{"href":"https:\/\/marshallradio.com\/eu\/wp-json\/wp\/v2\/pages\/35501","targetHints":{"allow":["GET"]}}],"collection":[{"href":"https:\/\/marshallradio.com\/eu\/wp-json\/wp\/v2\/pages"}],"about":[{"href":"https:\/\/marshallradio.com\/eu\/wp-json\/wp\/v2\/types\/page"}],"author":[{"embeddable":true,"href":"https:\/\/marshallradio.com\/eu\/wp-json\/wp\/v2\/users\/1"}],"replies":[{"embeddable":true,"href":"https:\/\/marshallradio.com\/eu\/wp-json\/wp\/v2\/comments?post=35501"}],"version-history":[{"count":2,"href":"https:\/\/marshallradio.com\/eu\/wp-json\/wp\/v2\/pages\/35501\/revisions"}],"predecessor-version":[{"id":38571,"href":"https:\/\/marshallradio.com\/eu\/wp-json\/wp\/v2\/pages\/35501\/revisions\/38571"}],"up":[{"embeddable":true,"href":"https:\/\/marshallradio.com\/eu\/wp-json\/wp\/v2\/pages\/35450"}],"wp:featuredmedia":[{"embeddable":true,"href":"https:\/\/marshallradio.com\/eu\/wp-json\/wp\/v2\/media\/38535"}],"wp:attachment":[{"href":"https:\/\/marshallradio.com\/eu\/wp-json\/wp\/v2\/media?parent=35501"}],"curies":[{"name":"wp","href":"https:\/\/api.w.org\/{rel}","templated":true}]}}