
{"id":35533,"date":"2019-07-19T21:50:57","date_gmt":"2019-07-19T21:50:57","guid":{"rendered":"http:\/\/marshallradio.com\/eu\/zakaznicka-podpora\/uzivatelsky-manual\/"},"modified":"2022-05-24T14:48:34","modified_gmt":"2022-05-24T14:48:34","slug":"uzivatelsky-manual","status":"publish","type":"page","link":"https:\/\/marshallradio.com\/eu\/zakaznicka-podpora\/uzivatelsky-manual\/?lang=cs","title":{"rendered":"U\u017eivatelsk\u00fd manu\u00e1l"},"content":{"rendered":"\n<div style=\"height:20px\" aria-hidden=\"true\" class=\"wp-block-spacer\"><\/div>\n<p>Pokud pot\u0159ebujete dal\u0161\u00ed kopii u\u017eivatelsk\u00e9 p\u0159\u00edru\u010dky pro jeden z p\u0159ij\u00edma\u010d\u016f, m\u016f\u017eete si st\u00e1hnout referen\u010dn\u00ed kopii s n\u00edzk\u00fdm rozli\u0161en\u00edm nebo objednat plnou barevnou ti\u0161t\u011bnou kopii jako n\u00e1hradu za <span class=\"woocommerce-Price-currencySymbol\">\u20ac<\/span>5.&nbsp;<\/p>\n<p><a class=\"btn btn-RedGhost\" href=\"https:\/\/marshallradio.com\/eu\/produkt\/field-marshall-manual\/?lang=cs\">U\u017eivatelsk\u00fd manu\u00e1l<\/a><\/p>\n<p>Manu\u00e1ly vys\u00edla\u010de mohou b\u00fdt vyti\u0161t\u011bny barevn\u011b na va\u0161em konci z n\u00ed\u017ee uveden\u00fdch soubor\u016f PDF. Z \u010dasu na \u010das zkontrolujte aktualizovan\u00e9 p\u0159\u00edru\u010dky.<\/p>\n<div class=\"container\">&#13;\n  <a href=\"#Receiver\" class=\"btn btn-info\" data-toggle=\"collapse\">Receiver Manuals <i class=\"fas fa-chevron-circle-down\"\/><\/a>&#13;\n  <div id=\"Receiver\" class=\"collapse\">&#13;\n   <p><a href=\"\/uk\/wp-content\/uploads\/sites\/3\/2019\/07\/Field_Marshall_Owners_Manual_2008_Rev_7.pdf\" target=\"_blank\" rel=\"noopener noreferrer\">Digital Field Marshall 100-5000<\/a><\/p>&#13;\n<p><a href=\"\/uk\/wp-content\/uploads\/sites\/3\/2019\/07\/Field_Marshall_510_Manual_-small.pdf\" target=\"_blank\" rel=\"noopener noreferrer\">Field Marshall Receiver 5\/10<\/a><\/p>&#13;\n<p><a href=\"\/wp-content\/uploads\/sites\/3\/2019\/07\/st-manual-sm.pdf\" target=\"_blank\" rel=\"noopener noreferrer\">Stealth Receiver G2<\/a><\/p>&#13;\n  <\/div>&#13;\n<\/div>\n<div style=\"height:20px\" aria-hidden=\"true\" class=\"wp-block-spacer\"><\/div>\n<div class=\"container\">&#13;\n&#13;\n<a class=\"btn btn-info\" href=\"#Transmitter\" data-toggle=\"collapse\">Manu\u00e1ly vys\u00edla\u010d\u016f <i class=\"fas fa-chevron-circle-down\"\/><\/a>&#13;\n<div id=\"Transmitter\" class=\"collapse\">&#13;\n&#13;\n<a href=\"https:\/\/marshallradio.com\/uk\/wp-content\/uploads\/sites\/2\/2022\/05\/Scout-User-Guide-Combined-2022-Apr.pdf\">Skaut<\/a>&#13;\n&#13;\n<a href=\"https:\/\/marshallradio.com\/uk\/wp-content\/uploads\/sites\/2\/2022\/04\/RT-User-Guide-2022-Apr.pdf\" target=\"_blank\" rel=\"noopener noreferrer\">RT Plus<\/a>&#13;\n&#13;\n<a href=\"https:\/\/marshallradio.com\/uk\/wp-content\/uploads\/sites\/2\/2022\/05\/RT-User-Guide-2022-Update.pdf\" target=\"_blank\" rel=\"noopener noreferrer\">RT \/ RT XP<\/a>&#13;\n&#13;\n<a href=\"http:\/\/marshallradio.com\/uk\/wp-content\/uploads\/sites\/2\/2022\/04\/Micro-User-Guide-2022-April-2.pdf\" target=\"_blank\" rel=\"noopener noreferrer\">Micro<\/a>&#13;\n&#13;\n<a href=\"\/uk\/wp-content\/uploads\/sites\/3\/2019\/07\/PowerMax.pdf\" target=\"_blank\" rel=\"noopener noreferrer\">PowerMax<\/a>&#13;\n&#13;\n<a href=\"https:\/\/marshallradio.com\/uk\/wp-content\/uploads\/sites\/2\/2022\/05\/Turbo-User-Guide-2022-UPDATE.pdf\" target=\"_blank\" rel=\"noopener noreferrer\">RT Turbo<\/a>&#13;\n&#13;\n<\/div>&#13;\n<\/div>\n<div style=\"height:20px\" aria-hidden=\"true\" class=\"wp-block-spacer\"><\/div>\n<div class=\"container\">&#13;\n  <a href=\"#GPS\" class=\"btn btn-info\" data-toggle=\"collapse\">GPS Manuals <i class=\"fas fa-chevron-circle-down\"\/><\/a>&#13;\n  <div id=\"GPS\" class=\"collapse\">&#13;\n   <p><a href=\"http:\/\/marshallradio.com\/eu\/wp-content\/uploads\/sites\/4\/2020\/06\/2020-GPS-NEW-USER-START-UP-NOTES.pdf\" target=\"_blank\" rel=\"noopener noreferrer\">GPS English<\/a><\/p>&#13;\n<p><a href=\"http:\/\/marshallradio.com\/eu\/wp-content\/uploads\/sites\/4\/2020\/06\/SPANISH-GPS-NEW-USER-START-UP-NOTES.pdf\" target=\"_blank\" rel=\"noopener noreferrer\">GPS Espa\u00f1ol<\/a><\/p>&#13;\n<p><a href=\"http:\/\/marshallradio.com\/eu\/wp-content\/uploads\/sites\/4\/2020\/06\/ITALIAN-GPS-NEW-USER-START-UP-NOTES.pdf\" target=\"_blank\" rel=\"noopener noreferrer\">GPS Italiano<\/a><\/p>&#13;\n<p><a href=\"replace with link here\" target=\"_blank\" rel=\"noopener noreferrer\">GPS Fran\u00e7ais \u00e0 venir!<\/a><\/p>&#13;\n<p><a href=\"http:\/\/marshallradio.com\/eu\/wp-content\/uploads\/sites\/4\/2020\/06\/GERMAN-GPS-NEW-USER-START-UP-NOTES.pdf\" target=\"_blank\" rel=\"noopener noreferrer\">GPS Deutsche<\/a><\/p>&#13;\n<p><a href=\"replace with link here\" target=\"_blank\" rel=\"noopener noreferrer\">GPS \u010cesk\u00fd ji\u017e brzy!<\/a><\/p>&#13;\n<p><a href=\"replace with link here\" target=\"_blank\" rel=\"noopener noreferrer\">GPS Nederlands Binnenkort!<\/a><\/p>&#13;\n  <\/div>&#13;\n<\/div>&#13;\n","protected":false},"excerpt":{"rendered":"<p>Pokud pot\u0159ebujete dal\u0161\u00ed kopii u\u017eivatelsk\u00e9 p\u0159\u00edru\u010dky pro jeden z p\u0159ij\u00edma\u010d\u016f, m\u016f\u017eete si st\u00e1hnout referen\u010dn\u00ed kopii s n\u00edzk\u00fdm rozli\u0161en\u00edm nebo objednat plnou barevnou ti\u0161t\u011bnou kopii jako n\u00e1hradu za \u20ac5.&nbsp; U\u017eivatelsk\u00fd manu\u00e1l Manu\u00e1ly vys\u00edla\u010de mohou b\u00fdt vyti\u0161t\u011bny barevn\u011b na va\u0161em konci z<span class=\"ellipsis\">&hellip;<\/span><\/p>\n<div class=\"read-more\"><a href=\"https:\/\/marshallradio.com\/eu\/zakaznicka-podpora\/uzivatelsky-manual\/?lang=cs\">Read more <span class=\"screen-reader-text\">U\u017eivatelsk\u00fd manu\u00e1l<\/span><span class=\"meta-nav\"> &#8250;<\/span><\/a><\/div>\n<p><!-- end of .read-more --><\/p>\n","protected":false},"author":1,"featured_media":34469,"parent":35527,"menu_order":0,"comment_status":"closed","ping_status":"closed","template":"page-home-template.php","meta":{"_acf_changed":false,"footnotes":""},"class_list":["post-35533","page","type-page","status-publish","has-post-thumbnail","hentry"],"acf":[],"_links":{"self":[{"href":"https:\/\/marshallradio.com\/eu\/wp-json\/wp\/v2\/pages\/35533","targetHints":{"allow":["GET"]}}],"collection":[{"href":"https:\/\/marshallradio.com\/eu\/wp-json\/wp\/v2\/pages"}],"about":[{"href":"https:\/\/marshallradio.com\/eu\/wp-json\/wp\/v2\/types\/page"}],"author":[{"embeddable":true,"href":"https:\/\/marshallradio.com\/eu\/wp-json\/wp\/v2\/users\/1"}],"replies":[{"embeddable":true,"href":"https:\/\/marshallradio.com\/eu\/wp-json\/wp\/v2\/comments?post=35533"}],"version-history":[{"count":18,"href":"https:\/\/marshallradio.com\/eu\/wp-json\/wp\/v2\/pages\/35533\/revisions"}],"predecessor-version":[{"id":47617,"href":"https:\/\/marshallradio.com\/eu\/wp-json\/wp\/v2\/pages\/35533\/revisions\/47617"}],"up":[{"embeddable":true,"href":"https:\/\/marshallradio.com\/eu\/wp-json\/wp\/v2\/pages\/35527"}],"wp:featuredmedia":[{"embeddable":true,"href":"https:\/\/marshallradio.com\/eu\/wp-json\/wp\/v2\/media\/34469"}],"wp:attachment":[{"href":"https:\/\/marshallradio.com\/eu\/wp-json\/wp\/v2\/media?parent=35533"}],"curies":[{"name":"wp","href":"https:\/\/api.w.org\/{rel}","templated":true}]}}