
{"id":35537,"date":"2019-07-19T21:59:26","date_gmt":"2019-07-19T21:59:26","guid":{"rendered":"http:\/\/marshallradio.com\/eu\/service-client\/le-manuel-du-proprietaire\/"},"modified":"2022-05-24T15:00:18","modified_gmt":"2022-05-24T15:00:18","slug":"le-manuel-du-proprietaire","status":"publish","type":"page","link":"https:\/\/marshallradio.com\/eu\/service-client\/le-manuel-du-proprietaire\/?lang=fr","title":{"rendered":"Le manuel du propri\u00e9taire"},"content":{"rendered":"\n<div style=\"height:20px\" aria-hidden=\"true\" class=\"wp-block-spacer\"><\/div>\n<p>Si vous avez besoin d&#8217;une autre copie du manuel du propri\u00e9taire pour l&#8217;un des r\u00e9cepteurs, vous pouvez soit t\u00e9l\u00e9charger une copie basse r\u00e9solution pour r\u00e9f\u00e9rence, soit commander une copie papier en couleur en remplacement de <span class=\"woocommerce-Price-currencySymbol\">\u20ac<\/span>5.&nbsp;<\/p>\n<p><a class=\"btn btn-RedGhost\" href=\"https:\/\/marshallradio.com\/eu\/produit\/field-marshall-manual-2\/?lang=fr\">Le manuel du propri\u00e9taire<\/a><\/p>\n<p>Les manuels de l&#8217;\u00e9metteur peuvent \u00eatre imprim\u00e9s en couleur de votre c\u00f4t\u00e9 \u00e0 partir des fichiers PDF r\u00e9pertori\u00e9s ci-dessous. Consultez de temps en temps les manuels mis \u00e0 jour.<\/p>\n<div class=\"container\">&#13;\n&#13;\n<a class=\"btn btn-info\" href=\"#Receiver\" data-toggle=\"collapse\">Manuels du destinataire <i class=\"fas fa-chevron-circle-down\"\/><\/a>&#13;\n&#13;\n<a href=\"http:\/\/marshallradio2.lamp.i4test.com\/uk\/wp-content\/uploads\/sites\/3\/2019\/07\/Field_Marshall_Owners_Manual_2008_Rev_7.pdf\">Marshall sur le terrain num\u00e9rique 100-5000<\/a>&#13;\n&#13;\n<a href=\"http:\/\/marshallradio2.lamp.i4test.com\/uk\/wp-content\/uploads\/sites\/3\/2019\/07\/Field_Marshall_510_Manual_-small.pdf\">Field Marshall Receiver 5\/10<\/a>&#13;\n&#13;\n<a href=\"\/wp-content\/uploads\/sites\/3\/2019\/07\/st-manual-sm.pdf\" target=\"_blank\" rel=\"noopener noreferrer\">Stealth Receiver G2<\/a>&#13;\n&#13;\n<\/div>\n<div style=\"height:20px\" aria-hidden=\"true\" class=\"wp-block-spacer\"><\/div>\n<div class=\"container\"><a class=\"btn btn-info\" href=\"#Transmitter\" data-toggle=\"collapse\">Manuel de l&#8217;\u00e9metteur <i class=\"fas fa-chevron-circle-down\"\/><\/a><a href=\"https:\/\/marshallradio.com\/uk\/wp-content\/uploads\/sites\/2\/2022\/05\/Scout-User-Guide-Combined-2022-Apr.pdf\" target=\"_blank\" rel=\"noopener noreferrer\">Scout<\/a>&#13;\n&#13;\n<a href=\"https:\/\/marshallradio.com\/uk\/wp-content\/uploads\/sites\/2\/2022\/04\/RT-User-Guide-2022-Apr.pdf\" target=\"_blank\" rel=\"noopener noreferrer\">RT Plus<\/a>&#13;\n&#13;\n<a href=\"https:\/\/marshallradio.com\/uk\/wp-content\/uploads\/sites\/2\/2022\/05\/RT-User-Guide-2022-Update.pdf\" target=\"_blank\" rel=\"noopener noreferrer\">RT \/ RT XP<\/a>&#13;\n&#13;\n<a href=\"http:\/\/marshallradio.com\/uk\/wp-content\/uploads\/sites\/2\/2022\/04\/Micro-User-Guide-2022-April-2.pdf\" target=\"_blank\" rel=\"noopener noreferrer\">Micro<\/a>&#13;\n&#13;\n<a href=\"\/uk\/wp-content\/uploads\/sites\/3\/2019\/07\/PowerMax.pdf\" target=\"_blank\" rel=\"noopener noreferrer\">PowerMax<\/a>&#13;\n&#13;\n<a href=\"https:\/\/marshallradio.com\/uk\/wp-content\/uploads\/sites\/2\/2022\/05\/Turbo-User-Guide-2022-UPDATE.pdf\" target=\"_blank\" rel=\"noopener noreferrer\">RT Turbo<\/a>&#13;\n&#13;\n<\/div>\n<div style=\"height:20px\" aria-hidden=\"true\" class=\"wp-block-spacer\"><\/div>\n<div class=\"container\">&#13;\n  <a href=\"#GPS\" class=\"btn btn-info\" data-toggle=\"collapse\">GPS Manuals <i class=\"fas fa-chevron-circle-down\"\/><\/a>&#13;\n  <div id=\"GPS\" class=\"collapse\">&#13;\n   <p><a href=\"http:\/\/marshallradio.com\/eu\/wp-content\/uploads\/sites\/4\/2020\/06\/2020-GPS-NEW-USER-START-UP-NOTES.pdf\" target=\"_blank\" rel=\"noopener noreferrer\">GPS English<\/a><\/p>&#13;\n<p><a href=\"http:\/\/marshallradio.com\/eu\/wp-content\/uploads\/sites\/4\/2020\/06\/SPANISH-GPS-NEW-USER-START-UP-NOTES.pdf\" target=\"_blank\" rel=\"noopener noreferrer\">GPS Espa\u00f1ol<\/a><\/p>&#13;\n<p><a href=\"http:\/\/marshallradio.com\/eu\/wp-content\/uploads\/sites\/4\/2020\/06\/ITALIAN-GPS-NEW-USER-START-UP-NOTES.pdf\" target=\"_blank\" rel=\"noopener noreferrer\">GPS Italiano<\/a><\/p>&#13;\n<p><a href=\"replace with link here\" target=\"_blank\" rel=\"noopener noreferrer\">GPS Fran\u00e7ais \u00e0 venir!<\/a><\/p>&#13;\n<p><a href=\"http:\/\/marshallradio.com\/eu\/wp-content\/uploads\/sites\/4\/2020\/06\/GERMAN-GPS-NEW-USER-START-UP-NOTES.pdf\" target=\"_blank\" rel=\"noopener noreferrer\">GPS Deutsche<\/a><\/p>&#13;\n<p><a href=\"replace with link here\" target=\"_blank\" rel=\"noopener noreferrer\">GPS \u010cesk\u00fd ji\u017e brzy!<\/a><\/p>&#13;\n<p><a href=\"replace with link here\" target=\"_blank\" rel=\"noopener noreferrer\">GPS Nederlands Binnenkort!<\/a><\/p>&#13;\n  <\/div>&#13;\n<\/div>&#13;\n","protected":false},"excerpt":{"rendered":"<p>Si vous avez besoin d&#8217;une autre copie du manuel du propri\u00e9taire pour l&#8217;un des r\u00e9cepteurs, vous pouvez soit t\u00e9l\u00e9charger une copie basse r\u00e9solution pour r\u00e9f\u00e9rence, soit commander une copie papier en couleur en remplacement de \u20ac5.&nbsp; Le manuel du propri\u00e9taire<span class=\"ellipsis\">&hellip;<\/span><\/p>\n<div class=\"read-more\"><a href=\"https:\/\/marshallradio.com\/eu\/service-client\/le-manuel-du-proprietaire\/?lang=fr\">Read more <span class=\"screen-reader-text\">Le manuel du propri\u00e9taire<\/span><span class=\"meta-nav\"> &#8250;<\/span><\/a><\/div>\n<p><!-- end of .read-more --><\/p>\n","protected":false},"author":1,"featured_media":34471,"parent":35529,"menu_order":0,"comment_status":"closed","ping_status":"closed","template":"page-home-template.php","meta":{"_acf_changed":false,"footnotes":""},"class_list":["post-35537","page","type-page","status-publish","has-post-thumbnail","hentry"],"acf":[],"_links":{"self":[{"href":"https:\/\/marshallradio.com\/eu\/wp-json\/wp\/v2\/pages\/35537","targetHints":{"allow":["GET"]}}],"collection":[{"href":"https:\/\/marshallradio.com\/eu\/wp-json\/wp\/v2\/pages"}],"about":[{"href":"https:\/\/marshallradio.com\/eu\/wp-json\/wp\/v2\/types\/page"}],"author":[{"embeddable":true,"href":"https:\/\/marshallradio.com\/eu\/wp-json\/wp\/v2\/users\/1"}],"replies":[{"embeddable":true,"href":"https:\/\/marshallradio.com\/eu\/wp-json\/wp\/v2\/comments?post=35537"}],"version-history":[{"count":13,"href":"https:\/\/marshallradio.com\/eu\/wp-json\/wp\/v2\/pages\/35537\/revisions"}],"predecessor-version":[{"id":47619,"href":"https:\/\/marshallradio.com\/eu\/wp-json\/wp\/v2\/pages\/35537\/revisions\/47619"}],"up":[{"embeddable":true,"href":"https:\/\/marshallradio.com\/eu\/wp-json\/wp\/v2\/pages\/35529"}],"wp:featuredmedia":[{"embeddable":true,"href":"https:\/\/marshallradio.com\/eu\/wp-json\/wp\/v2\/media\/34471"}],"wp:attachment":[{"href":"https:\/\/marshallradio.com\/eu\/wp-json\/wp\/v2\/media?parent=35537"}],"curies":[{"name":"wp","href":"https:\/\/api.w.org\/{rel}","templated":true}]}}