
{"id":35540,"date":"2019-07-19T22:02:47","date_gmt":"2019-07-19T22:02:47","guid":{"rendered":"http:\/\/marshallradio.com\/eu\/kundendienst\/bedienungsanleitung\/"},"modified":"2022-05-24T15:02:20","modified_gmt":"2022-05-24T15:02:20","slug":"bedienungsanleitung","status":"publish","type":"page","link":"https:\/\/marshallradio.com\/eu\/kundendienst\/bedienungsanleitung\/?lang=de","title":{"rendered":"Bedienungsanleitung"},"content":{"rendered":"\n<div style=\"height:20px\" aria-hidden=\"true\" class=\"wp-block-spacer\"><\/div>\n<p>Wenn Sie f\u00fcr einen der Empf\u00e4nger ein weiteres Exemplar der Bedienungsanleitung ben\u00f6tigen, k\u00f6nnen Sie entweder ein Exemplar mit niedriger Aufl\u00f6sung als Referenz herunterladen oder ein vollfarbiges Exemplar als Ersatz f\u00fcr 5 \u20ac bestellen.<\/p>\n<p><a class=\"btn btn-RedGhost\" href=\"http:\/\/marshallradio.com\/eu\/produkt\/field-marshall-handbuch\/?lang=de\">Bedienungsanleitung<\/a><\/p>\n<p>Senderhandb\u00fccher k\u00f6nnen aus den unten aufgef\u00fchrten PDF-Dateien in Farbe ausgedruckt werden. Suchen Sie von Zeit zu Zeit nach aktualisierten Handb\u00fcchern.<\/p>\n<div class=\"container\"><a class=\"btn btn-info\" href=\"#Receiver\" data-toggle=\"collapse\">Receiver-Handb\u00fccher <i class=\"fas fa-chevron-circle-down\"\/><\/a><a href=\"\/uk\/wp-content\/uploads\/sites\/3\/2019\/07\/Field_Marshall_Owners_Manual_2008_Rev_7.pdf\" target=\"_blank\" rel=\"noopener noreferrer\">Digital Field Marshall 100-5000<\/a>&#13;\n&#13;\n<a href=\"http:\/\/marshallradio2.lamp.i4test.com\/uk\/wp-content\/uploads\/sites\/3\/2019\/07\/Field_Marshall_510_Manual_-small.pdf\">Feldmarschallempf\u00e4nger 5\/10<\/a>&#13;\n&#13;\n<a href=\"http:\/\/marshallradio2.lamp.i4test.com\/wp-content\/uploads\/sites\/3\/2019\/07\/st-manual-sm.pdf\">Stealth-Empf\u00e4nger G2<\/a>&#13;\n&#13;\n<\/div>\n<div style=\"height:20px\" aria-hidden=\"true\" class=\"wp-block-spacer\"><\/div>\n<div class=\"container\"><a class=\"btn btn-info\" href=\"#Transmitter\" data-toggle=\"collapse\">Senderhandb\u00fccher <i class=\"fas fa-chevron-circle-down\"\/><\/a><a href=\"https:\/\/marshallradio.com\/uk\/wp-content\/uploads\/sites\/2\/2022\/05\/Scout-User-Guide-Combined-2022-Apr.pdf\">Erkunden<\/a>&#13;\n&#13;\n<a href=\"https:\/\/marshallradio.com\/uk\/wp-content\/uploads\/sites\/2\/2022\/04\/RT-User-Guide-2022-Apr.pdf\" target=\"_blank\" rel=\"noopener noreferrer\">RT Plus<\/a>&#13;\n&#13;\n<a href=\"https:\/\/marshallradio.com\/uk\/wp-content\/uploads\/sites\/2\/2022\/05\/RT-User-Guide-2022-Update.pdf\" target=\"_blank\" rel=\"noopener noreferrer\">RT \/ RT XP<\/a>&#13;\n&#13;\n<a href=\"http:\/\/marshallradio.com\/uk\/wp-content\/uploads\/sites\/2\/2022\/04\/Micro-User-Guide-2022-April-2.pdf\" target=\"_blank\" rel=\"noopener noreferrer\">Micro<\/a>&#13;\n&#13;\n<a href=\"\/uk\/wp-content\/uploads\/sites\/3\/2019\/07\/PowerMax.pdf\" target=\"_blank\" rel=\"noopener noreferrer\">PowerMax<\/a>&#13;\n&#13;\n<a href=\"https:\/\/marshallradio.com\/uk\/wp-content\/uploads\/sites\/2\/2022\/05\/Turbo-User-Guide-2022-UPDATE.pdf\" target=\"_blank\" rel=\"noopener noreferrer\">RT Turbo<\/a>&#13;\n&#13;\n<\/div>\n<div style=\"height:20px\" aria-hidden=\"true\" class=\"wp-block-spacer\"><\/div>\n<div class=\"container\">&#13;\n  <a href=\"#GPS\" class=\"btn btn-info\" data-toggle=\"collapse\">GPS Manuals <i class=\"fas fa-chevron-circle-down\"\/><\/a>&#13;\n  <div id=\"GPS\" class=\"collapse\">&#13;\n   <p><a href=\"http:\/\/marshallradio.com\/eu\/wp-content\/uploads\/sites\/4\/2020\/06\/2020-GPS-NEW-USER-START-UP-NOTES.pdf\" target=\"_blank\" rel=\"noopener noreferrer\">GPS English<\/a><\/p>&#13;\n<p><a href=\"http:\/\/marshallradio.com\/eu\/wp-content\/uploads\/sites\/4\/2020\/06\/SPANISH-GPS-NEW-USER-START-UP-NOTES.pdf\" target=\"_blank\" rel=\"noopener noreferrer\">GPS Espa\u00f1ol<\/a><\/p>&#13;\n<p><a href=\"http:\/\/marshallradio.com\/eu\/wp-content\/uploads\/sites\/4\/2020\/06\/ITALIAN-GPS-NEW-USER-START-UP-NOTES.pdf\" target=\"_blank\" rel=\"noopener noreferrer\">GPS Italiano<\/a><\/p>&#13;\n<p><a href=\"replace with link here\" target=\"_blank\" rel=\"noopener noreferrer\">GPS Fran\u00e7ais \u00e0 venir!<\/a><\/p>&#13;\n<p><a href=\"http:\/\/marshallradio.com\/eu\/wp-content\/uploads\/sites\/4\/2020\/06\/GERMAN-GPS-NEW-USER-START-UP-NOTES.pdf\" target=\"_blank\" rel=\"noopener noreferrer\">GPS Deutsche<\/a><\/p>&#13;\n<p><a href=\"replace with link here\" target=\"_blank\" rel=\"noopener noreferrer\">GPS \u010cesk\u00fd ji\u017e brzy!<\/a><\/p>&#13;\n<p><a href=\"replace with link here\" target=\"_blank\" rel=\"noopener noreferrer\">GPS Nederlands Binnenkort!<\/a><\/p>&#13;\n  <\/div>&#13;\n<\/div>&#13;\n","protected":false},"excerpt":{"rendered":"<p>Wenn Sie f\u00fcr einen der Empf\u00e4nger ein weiteres Exemplar der Bedienungsanleitung ben\u00f6tigen, k\u00f6nnen Sie entweder ein Exemplar mit niedriger Aufl\u00f6sung als Referenz herunterladen oder ein vollfarbiges Exemplar als Ersatz f\u00fcr 5 \u20ac bestellen. Bedienungsanleitung Senderhandb\u00fccher k\u00f6nnen aus den unten aufgef\u00fchrten<span class=\"ellipsis\">&hellip;<\/span><\/p>\n<div class=\"read-more\"><a href=\"https:\/\/marshallradio.com\/eu\/kundendienst\/bedienungsanleitung\/?lang=de\">Read more <span class=\"screen-reader-text\">Bedienungsanleitung<\/span><span class=\"meta-nav\"> &#8250;<\/span><\/a><\/div>\n<p><!-- end of .read-more --><\/p>\n","protected":false},"author":1,"featured_media":34472,"parent":35530,"menu_order":0,"comment_status":"closed","ping_status":"closed","template":"page-home-template.php","meta":{"_acf_changed":false,"footnotes":""},"class_list":["post-35540","page","type-page","status-publish","has-post-thumbnail","hentry"],"acf":[],"_links":{"self":[{"href":"https:\/\/marshallradio.com\/eu\/wp-json\/wp\/v2\/pages\/35540","targetHints":{"allow":["GET"]}}],"collection":[{"href":"https:\/\/marshallradio.com\/eu\/wp-json\/wp\/v2\/pages"}],"about":[{"href":"https:\/\/marshallradio.com\/eu\/wp-json\/wp\/v2\/types\/page"}],"author":[{"embeddable":true,"href":"https:\/\/marshallradio.com\/eu\/wp-json\/wp\/v2\/users\/1"}],"replies":[{"embeddable":true,"href":"https:\/\/marshallradio.com\/eu\/wp-json\/wp\/v2\/comments?post=35540"}],"version-history":[{"count":11,"href":"https:\/\/marshallradio.com\/eu\/wp-json\/wp\/v2\/pages\/35540\/revisions"}],"predecessor-version":[{"id":47620,"href":"https:\/\/marshallradio.com\/eu\/wp-json\/wp\/v2\/pages\/35540\/revisions\/47620"}],"up":[{"embeddable":true,"href":"https:\/\/marshallradio.com\/eu\/wp-json\/wp\/v2\/pages\/35530"}],"wp:featuredmedia":[{"embeddable":true,"href":"https:\/\/marshallradio.com\/eu\/wp-json\/wp\/v2\/media\/34472"}],"wp:attachment":[{"href":"https:\/\/marshallradio.com\/eu\/wp-json\/wp\/v2\/media?parent=35540"}],"curies":[{"name":"wp","href":"https:\/\/api.w.org\/{rel}","templated":true}]}}