
{"id":35542,"date":"2019-07-19T22:05:40","date_gmt":"2019-07-19T22:05:40","guid":{"rendered":"http:\/\/marshallradio.com\/eu\/servizio-clienti\/manuale-del-proprietario\/"},"modified":"2022-05-24T15:05:22","modified_gmt":"2022-05-24T15:05:22","slug":"manuale-del-proprietario","status":"publish","type":"page","link":"https:\/\/marshallradio.com\/eu\/servizio-clienti\/manuale-del-proprietario\/?lang=it","title":{"rendered":"Manuale del proprietario"},"content":{"rendered":"\n<div style=\"height:20px\" aria-hidden=\"true\" class=\"wp-block-spacer\"><\/div>\n<p>Se hai bisogno di un&#8217;altra copia del Manuale del proprietario per uno dei ricevitori, puoi scaricare una copia a bassa risoluzione come riferimento o ordinare una copia cartacea a colori in sostituzione di <span class=\"woocommerce-Price-currencySymbol\">\u20ac<\/span>5.&nbsp;<\/p>\n<p><a class=\"btn btn-RedGhost\" href=\"https:\/\/marshallradio.com\/eu\/prodotto\/field-marshall-manual-2\/?lang=it\">Manuale del proprietario<\/a><\/p>\n<p>I manuali del trasmettitore possono essere stampati a colori sull&#8217;estremit\u00e0 dai file PDF elencati di seguito. Controlla periodicamente i manuali aggiornati.<\/p>\n<div class=\"container\"><a class=\"btn btn-info\" href=\"#Receiver\" data-toggle=\"collapse\">Manuali del ricevitore <i class=\"fas fa-chevron-circle-down\"\/><\/a><a href=\"\/uk\/wp-content\/uploads\/sites\/3\/2019\/07\/Field_Marshall_Owners_Manual_2008_Rev_7.pdf\" target=\"_blank\" rel=\"noopener noreferrer\">Digital Field Marshall 100-5000<\/a>&#13;\n&#13;\n<a href=\"\/uk\/wp-content\/uploads\/sites\/3\/2019\/07\/Field_Marshall_510_Manual_-small.pdf\" target=\"_blank\" rel=\"noopener noreferrer\">Field Marshall Receiver 5\/10<\/a>&#13;\n&#13;\n<a href=\"\/wp-content\/uploads\/sites\/3\/2019\/07\/st-manual-sm.pdf\" target=\"_blank\" rel=\"noopener noreferrer\">Stealth Receiver G2<\/a>&#13;\n&#13;\n<\/div>\n<div style=\"height:20px\" aria-hidden=\"true\" class=\"wp-block-spacer\"><\/div>\n<div class=\"container\"><a class=\"btn btn-info\" href=\"#Transmitter\" data-toggle=\"collapse\">Manuali per trasmettitori <i class=\"fas fa-chevron-circle-down\"\/><\/a><a href=\"https:\/\/marshallradio.com\/uk\/wp-content\/uploads\/sites\/2\/2022\/05\/Scout-User-Guide-Combined-2022-Apr.pdf\">Esploratore<\/a>&#13;\n&#13;\n<a href=\"https:\/\/marshallradio.com\/uk\/wp-content\/uploads\/sites\/2\/2022\/04\/RT-User-Guide-2022-Apr.pdf\" target=\"_blank\" rel=\"noopener noreferrer\">RT Plus<\/a>&#13;\n&#13;\n<a href=\"https:\/\/marshallradio.com\/uk\/wp-content\/uploads\/sites\/2\/2022\/05\/RT-User-Guide-2022-Update.pdf\" target=\"_blank\" rel=\"noopener noreferrer\">RT \/ RT XP<\/a>&#13;\n&#13;\n<a href=\"http:\/\/marshallradio.com\/uk\/wp-content\/uploads\/sites\/2\/2022\/04\/Micro-User-Guide-2022-April-2.pdf\" target=\"_blank\" rel=\"noopener noreferrer\">Micro<\/a>&#13;\n&#13;\n<a href=\"\/uk\/wp-content\/uploads\/sites\/3\/2019\/07\/PowerMax.pdf\" target=\"_blank\" rel=\"noopener noreferrer\">PowerMax<\/a>&#13;\n&#13;\n<a href=\"https:\/\/marshallradio.com\/uk\/wp-content\/uploads\/sites\/2\/2022\/05\/Turbo-User-Guide-2022-UPDATE.pdf\" target=\"_blank\" rel=\"noopener noreferrer\">RT Turbo<\/a>&#13;\n&#13;\n<\/div>\n<div style=\"height:20px\" aria-hidden=\"true\" class=\"wp-block-spacer\"><\/div>\n<div class=\"container\">&#13;\n  <a href=\"#GPS\" class=\"btn btn-info\" data-toggle=\"collapse\">GPS Manuals <i class=\"fas fa-chevron-circle-down\"\/><\/a>&#13;\n  <div id=\"GPS\" class=\"collapse\">&#13;\n   <p><a href=\"http:\/\/marshallradio.com\/eu\/wp-content\/uploads\/sites\/4\/2020\/06\/2020-GPS-NEW-USER-START-UP-NOTES.pdf\" target=\"_blank\" rel=\"noopener noreferrer\">GPS English<\/a><\/p>&#13;\n<p><a href=\"http:\/\/marshallradio.com\/eu\/wp-content\/uploads\/sites\/4\/2020\/06\/SPANISH-GPS-NEW-USER-START-UP-NOTES.pdf\" target=\"_blank\" rel=\"noopener noreferrer\">GPS Espa\u00f1ol<\/a><\/p>&#13;\n<p><a href=\"http:\/\/marshallradio.com\/eu\/wp-content\/uploads\/sites\/4\/2020\/06\/ITALIAN-GPS-NEW-USER-START-UP-NOTES.pdf\" target=\"_blank\" rel=\"noopener noreferrer\">GPS Italiano<\/a><\/p>&#13;\n<p><a href=\"replace with link here\" target=\"_blank\" rel=\"noopener noreferrer\">GPS Fran\u00e7ais \u00e0 venir!<\/a><\/p>&#13;\n<p><a href=\"http:\/\/marshallradio.com\/eu\/wp-content\/uploads\/sites\/4\/2020\/06\/GERMAN-GPS-NEW-USER-START-UP-NOTES.pdf\" target=\"_blank\" rel=\"noopener noreferrer\">GPS Deutsche<\/a><\/p>&#13;\n<p><a href=\"replace with link here\" target=\"_blank\" rel=\"noopener noreferrer\">GPS \u010cesk\u00fd ji\u017e brzy!<\/a><\/p>&#13;\n<p><a href=\"replace with link here\" target=\"_blank\" rel=\"noopener noreferrer\">GPS Nederlands Binnenkort!<\/a><\/p>&#13;\n  <\/div>&#13;\n<\/div>&#13;\n","protected":false},"excerpt":{"rendered":"<p>Se hai bisogno di un&#8217;altra copia del Manuale del proprietario per uno dei ricevitori, puoi scaricare una copia a bassa risoluzione come riferimento o ordinare una copia cartacea a colori in sostituzione di \u20ac5.&nbsp; Manuale del proprietario I manuali del<span class=\"ellipsis\">&hellip;<\/span><\/p>\n<div class=\"read-more\"><a href=\"https:\/\/marshallradio.com\/eu\/servizio-clienti\/manuale-del-proprietario\/?lang=it\">Read more <span class=\"screen-reader-text\">Manuale del proprietario<\/span><span class=\"meta-nav\"> &#8250;<\/span><\/a><\/div>\n<p><!-- end of .read-more --><\/p>\n","protected":false},"author":1,"featured_media":34473,"parent":35531,"menu_order":0,"comment_status":"closed","ping_status":"closed","template":"page-home-template.php","meta":{"_acf_changed":false,"footnotes":""},"class_list":["post-35542","page","type-page","status-publish","has-post-thumbnail","hentry"],"acf":[],"_links":{"self":[{"href":"https:\/\/marshallradio.com\/eu\/wp-json\/wp\/v2\/pages\/35542","targetHints":{"allow":["GET"]}}],"collection":[{"href":"https:\/\/marshallradio.com\/eu\/wp-json\/wp\/v2\/pages"}],"about":[{"href":"https:\/\/marshallradio.com\/eu\/wp-json\/wp\/v2\/types\/page"}],"author":[{"embeddable":true,"href":"https:\/\/marshallradio.com\/eu\/wp-json\/wp\/v2\/users\/1"}],"replies":[{"embeddable":true,"href":"https:\/\/marshallradio.com\/eu\/wp-json\/wp\/v2\/comments?post=35542"}],"version-history":[{"count":11,"href":"https:\/\/marshallradio.com\/eu\/wp-json\/wp\/v2\/pages\/35542\/revisions"}],"predecessor-version":[{"id":47621,"href":"https:\/\/marshallradio.com\/eu\/wp-json\/wp\/v2\/pages\/35542\/revisions\/47621"}],"up":[{"embeddable":true,"href":"https:\/\/marshallradio.com\/eu\/wp-json\/wp\/v2\/pages\/35531"}],"wp:featuredmedia":[{"embeddable":true,"href":"https:\/\/marshallradio.com\/eu\/wp-json\/wp\/v2\/media\/34473"}],"wp:attachment":[{"href":"https:\/\/marshallradio.com\/eu\/wp-json\/wp\/v2\/media?parent=35542"}],"curies":[{"name":"wp","href":"https:\/\/api.w.org\/{rel}","templated":true}]}}