
{"id":35544,"date":"2019-07-19T22:08:43","date_gmt":"2019-07-19T22:08:43","guid":{"rendered":"http:\/\/marshallradio.com\/eu\/atencion-al-cliente\/el-manual-del-propietario\/"},"modified":"2022-05-24T15:07:10","modified_gmt":"2022-05-24T15:07:10","slug":"el-manual-del-propietario","status":"publish","type":"page","link":"https:\/\/marshallradio.com\/eu\/atencion-al-cliente\/el-manual-del-propietario\/?lang=es","title":{"rendered":"El manual del propietario"},"content":{"rendered":"\n<div style=\"height:20px\" aria-hidden=\"true\" class=\"wp-block-spacer\"><\/div>\n<p>Si necesita otra copia del Manual del propietario para uno de los receptores, puede descargar una copia de baja resoluci\u00f3n como referencia o solicitar una copia impresa a todo color como reemplazo por 5 \u20ac.<\/p>\n<p><a class=\"btn btn-RedGhost\" href=\"http:\/\/marshallradio.com\/eu\/producto\/field-marshall-manual\/?lang=es\">El manual del propietario<\/a><\/p>\n<p>Los manuales del transmisor se pueden imprimir en color en su extremo a partir de los archivos PDF que se enumeran a continuaci\u00f3n. Vuelve de vez en cuando para obtener manuales actualizados.<\/p>\n<div class=\"container\"><a class=\"btn btn-info\" href=\"#Receiver\" data-toggle=\"collapse\">Manuales de Receptor <i class=\"fas fa-chevron-circle-down\"\/><\/a>&#13;\n<div id=\"Receiver\" class=\"collapse\">&#13;\n&#13;\n<a href=\"http:\/\/marshallradio2.lamp.i4test.com\/uk\/wp-content\/uploads\/sites\/3\/2019\/07\/Field_Marshall_Owners_Manual_2008_Rev_7.pdf\">Marshall Field Digital 100-5000<\/a>&#13;\n&#13;\n<a href=\"\/uk\/wp-content\/uploads\/sites\/3\/2019\/07\/Field_Marshall_510_Manual_-small.pdf\" target=\"_blank\" rel=\"noopener noreferrer\">Field Marshall Receiver 5\/10<\/a>&#13;\n&#13;\n<a href=\"http:\/\/marshallradio2.lamp.i4test.com\/wp-content\/uploads\/sites\/3\/2019\/07\/st-manual-sm.pdf\">Receptor Stealth G2<\/a>&#13;\n&#13;\n<\/div>&#13;\n<\/div>\n<div style=\"height:20px\" aria-hidden=\"true\" class=\"wp-block-spacer\"><\/div>\n<div class=\"container\"><a class=\"btn btn-info\" href=\"#Transmitter\" data-toggle=\"collapse\">Manuales del transmisor <i class=\"fas fa-chevron-circle-down\"\/><\/a>&#13;\n<div id=\"Transmitter\" class=\"collapse\">&#13;\n&#13;\n<a href=\"https:\/\/marshallradio.com\/uk\/wp-content\/uploads\/sites\/2\/2022\/05\/Scout-User-Guide-Combined-2022-Apr.pdf\">Explorar<\/a>&#13;\n&#13;\n<a href=\"https:\/\/marshallradio.com\/uk\/wp-content\/uploads\/sites\/2\/2022\/04\/RT-User-Guide-2022-Apr.pdf\" target=\"_blank\" rel=\"noopener noreferrer\">RT Plus<\/a>&#13;\n&#13;\n<a href=\"https:\/\/marshallradio.com\/uk\/wp-content\/uploads\/sites\/2\/2022\/05\/RT-User-Guide-2022-Update.pdf\">RT Est\u00e1ndar<\/a>&#13;\n&#13;\n<a href=\"http:\/\/marshallradio.com\/uk\/wp-content\/uploads\/sites\/2\/2022\/04\/Micro-User-Guide-2022-April-2.pdf\" target=\"_blank\" rel=\"noopener noreferrer\">Micro<\/a>&#13;\n&#13;\n<a href=\"\/uk\/wp-content\/uploads\/sites\/3\/2019\/07\/PowerMax.pdf\" target=\"_blank\" rel=\"noopener noreferrer\">PowerMax<\/a>&#13;\n&#13;\n<a href=\"https:\/\/marshallradio.com\/uk\/wp-content\/uploads\/sites\/2\/2022\/05\/Turbo-User-Guide-2022-UPDATE.pdf\" target=\"_blank\" rel=\"noopener noreferrer\">RT Turbo<\/a>&#13;\n&#13;\n<\/div>&#13;\n<\/div>\n<div style=\"height:20px\" aria-hidden=\"true\" class=\"wp-block-spacer\"><\/div>\n<div class=\"container\">&#13;\n  <a href=\"#GPS\" class=\"btn btn-info\" data-toggle=\"collapse\">GPS Manuals <i class=\"fas fa-chevron-circle-down\"\/><\/a>&#13;\n  <div id=\"GPS\" class=\"collapse\">&#13;\n   <p><a href=\"http:\/\/marshallradio.com\/eu\/wp-content\/uploads\/sites\/4\/2020\/06\/2020-GPS-NEW-USER-START-UP-NOTES.pdf\" target=\"_blank\" rel=\"noopener noreferrer\">GPS English<\/a><\/p>&#13;\n<p><a href=\"http:\/\/marshallradio.com\/eu\/wp-content\/uploads\/sites\/4\/2020\/06\/SPANISH-GPS-NEW-USER-START-UP-NOTES.pdf\" target=\"_blank\" rel=\"noopener noreferrer\">GPS Espa\u00f1ol<\/a><\/p>&#13;\n<p><a href=\"http:\/\/marshallradio.com\/eu\/wp-content\/uploads\/sites\/4\/2020\/06\/ITALIAN-GPS-NEW-USER-START-UP-NOTES.pdf\" target=\"_blank\" rel=\"noopener noreferrer\">GPS Italiano<\/a><\/p>&#13;\n<p><a href=\"replace with link here\" target=\"_blank\" rel=\"noopener noreferrer\">GPS Fran\u00e7ais \u00e0 venir!<\/a><\/p>&#13;\n<p><a href=\"http:\/\/marshallradio.com\/eu\/wp-content\/uploads\/sites\/4\/2020\/06\/GERMAN-GPS-NEW-USER-START-UP-NOTES.pdf\" target=\"_blank\" rel=\"noopener noreferrer\">GPS Deutsche<\/a><\/p>&#13;\n<p><a href=\"replace with link here\" target=\"_blank\" rel=\"noopener noreferrer\">GPS \u010cesk\u00fd ji\u017e brzy!<\/a><\/p>&#13;\n<p><a href=\"replace with link here\" target=\"_blank\" rel=\"noopener noreferrer\">GPS Nederlands Binnenkort!<\/a><\/p>&#13;\n  <\/div>&#13;\n<\/div>&#13;\n","protected":false},"excerpt":{"rendered":"<p>Si necesita otra copia del Manual del propietario para uno de los receptores, puede descargar una copia de baja resoluci\u00f3n como referencia o solicitar una copia impresa a todo color como reemplazo por 5 \u20ac. El manual del propietario Los<span class=\"ellipsis\">&hellip;<\/span><\/p>\n<div class=\"read-more\"><a href=\"https:\/\/marshallradio.com\/eu\/atencion-al-cliente\/el-manual-del-propietario\/?lang=es\">Read more <span class=\"screen-reader-text\">El manual del propietario<\/span><span class=\"meta-nav\"> &#8250;<\/span><\/a><\/div>\n<p><!-- end of .read-more --><\/p>\n","protected":false},"author":1,"featured_media":34474,"parent":35532,"menu_order":0,"comment_status":"closed","ping_status":"closed","template":"page-home-template.php","meta":{"_acf_changed":false,"footnotes":""},"class_list":["post-35544","page","type-page","status-publish","has-post-thumbnail","hentry"],"acf":[],"_links":{"self":[{"href":"https:\/\/marshallradio.com\/eu\/wp-json\/wp\/v2\/pages\/35544","targetHints":{"allow":["GET"]}}],"collection":[{"href":"https:\/\/marshallradio.com\/eu\/wp-json\/wp\/v2\/pages"}],"about":[{"href":"https:\/\/marshallradio.com\/eu\/wp-json\/wp\/v2\/types\/page"}],"author":[{"embeddable":true,"href":"https:\/\/marshallradio.com\/eu\/wp-json\/wp\/v2\/users\/1"}],"replies":[{"embeddable":true,"href":"https:\/\/marshallradio.com\/eu\/wp-json\/wp\/v2\/comments?post=35544"}],"version-history":[{"count":9,"href":"https:\/\/marshallradio.com\/eu\/wp-json\/wp\/v2\/pages\/35544\/revisions"}],"predecessor-version":[{"id":47622,"href":"https:\/\/marshallradio.com\/eu\/wp-json\/wp\/v2\/pages\/35544\/revisions\/47622"}],"up":[{"embeddable":true,"href":"https:\/\/marshallradio.com\/eu\/wp-json\/wp\/v2\/pages\/35532"}],"wp:featuredmedia":[{"embeddable":true,"href":"https:\/\/marshallradio.com\/eu\/wp-json\/wp\/v2\/media\/34474"}],"wp:attachment":[{"href":"https:\/\/marshallradio.com\/eu\/wp-json\/wp\/v2\/media?parent=35544"}],"curies":[{"name":"wp","href":"https:\/\/api.w.org\/{rel}","templated":true}]}}