
{"id":35546,"date":"2019-07-19T22:09:21","date_gmt":"2019-07-19T22:09:21","guid":{"rendered":"http:\/\/marshallradio.com\/eu\/zakaznicka-podpora\/centrum-nahradnich-dilu-a-sluzeb\/"},"modified":"2020-03-30T22:17:26","modified_gmt":"2020-03-30T22:17:26","slug":"centrum-nahradnich-dilu-a-sluzeb","status":"publish","type":"page","link":"https:\/\/marshallradio.com\/eu\/zakaznicka-podpora\/centrum-nahradnich-dilu-a-sluzeb\/?lang=cs","title":{"rendered":"Centrum n\u00e1hradn\u00edch d\u00edl\u016f a slu\u017eeb"},"content":{"rendered":"\n<div style=\"height:20px\" aria-hidden=\"true\" class=\"wp-block-spacer\"><\/div>\n\n\n<p>V\u011bt\u0161ina sou\u010d\u00e1st\u00ed pot\u0159ebn\u00fdch pro b\u011b\u017enou \u00fadr\u017ebu se nach\u00e1z\u00ed na str\u00e1nce p\u0159\u00edslu\u0161enstv\u00ed. Pokud zjist\u00edte, \u017ee pot\u0159ebujete dal\u0161\u00ed konkr\u00e9tn\u00ed polo\u017eky neuveden\u00e9 v seznamu, zavolejte n\u00e1m o pomoc.<\/p>\n\n\n<div class=\"wp-block-columns is-layout-flex wp-container-core-columns-is-layout-9d6595d7 wp-block-columns-is-layout-flex\">\n<div class=\"wp-block-column is-layout-flow wp-block-column-is-layout-flow\">\n<h2 class=\"wp-block-heading\">POLO\u017dKY P\u0158IJ\u00cdMA\u010cE:<\/h2>\n\n\n\n<ul class=\"wp-block-list\"><li>N\u00e1hradn\u00ed koaxi\u00e1ln\u00ed kabel<\/li><li>Adapt\u00e9r BNC<\/li><li><a href=\"http:\/\/marshallradio.com\/eu\/produkt\/nahradni-kryt-baterie-pro-prijimace\/?lang=cs\">N\u00e1hradn\u00ed kryt baterie pro p\u0159ij\u00edma\u010de<\/a><\/li><li><a href=\"http:\/\/marshallradio.com\/eu\/produkt\/nahradni-dily-pro-antenu-yagi\/?lang=cs\">N\u00e1hradn\u00ed d\u00edly pro ant\u00e9nu Yagi<\/a><a href=\"https:\/\/http:\/\/marshallradio.com\/eu\/produkt\/nahradni-dily-pro-antenu-yagi\/?lang=cs\"> <\/a><\/li><\/ul>\n<\/div>\n\n\n\n<div class=\"wp-block-column is-layout-flow wp-block-column-is-layout-flow\">\n<h2 class=\"wp-block-heading\">POLO\u017dKY P\u0158ENOSOVA\u010cE:<\/h2>\n\n\n\n<ul class=\"wp-block-list\"><li><a href=\"http:\/\/marshallradio.com\/eu\/produkt\/nahradni-vika-pro-vysilace\/?lang=cs\"> N\u00e1hradn\u00ed v\u00edka pro vys\u00edla\u010de<\/a><\/li><li><a href=\"http:\/\/marshallradio.com\/eu\/produkt\/ocasni-pruziny\/?lang=cs\">Ocasn\u00ed pru\u017einy<\/a><\/li><li><a href=\"http:\/\/marshallradio.com\/eu\/produkt\/antena\/?lang=cs\">N\u00e1hradn\u00ed ant\u00e9na <\/a><\/li><\/ul>\n<\/div>\n\n\n\n<div class=\"wp-block-column is-layout-flow wp-block-column-is-layout-flow\">\n<h2 class=\"wp-block-heading\">POLO\u017dKY NA SERVIS A OPRAVY:<\/h2>\n\n\n\n<ul class=\"wp-block-list\"><li>Marshall nab\u00edz\u00ed syst\u00e9m \u201eTestujte a vyla\u010fte servis pro va\u0161e produkty Marshall.  <a href=\"http:\/\/marshallradio.com\/eu\/kategorie-produktu\/sluzby\/?lang=cs\">Zde se m\u016f\u017eete dozv\u011bd\u011bt v\u00edce o slu\u017eb\u00e1ch, kter\u00e9 poskytujeme.<\/a><\/li><\/ul>\n<\/div>\n<\/div>\n","protected":false},"excerpt":{"rendered":"<p>V\u011bt\u0161ina sou\u010d\u00e1st\u00ed pot\u0159ebn\u00fdch pro b\u011b\u017enou \u00fadr\u017ebu se nach\u00e1z\u00ed na str\u00e1nce p\u0159\u00edslu\u0161enstv\u00ed. Pokud zjist\u00edte, \u017ee pot\u0159ebujete dal\u0161\u00ed konkr\u00e9tn\u00ed polo\u017eky neuveden\u00e9 v seznamu, zavolejte n\u00e1m o pomoc. POLO\u017dKY P\u0158IJ\u00cdMA\u010cE: N\u00e1hradn\u00ed koaxi\u00e1ln\u00ed kabel Adapt\u00e9r BNC N\u00e1hradn\u00ed kryt baterie pro p\u0159ij\u00edma\u010de N\u00e1hradn\u00ed d\u00edly pro<span class=\"ellipsis\">&hellip;<\/span><\/p>\n<div class=\"read-more\"><a href=\"https:\/\/marshallradio.com\/eu\/zakaznicka-podpora\/centrum-nahradnich-dilu-a-sluzeb\/?lang=cs\">Read more <span class=\"screen-reader-text\">Centrum n\u00e1hradn\u00edch d\u00edl\u016f a slu\u017eeb<\/span><span class=\"meta-nav\"> &#8250;<\/span><\/a><\/div>\n<p><!-- end of .read-more --><\/p>\n","protected":false},"author":1,"featured_media":34469,"parent":35527,"menu_order":0,"comment_status":"closed","ping_status":"closed","template":"page-home-template.php","meta":{"_acf_changed":false,"footnotes":""},"class_list":["post-35546","page","type-page","status-publish","has-post-thumbnail","hentry"],"acf":[],"_links":{"self":[{"href":"https:\/\/marshallradio.com\/eu\/wp-json\/wp\/v2\/pages\/35546","targetHints":{"allow":["GET"]}}],"collection":[{"href":"https:\/\/marshallradio.com\/eu\/wp-json\/wp\/v2\/pages"}],"about":[{"href":"https:\/\/marshallradio.com\/eu\/wp-json\/wp\/v2\/types\/page"}],"author":[{"embeddable":true,"href":"https:\/\/marshallradio.com\/eu\/wp-json\/wp\/v2\/users\/1"}],"replies":[{"embeddable":true,"href":"https:\/\/marshallradio.com\/eu\/wp-json\/wp\/v2\/comments?post=35546"}],"version-history":[{"count":5,"href":"https:\/\/marshallradio.com\/eu\/wp-json\/wp\/v2\/pages\/35546\/revisions"}],"predecessor-version":[{"id":39688,"href":"https:\/\/marshallradio.com\/eu\/wp-json\/wp\/v2\/pages\/35546\/revisions\/39688"}],"up":[{"embeddable":true,"href":"https:\/\/marshallradio.com\/eu\/wp-json\/wp\/v2\/pages\/35527"}],"wp:featuredmedia":[{"embeddable":true,"href":"https:\/\/marshallradio.com\/eu\/wp-json\/wp\/v2\/media\/34469"}],"wp:attachment":[{"href":"https:\/\/marshallradio.com\/eu\/wp-json\/wp\/v2\/media?parent=35546"}],"curies":[{"name":"wp","href":"https:\/\/api.w.org\/{rel}","templated":true}]}}