
{"id":35550,"date":"2019-07-19T22:10:15","date_gmt":"2019-07-19T22:10:15","guid":{"rendered":"http:\/\/marshallradio.com\/eu\/service-client\/centre-de-pieces-et-services\/"},"modified":"2020-03-30T22:35:57","modified_gmt":"2020-03-30T22:35:57","slug":"centre-de-pieces-et-services","status":"publish","type":"page","link":"https:\/\/marshallradio.com\/eu\/service-client\/centre-de-pieces-et-services\/?lang=fr","title":{"rendered":"Centre de pi\u00e8ces et services"},"content":{"rendered":"\n<div style=\"height:20px\" aria-hidden=\"true\" class=\"wp-block-spacer\"><\/div>\n\n\n<p>La plupart des pi\u00e8ces n\u00e9cessaires \u00e0 la maintenance de routine se trouvent sur la page des accessoires. Si vous trouvez que vous avez besoin d&#8217;autres articles sp\u00e9cifiques non r\u00e9pertori\u00e9s, appelez-nous pour obtenir de l&#8217;aide.<\/p>\n\n\n<div class=\"wp-block-columns is-layout-flex wp-container-core-columns-is-layout-9d6595d7 wp-block-columns-is-layout-flex\">\n<div class=\"wp-block-column is-layout-flow wp-block-column-is-layout-flow\">\n<h2 class=\"wp-block-heading\">ARTICLES DE R\u00c9CEPTEUR:<\/h2>\n\n\n\n<ul class=\"wp-block-list\"><li>C\u00e2ble coaxial de rechange<\/li><li>Adaptateur BNC<\/li><li><a href=\"http:\/\/marshallradio.com\/eu\/produit\/couvercle-de-batterie-de-remplacement-pour-recepteurs\/?lang=fr\">Couvercle de batterie de rechange<\/a><\/li><li><a href=\"http:\/\/marshallradio.com\/eu\/produit\/pieces-de-rechange-pour-antenne-yagi\/?lang=fr\">Assemblages de support d&#8217;antenne individuels <\/a><\/li><\/ul>\n<\/div>\n\n\n\n<div class=\"wp-block-column is-layout-flow wp-block-column-is-layout-flow\">\n<h2 class=\"wp-block-heading\">ARTICLES D&#8217;\u00c9METTEUR:<\/h2>\n\n\n\n<ul class=\"wp-block-list\"><li><a href=\"http:\/\/marshallradio.com\/eu\/produit\/couvercles-de-remplacement-pour-emetteurs\/?lang=fr\"> Couvercles de batterie de rechange<\/a><\/li><li><a href=\"http:\/\/marshallradio.com\/eu\/produit\/ressorts-de-queue\/?lang=fr\">Ressorts de queue de rechange<\/a><\/li><li><a href=\"http:\/\/marshallradio.com\/eu\/produit\/antenne-de-rechange\/?lang=fr\">Antenne de remplacement <\/a><\/li><\/ul>\n<\/div>\n\n\n\n<div class=\"wp-block-column is-layout-flow wp-block-column-is-layout-flow\">\n<h2 class=\"wp-block-heading\">ARTICLES DE SERVICE ET DE R\u00c9PARATION:<\/h2>\n\n\n\n<ul class=\"wp-block-list\"><li>Marshall propose un syst\u00e8me de \u00abTest et r\u00e9glage du service pour vos produits Marshall.  <a href=\"http:\/\/marshallradio.com\/eu\/categorie-produit\/prestations-de-service\/?lang=fr\">Vous pouvez en savoir plus sur les services que nous proposons ici.<\/a><\/li><\/ul>\n<\/div>\n<\/div>\n","protected":false},"excerpt":{"rendered":"<p>La plupart des pi\u00e8ces n\u00e9cessaires \u00e0 la maintenance de routine se trouvent sur la page des accessoires. Si vous trouvez que vous avez besoin d&#8217;autres articles sp\u00e9cifiques non r\u00e9pertori\u00e9s, appelez-nous pour obtenir de l&#8217;aide. ARTICLES DE R\u00c9CEPTEUR: C\u00e2ble coaxial de<span class=\"ellipsis\">&hellip;<\/span><\/p>\n<div class=\"read-more\"><a href=\"https:\/\/marshallradio.com\/eu\/service-client\/centre-de-pieces-et-services\/?lang=fr\">Read more <span class=\"screen-reader-text\">Centre de pi\u00e8ces et services<\/span><span class=\"meta-nav\"> &#8250;<\/span><\/a><\/div>\n<p><!-- end of .read-more --><\/p>\n","protected":false},"author":1,"featured_media":34471,"parent":35529,"menu_order":0,"comment_status":"closed","ping_status":"closed","template":"page-home-template.php","meta":{"_acf_changed":false,"footnotes":""},"class_list":["post-35550","page","type-page","status-publish","has-post-thumbnail","hentry"],"acf":[],"_links":{"self":[{"href":"https:\/\/marshallradio.com\/eu\/wp-json\/wp\/v2\/pages\/35550","targetHints":{"allow":["GET"]}}],"collection":[{"href":"https:\/\/marshallradio.com\/eu\/wp-json\/wp\/v2\/pages"}],"about":[{"href":"https:\/\/marshallradio.com\/eu\/wp-json\/wp\/v2\/types\/page"}],"author":[{"embeddable":true,"href":"https:\/\/marshallradio.com\/eu\/wp-json\/wp\/v2\/users\/1"}],"replies":[{"embeddable":true,"href":"https:\/\/marshallradio.com\/eu\/wp-json\/wp\/v2\/comments?post=35550"}],"version-history":[{"count":5,"href":"https:\/\/marshallradio.com\/eu\/wp-json\/wp\/v2\/pages\/35550\/revisions"}],"predecessor-version":[{"id":39696,"href":"https:\/\/marshallradio.com\/eu\/wp-json\/wp\/v2\/pages\/35550\/revisions\/39696"}],"up":[{"embeddable":true,"href":"https:\/\/marshallradio.com\/eu\/wp-json\/wp\/v2\/pages\/35529"}],"wp:featuredmedia":[{"embeddable":true,"href":"https:\/\/marshallradio.com\/eu\/wp-json\/wp\/v2\/media\/34471"}],"wp:attachment":[{"href":"https:\/\/marshallradio.com\/eu\/wp-json\/wp\/v2\/media?parent=35550"}],"curies":[{"name":"wp","href":"https:\/\/api.w.org\/{rel}","templated":true}]}}