
{"id":35552,"date":"2019-07-19T22:10:56","date_gmt":"2019-07-19T22:10:56","guid":{"rendered":"http:\/\/marshallradio.com\/eu\/kundendienst\/teile-und-service-center\/"},"modified":"2020-03-30T22:38:24","modified_gmt":"2020-03-30T22:38:24","slug":"teile-und-service-center","status":"publish","type":"page","link":"https:\/\/marshallradio.com\/eu\/kundendienst\/teile-und-service-center\/?lang=de","title":{"rendered":"Teile- und Service-Center"},"content":{"rendered":"\n<div style=\"height:20px\" aria-hidden=\"true\" class=\"wp-block-spacer\"><\/div>\n\n\n<p>Die meisten Teile, die f\u00fcr die routinem\u00e4\u00dfige Wartung ben\u00f6tigt werden, finden Sie auf der Zubeh\u00f6rseite. Wenn Sie weitere, nicht aufgef\u00fchrte Artikel ben\u00f6tigen, rufen Sie uns bitte an.<\/p>\n\n\n<div class=\"wp-block-columns is-layout-flex wp-container-core-columns-is-layout-9d6595d7 wp-block-columns-is-layout-flex\">\n<div class=\"wp-block-column is-layout-flow wp-block-column-is-layout-flow\">\n<h2 class=\"wp-block-heading\">EMPF\u00c4NGERGEGENST\u00c4NDE:<\/h2>\n\n\n\n<ul class=\"wp-block-list\"><li>Ersatz-Koaxialkabel<\/li><li>BNC-Adapter<\/li><li><a href=\"http:\/\/marshallradio.com\/eu\/produkt\/ersatzakkufachdeckel-fur-empfanger\/?lang=de\">Ersatzbatterieabdeckung<\/a><\/li><li><a href=\"http:\/\/marshallradio.com\/eu\/produkt\/ersatzteile-fur-yagi-antenne\/?lang=de\">Einzelne Antennenhalterungen <\/a><\/li><\/ul>\n<\/div>\n\n\n\n<div class=\"wp-block-column is-layout-flow wp-block-column-is-layout-flow\">\n<h2 class=\"wp-block-heading\">SENDERGEGENST\u00c4NDE:<\/h2>\n\n\n\n<ul class=\"wp-block-list\"><li><a href=\"http:\/\/marshallradio.com\/eu\/produkt\/ersatzdeckel-fur-sender\/?lang=de\"> Ersatzbatteriedeckel<\/a><\/li><li><a href=\"http:\/\/marshallradio.com\/eu\/produkt\/schwanzfedern\/?lang=de\">Ersatz-Heckfedern<\/a><\/li><li><a href=\"http:\/\/marshallradio.com\/eu\/produkt\/ersatzantenne\/?lang=de\">Ersatzantenne <\/a><\/li><\/ul>\n<\/div>\n\n\n\n<div class=\"wp-block-column is-layout-flow wp-block-column-is-layout-flow\">\n<h2 class=\"wp-block-heading\">SERVICE- UND REPARATURGEGENST\u00c4NDE:<\/h2>\n\n\n\n<ul class=\"wp-block-list\"><li>Marshall bietet einen System-Test- und Tune-Service f\u00fcr Ihre Marshall-Produkte an. <a href=\"http:\/\/marshallradio.com\/eu\/produkt-kategorie\/dienstleistungen\/?lang=de\"> Hier erfahren Sie mehr \u00fcber die von uns angebotenen Dienstleistungen.<\/a><\/li><\/ul>\n<\/div>\n<\/div>\n","protected":false},"excerpt":{"rendered":"<p>Die meisten Teile, die f\u00fcr die routinem\u00e4\u00dfige Wartung ben\u00f6tigt werden, finden Sie auf der Zubeh\u00f6rseite. Wenn Sie weitere, nicht aufgef\u00fchrte Artikel ben\u00f6tigen, rufen Sie uns bitte an. EMPF\u00c4NGERGEGENST\u00c4NDE: Ersatz-Koaxialkabel BNC-Adapter Ersatzbatterieabdeckung Einzelne Antennenhalterungen SENDERGEGENST\u00c4NDE: Ersatzbatteriedeckel Ersatz-Heckfedern Ersatzantenne SERVICE- UND REPARATURGEGENST\u00c4NDE:<span class=\"ellipsis\">&hellip;<\/span><\/p>\n<div class=\"read-more\"><a href=\"https:\/\/marshallradio.com\/eu\/kundendienst\/teile-und-service-center\/?lang=de\">Read more <span class=\"screen-reader-text\">Teile- und Service-Center<\/span><span class=\"meta-nav\"> &#8250;<\/span><\/a><\/div>\n<p><!-- end of .read-more --><\/p>\n","protected":false},"author":1,"featured_media":34472,"parent":35530,"menu_order":0,"comment_status":"closed","ping_status":"closed","template":"page-home-template.php","meta":{"_acf_changed":false,"footnotes":""},"class_list":["post-35552","page","type-page","status-publish","has-post-thumbnail","hentry"],"acf":[],"_links":{"self":[{"href":"https:\/\/marshallradio.com\/eu\/wp-json\/wp\/v2\/pages\/35552","targetHints":{"allow":["GET"]}}],"collection":[{"href":"https:\/\/marshallradio.com\/eu\/wp-json\/wp\/v2\/pages"}],"about":[{"href":"https:\/\/marshallradio.com\/eu\/wp-json\/wp\/v2\/types\/page"}],"author":[{"embeddable":true,"href":"https:\/\/marshallradio.com\/eu\/wp-json\/wp\/v2\/users\/1"}],"replies":[{"embeddable":true,"href":"https:\/\/marshallradio.com\/eu\/wp-json\/wp\/v2\/comments?post=35552"}],"version-history":[{"count":5,"href":"https:\/\/marshallradio.com\/eu\/wp-json\/wp\/v2\/pages\/35552\/revisions"}],"predecessor-version":[{"id":39697,"href":"https:\/\/marshallradio.com\/eu\/wp-json\/wp\/v2\/pages\/35552\/revisions\/39697"}],"up":[{"embeddable":true,"href":"https:\/\/marshallradio.com\/eu\/wp-json\/wp\/v2\/pages\/35530"}],"wp:featuredmedia":[{"embeddable":true,"href":"https:\/\/marshallradio.com\/eu\/wp-json\/wp\/v2\/media\/34472"}],"wp:attachment":[{"href":"https:\/\/marshallradio.com\/eu\/wp-json\/wp\/v2\/media?parent=35552"}],"curies":[{"name":"wp","href":"https:\/\/api.w.org\/{rel}","templated":true}]}}