
{"id":35556,"date":"2019-07-19T22:11:57","date_gmt":"2019-07-19T22:11:57","guid":{"rendered":"http:\/\/marshallradio.com\/eu\/atencion-al-cliente\/centro-de-piezas-y-servicios\/"},"modified":"2020-03-30T22:43:01","modified_gmt":"2020-03-30T22:43:01","slug":"centro-de-piezas-y-servicios","status":"publish","type":"page","link":"https:\/\/marshallradio.com\/eu\/atencion-al-cliente\/centro-de-piezas-y-servicios\/?lang=es","title":{"rendered":"Centro de piezas y servicios"},"content":{"rendered":"\n<div style=\"height:20px\" aria-hidden=\"true\" class=\"wp-block-spacer\"><\/div>\n\n\n<p>La mayor\u00eda de las piezas necesarias para el mantenimiento diario se encuentran en la p\u00e1gina de accesorios. Si encuentra que necesita otros art\u00edculos espec\u00edficos que no figuran en la lista, ll\u00e1menos para obtener ayuda.<\/p>\n\n\n<div class=\"wp-block-columns is-layout-flex wp-container-core-columns-is-layout-9d6595d7 wp-block-columns-is-layout-flex\">\n<div class=\"wp-block-column is-layout-flow wp-block-column-is-layout-flow\">\n<h2 class=\"wp-block-heading\">ART\u00cdCULOS DEL RECEPTOR:<\/h2>\n\n\n\n<ul class=\"wp-block-list\"><li>Cable coaxial de repuesto<\/li><li>Adaptador BNC<\/li><li><a href=\"http:\/\/marshallradio.com\/eu\/producto\/tapa-de-bateria-de-recambio-para-receptores\/?lang=es\">Tapa de bater\u00eda de repuesto<\/a><\/li><li><a href=\"http:\/\/marshallradio.com\/eu\/producto\/repuestos-para-antena-yagi\/?lang=es\">Conjuntos de soporte de antena individual <\/a><\/li><\/ul>\n<\/div>\n\n\n\n<div class=\"wp-block-column is-layout-flow wp-block-column-is-layout-flow\">\n<h2 class=\"wp-block-heading\">ART\u00cdCULOS DEL TRANSMISOR:<\/h2>\n\n\n\n<ul class=\"wp-block-list\"><li><a href=\"http:\/\/marshallradio.com\/eu\/producto\/reemplazo-de-tapas-para-transmisores\/?lang=es\"> Tapas de bater\u00eda de repuesto<\/a><\/li><li><a href=\"http:\/\/marshallradio.com\/eu\/producto\/alambres-para-emisores\/?lang=es\">Resortes de cola de repuesto<\/a><\/li><li><a href=\"http:\/\/marshallradio.com\/eu\/producto\/antena-de-repuesto\/?lang=es\">Antena de repuesto <\/a><\/li><\/ul>\n<\/div>\n\n\n\n<div class=\"wp-block-column is-layout-flow wp-block-column-is-layout-flow\">\n<h2 class=\"wp-block-heading\">SERVICIO Y REPARACI\u00d3N DE ART\u00cdCULOS:<\/h2>\n\n\n\n<ul class=\"wp-block-list\"><li>Marshall ofrece un sistema de &#8220;Servicio de prueba y ajuste para sus productos Marshall.  <a href=\"http:\/\/marshallradio.com\/eu\/categoria-producto\/servicios\/?lang=es\">Puede obtener m\u00e1s informaci\u00f3n sobre los servicios que brindamos aqu\u00ed.<\/a><\/li><\/ul>\n<\/div>\n<\/div>\n","protected":false},"excerpt":{"rendered":"<p>La mayor\u00eda de las piezas necesarias para el mantenimiento diario se encuentran en la p\u00e1gina de accesorios. Si encuentra que necesita otros art\u00edculos espec\u00edficos que no figuran en la lista, ll\u00e1menos para obtener ayuda. ART\u00cdCULOS DEL RECEPTOR: Cable coaxial de<span class=\"ellipsis\">&hellip;<\/span><\/p>\n<div class=\"read-more\"><a href=\"https:\/\/marshallradio.com\/eu\/atencion-al-cliente\/centro-de-piezas-y-servicios\/?lang=es\">Read more <span class=\"screen-reader-text\">Centro de piezas y servicios<\/span><span class=\"meta-nav\"> &#8250;<\/span><\/a><\/div>\n<p><!-- end of .read-more --><\/p>\n","protected":false},"author":1,"featured_media":34474,"parent":35532,"menu_order":0,"comment_status":"closed","ping_status":"closed","template":"page-home-template.php","meta":{"_acf_changed":false,"footnotes":""},"class_list":["post-35556","page","type-page","status-publish","has-post-thumbnail","hentry"],"acf":[],"_links":{"self":[{"href":"https:\/\/marshallradio.com\/eu\/wp-json\/wp\/v2\/pages\/35556","targetHints":{"allow":["GET"]}}],"collection":[{"href":"https:\/\/marshallradio.com\/eu\/wp-json\/wp\/v2\/pages"}],"about":[{"href":"https:\/\/marshallradio.com\/eu\/wp-json\/wp\/v2\/types\/page"}],"author":[{"embeddable":true,"href":"https:\/\/marshallradio.com\/eu\/wp-json\/wp\/v2\/users\/1"}],"replies":[{"embeddable":true,"href":"https:\/\/marshallradio.com\/eu\/wp-json\/wp\/v2\/comments?post=35556"}],"version-history":[{"count":9,"href":"https:\/\/marshallradio.com\/eu\/wp-json\/wp\/v2\/pages\/35556\/revisions"}],"predecessor-version":[{"id":39699,"href":"https:\/\/marshallradio.com\/eu\/wp-json\/wp\/v2\/pages\/35556\/revisions\/39699"}],"up":[{"embeddable":true,"href":"https:\/\/marshallradio.com\/eu\/wp-json\/wp\/v2\/pages\/35532"}],"wp:featuredmedia":[{"embeddable":true,"href":"https:\/\/marshallradio.com\/eu\/wp-json\/wp\/v2\/media\/34474"}],"wp:attachment":[{"href":"https:\/\/marshallradio.com\/eu\/wp-json\/wp\/v2\/media?parent=35556"}],"curies":[{"name":"wp","href":"https:\/\/api.w.org\/{rel}","templated":true}]}}