
{"id":35558,"date":"2019-07-19T22:12:18","date_gmt":"2019-07-19T22:12:18","guid":{"rendered":"http:\/\/marshallradio.com\/eu\/zakaznicka-podpora\/zasady\/"},"modified":"2019-11-08T20:26:25","modified_gmt":"2019-11-08T20:26:25","slug":"zasady","status":"publish","type":"page","link":"https:\/\/marshallradio.com\/eu\/zakaznicka-podpora\/zasady\/?lang=cs","title":{"rendered":"Z\u00e1sady"},"content":{"rendered":"\n<div class=\"wp-block-columns has-3-columns is-layout-flex wp-container-core-columns-is-layout-9d6595d7 wp-block-columns-is-layout-flex\">\n<div class=\"wp-block-column is-layout-flow wp-block-column-is-layout-flow\">\n<h2 class=\"wp-block-heading\">P\u0159epravn\u00ed politika<\/h2>\n\n\n\n<p><strong>Na sklad\u011b:<\/strong> Marshall Radio vynakl\u00e1d\u00e1 ve\u0161ker\u00e9 \u00fasil\u00ed k odesl\u00e1n\u00ed objedn\u00e1vky do 24 hodin.<\/p>\n\n\n\n<p><strong>Nen\u00ed skladem:<\/strong> Marshall Radio bude kontaktovat z\u00e1kazn\u00edka telefonicky nebo e-mailem a poskytne odhadovan\u00e9 datum odesl\u00e1n\u00ed.<\/p>\n\n\n\n<p>P\u0159epravu prov\u00e1d\u00ed dopravce, kter\u00fd z\u00e1kazn\u00edk ur\u010dil (UPS, USPS, FedEx). Marshall Radio si vyhrazuje pr\u00e1vo zm\u011bnit dopravce nebo upgradovat va\u0161i p\u0159epravu za p\u0159edpokladu, \u017ee se t\u00edm nezv\u00fd\u0161\u00ed celkov\u00e1 doba p\u0159epravy va\u0161\u00ed z\u00e1silky.<\/p>\n\n\n\n<p>Za jakoukoli z\u00e1silku, kter\u00e1 je vr\u00e1cena jako nedoru\u010diteln\u00e1, bude za ve\u0161ker\u00e9 n\u00e1klady na dopravu odpov\u011bdn\u00fd z\u00e1kazn\u00edk.<\/p>\n\n\n\n<p>Platba se prov\u00e1d\u00ed v okam\u017eiku objedn\u00e1vky prost\u0159ednictv\u00edm Visa nebo MasterCard a je \u00fa\u010dtov\u00e1na na \u00fa\u010det z\u00e1kazn\u00edka v dob\u011b, kdy je n\u00e1kup proveden na Marshallradio.com. V p\u0159\u00edpad\u011b dal\u0161\u00edch platebn\u00edch mo\u017enost\u00ed (nap\u0159. Hotovost, \u0161ek, pen\u011b\u017en\u00ed pouk\u00e1zka nebo bankovn\u00ed p\u0159evod) kontaktujte pros\u00edm Marshall Radio Telemetry v jedn\u00e9 z n\u00e1sleduj\u00edc\u00edch kancel\u00e1\u0159\u00ed<\/p>\n\n\n\n<p><strong>UK Kancel\u00e1\u0159:<\/strong>\u00a0+44 161 870 6518<br><strong>N\u011bmeck\u00e1 kancel\u00e1\u0159:<\/strong>\u00a0+49 641 944 60761<br><strong>\u0160pan\u011blsk\u00fd \u00fa\u0159ad:<\/strong>\u00a0+34 652 166 436 <\/p>\n<\/div>\n\n\n\n<div class=\"wp-block-column is-layout-flow wp-block-column-is-layout-flow\">\n<h2 class=\"wp-block-heading\">Z\u00e1sady zabezpe\u010den\u00ed webov\u00fdch str\u00e1nek<\/h2>\n\n\n\n<p>P\u0159i odes\u00edl\u00e1n\u00ed citliv\u00fdch informac\u00ed prost\u0159ednictv\u00edm webu jsou va\u0161e informace chr\u00e1n\u011bny online i offline. Kdy\u017e v\u00e1s n\u00e1\u0161 registra\u010dn\u00ed \/ objedn\u00e1vkov\u00fd formul\u00e1\u0159 po\u017e\u00e1d\u00e1 o zad\u00e1n\u00ed citliv\u00fdch informac\u00ed (nap\u0159\u00edklad \u010d\u00edslo va\u0161\u00ed kreditn\u00ed karty), jsou tyto informace za\u0161ifrov\u00e1ny a jsou chr\u00e1n\u011bny nejlep\u0161\u00edm \u0161ifrovac\u00edm softwarem, kter\u00fd je v sou\u010dasn\u00e9 dob\u011b k dispozici &#8211; SSL.<\/p>\n\n\n\n<p>P\u0159\u00edstup ke v\u0161em informac\u00edm na\u0161ich u\u017eivatel\u016f je omezen. Marshall Radio pracuje v zabezpe\u010den\u00e9m a uzam\u010den\u00e9m za\u0159\u00edzen\u00ed. P\u0159\u00edstup k osobn\u00edm identifika\u010dn\u00edm \u00fadaj\u016fm maj\u00ed pouze zam\u011bstnanci, kte\u0159\u00ed pot\u0159ebuj\u00ed tyto informace k proveden\u00ed konkr\u00e9tn\u00ed pr\u00e1ce. V\u0161echny servery Marshall Radio, v\u010detn\u011b webov\u00fdch server\u016f a datab\u00e1zov\u00fdch server\u016f, jsou um\u00edst\u011bny a udr\u017eov\u00e1ny na bezpe\u010dn\u00fdch m\u00edstech. P\u0159\u00edstup do datab\u00e1ze je p\u0159\u00edsn\u011b sledov\u00e1n a chr\u00e1n\u011bn p\u0159ed vn\u011bj\u0161\u00edm p\u0159\u00edstupem. P\u0159\u00edstup na internet je omezen a chr\u00e1n\u011bn.<\/p>\n<\/div>\n\n\n\n<div class=\"wp-block-column is-layout-flow wp-block-column-is-layout-flow\">\n<h2 class=\"wp-block-heading\">Z\u00e1sady vr\u00e1cen\u00ed pen\u011bz<\/h2>\n\n\n\n<p>Na\u0161\u00edm c\u00edlem v Marshall Radio Telemetry je 100% spokojenost z\u00e1kazn\u00edk\u016f. Jsme hrd\u00ed na kvalitu a v\u00fdkon na\u0161ich v\u00fdrobk\u016f a skv\u011bl\u00fd z\u00e1kaznick\u00fd servis je na\u0161\u00ed nejvy\u0161\u0161\u00ed prioritou. Pokud z jak\u00e9hokoli d\u016fvodu nejste s n\u00e1kupem zcela spokojeni, nab\u00edz\u00edme v\u00e1m 30denn\u00ed z\u00e1ruku vr\u00e1cen\u00ed pen\u011bz. Chcete-li vr\u00e1tit pen\u00edze za jakoukoli polo\u017eku ve va\u0161\u00ed z\u00e1silce, jednodu\u0161e ji vra\u0165te na p\u016fvodn\u00ed m\u00edsto dod\u00e1n\u00ed Marshall do 30 dn\u016f pomoc\u00ed poji\u0161t\u011bn\u00e9ho a sledovateln\u00e9ho kur\u00fdra podle va\u0161eho v\u00fdb\u011bru. Dokud je polo\u017eka ve stavu jako je nov\u00fd a lze jej znovu prodat, obdr\u017e\u00edte plnou n\u00e1hradu za n\u00e1kupn\u00ed cenu polo\u017eky (bez n\u00e1klad\u016f na dopravu). Kredit bude za\u00fa\u010dtov\u00e1n na kreditn\u00ed kartu pou\u017eitou p\u0159i objedn\u00e1vce do 5 pracovn\u00edch dn\u016f. Pro dal\u0161\u00ed pomoc s polo\u017ekami, kter\u00e9 jste si objednali, n\u00e1s pros\u00edm kontaktujte.<\/p>\n<\/div>\n<\/div>\n","protected":false},"excerpt":{"rendered":"<p>P\u0159epravn\u00ed politika Na sklad\u011b: Marshall Radio vynakl\u00e1d\u00e1 ve\u0161ker\u00e9 \u00fasil\u00ed k odesl\u00e1n\u00ed objedn\u00e1vky do 24 hodin. Nen\u00ed skladem: Marshall Radio bude kontaktovat z\u00e1kazn\u00edka telefonicky nebo e-mailem a poskytne odhadovan\u00e9 datum odesl\u00e1n\u00ed. P\u0159epravu prov\u00e1d\u00ed dopravce, kter\u00fd z\u00e1kazn\u00edk ur\u010dil (UPS, USPS, FedEx). Marshall<span class=\"ellipsis\">&hellip;<\/span><\/p>\n<div class=\"read-more\"><a href=\"https:\/\/marshallradio.com\/eu\/zakaznicka-podpora\/zasady\/?lang=cs\">Read more <span class=\"screen-reader-text\">Z\u00e1sady<\/span><span class=\"meta-nav\"> &#8250;<\/span><\/a><\/div>\n<p><!-- end of .read-more --><\/p>\n","protected":false},"author":1,"featured_media":34469,"parent":35527,"menu_order":0,"comment_status":"closed","ping_status":"closed","template":"page-home-template.php","meta":{"_acf_changed":false,"footnotes":""},"class_list":["post-35558","page","type-page","status-publish","has-post-thumbnail","hentry"],"acf":[],"_links":{"self":[{"href":"https:\/\/marshallradio.com\/eu\/wp-json\/wp\/v2\/pages\/35558","targetHints":{"allow":["GET"]}}],"collection":[{"href":"https:\/\/marshallradio.com\/eu\/wp-json\/wp\/v2\/pages"}],"about":[{"href":"https:\/\/marshallradio.com\/eu\/wp-json\/wp\/v2\/types\/page"}],"author":[{"embeddable":true,"href":"https:\/\/marshallradio.com\/eu\/wp-json\/wp\/v2\/users\/1"}],"replies":[{"embeddable":true,"href":"https:\/\/marshallradio.com\/eu\/wp-json\/wp\/v2\/comments?post=35558"}],"version-history":[{"count":4,"href":"https:\/\/marshallradio.com\/eu\/wp-json\/wp\/v2\/pages\/35558\/revisions"}],"predecessor-version":[{"id":38593,"href":"https:\/\/marshallradio.com\/eu\/wp-json\/wp\/v2\/pages\/35558\/revisions\/38593"}],"up":[{"embeddable":true,"href":"https:\/\/marshallradio.com\/eu\/wp-json\/wp\/v2\/pages\/35527"}],"wp:featuredmedia":[{"embeddable":true,"href":"https:\/\/marshallradio.com\/eu\/wp-json\/wp\/v2\/media\/34469"}],"wp:attachment":[{"href":"https:\/\/marshallradio.com\/eu\/wp-json\/wp\/v2\/media?parent=35558"}],"curies":[{"name":"wp","href":"https:\/\/api.w.org\/{rel}","templated":true}]}}