
{"id":35562,"date":"2019-07-19T22:12:43","date_gmt":"2019-07-19T22:12:43","guid":{"rendered":"http:\/\/marshallradio.com\/eu\/service-client\/politiques\/"},"modified":"2019-11-08T20:25:57","modified_gmt":"2019-11-08T20:25:57","slug":"politiques","status":"publish","type":"page","link":"https:\/\/marshallradio.com\/eu\/service-client\/politiques\/?lang=fr","title":{"rendered":"Politiques"},"content":{"rendered":"\n<div class=\"wp-block-columns has-3-columns is-layout-flex wp-container-core-columns-is-layout-9d6595d7 wp-block-columns-is-layout-flex\">\n<div class=\"wp-block-column is-layout-flow wp-block-column-is-layout-flow\">\n<h2 class=\"wp-block-heading\">Politique de livraison<\/h2>\n\n\n\n<p><strong>Pour les articles en stock:<\/strong> Marshall Radio met tout en \u0153uvre pour exp\u00e9dier votre commande dans les 24 heures.<\/p>\n\n\n\n<p><strong>Pour les articles en rupture de stock:<\/strong> Marshall Radio contactera le client par t\u00e9l\u00e9phone ou par courrier \u00e9lectronique et lui donnera une date d&#8217;exp\u00e9dition estim\u00e9e.<\/p>\n\n\n\n<p>L&#8217;exp\u00e9dition est effectu\u00e9e par le transporteur sp\u00e9cifi\u00e9 par le client (UPS, USPS, FedEx). Marshall Radio se r\u00e9serve le droit de changer de transporteur ou de mettre \u00e0 niveau votre exp\u00e9dition, \u00e0 condition que cela n&#8217;augmente pas le temps de transit total de votre envoi.<\/p>\n\n\n\n<p>Pour tout envoi retourn\u00e9 comme non livrable, tous les frais de transport seront \u00e0 la charge du client.<\/p>\n\n\n\n<p>Le paiement est effectu\u00e9 au moment de la commande par Visa ou MasterCard et est factur\u00e9 sur le compte du client au moment o\u00f9 l&#8217;achat est effectu\u00e9 sur Marshallradio.com. Pour d&#8217;autres options de paiement (esp\u00e8ces, ch\u00e8que, mandat ou virement bancaire), veuillez contacter Marshall Radio Telemetry \u00e0 l&#8217;un de nos bureaux suivants.  <\/p>\n\n\n\n<p><strong>UK Bureau:<\/strong>\u00a0+44 161 870 6518<br><strong>Bureau Allemagne:<\/strong>\u00a0+49 641 944 60761<br><strong>Bureau d&#8217;Espagne:<\/strong>\u00a0+34 652 166 436 <\/p>\n<\/div>\n\n\n\n<div class=\"wp-block-column is-layout-flow wp-block-column-is-layout-flow\">\n<h2 class=\"wp-block-heading\">Politique de s\u00e9curit\u00e9 du site Web<\/h2>\n\n\n\n<p>Lorsque vous soumettez des informations sensibles via le site Web, vos informations sont prot\u00e9g\u00e9es en ligne et hors ligne. Lorsque notre formulaire d&#8217;inscription \/ de commande vous demande de saisir des informations confidentielles (telles que votre num\u00e9ro de carte de cr\u00e9dit), ces informations sont crypt\u00e9es et prot\u00e9g\u00e9es avec le meilleur logiciel de cryptage actuellement disponible sur le march\u00e9 &#8211; SSL.<\/p>\n\n\n\n<p>L\u2019acc\u00e8s \u00e0 toutes les informations de nos utilisateurs est limit\u00e9. Marshall Radio op\u00e8re dans une installation s\u00e9curis\u00e9e et verrouill\u00e9e. Seuls les employ\u00e9s qui ont besoin des informations pour effectuer un travail sp\u00e9cifique ont acc\u00e8s aux informations personnellement identifiables. Tous les serveurs Marshall Radio, y compris les serveurs Web et les serveurs de base de donn\u00e9es, sont h\u00e9berg\u00e9s et maintenus dans des emplacements s\u00e9curis\u00e9s. L&#8217;acc\u00e8s \u00e0 la base de donn\u00e9es est strictement contr\u00f4l\u00e9 et prot\u00e9g\u00e9 des acc\u00e8s ext\u00e9rieurs. L&#8217;acc\u00e8s \u00e0 Internet est restreint et prot\u00e9g\u00e9.<\/p>\n<\/div>\n\n\n\n<div class=\"wp-block-column is-layout-flow wp-block-column-is-layout-flow\">\n<h2 class=\"wp-block-heading\">Politique de remboursement<\/h2>\n\n\n\n<p>Chez Marshall Radio Telemetry, notre objectif est de satisfaire \u00e0 100% nos clients. Nous sommes fiers de la qualit\u00e9 et de la performance de nos produits et l&#8217;excellence de notre service \u00e0 la client\u00e8le est notre priorit\u00e9 absolue. Si, pour quelque raison que ce soit, votre achat ne vous satisfait pas totalement, nous vous proposons une garantie de remboursement de 30 jours, sans demande de remboursement. Pour obtenir un remboursement sur tout article de votre envoi, il vous suffit de le retourner au lieu de livraison d&#8217;origine dans un d\u00e9lai de 30 jours \u00e0 l&#8217;aide du service de messagerie assur\u00e9 et tra\u00e7able de votre choix. Tant que l&#8217;article est comme neuf et en \u00e9tat de revente, vous recevrez un remboursement complet du prix d&#8217;achat de l&#8217;article (hors frais de port). Le cr\u00e9dit sera cr\u00e9dit\u00e9 sur la carte de cr\u00e9dit utilis\u00e9e dans la commande dans les 5 jours ouvrables. Pour toute aide suppl\u00e9mentaire concernant les articles que vous avez command\u00e9s, veuillez nous contacter.<\/p>\n<\/div>\n<\/div>\n","protected":false},"excerpt":{"rendered":"<p>Politique de livraison Pour les articles en stock: Marshall Radio met tout en \u0153uvre pour exp\u00e9dier votre commande dans les 24 heures. Pour les articles en rupture de stock: Marshall Radio contactera le client par t\u00e9l\u00e9phone ou par courrier \u00e9lectronique<span class=\"ellipsis\">&hellip;<\/span><\/p>\n<div class=\"read-more\"><a href=\"https:\/\/marshallradio.com\/eu\/service-client\/politiques\/?lang=fr\">Read more <span class=\"screen-reader-text\">Politiques<\/span><span class=\"meta-nav\"> &#8250;<\/span><\/a><\/div>\n<p><!-- end of .read-more --><\/p>\n","protected":false},"author":1,"featured_media":34471,"parent":35529,"menu_order":0,"comment_status":"closed","ping_status":"closed","template":"page-home-template.php","meta":{"_acf_changed":false,"footnotes":""},"class_list":["post-35562","page","type-page","status-publish","has-post-thumbnail","hentry"],"acf":[],"_links":{"self":[{"href":"https:\/\/marshallradio.com\/eu\/wp-json\/wp\/v2\/pages\/35562","targetHints":{"allow":["GET"]}}],"collection":[{"href":"https:\/\/marshallradio.com\/eu\/wp-json\/wp\/v2\/pages"}],"about":[{"href":"https:\/\/marshallradio.com\/eu\/wp-json\/wp\/v2\/types\/page"}],"author":[{"embeddable":true,"href":"https:\/\/marshallradio.com\/eu\/wp-json\/wp\/v2\/users\/1"}],"replies":[{"embeddable":true,"href":"https:\/\/marshallradio.com\/eu\/wp-json\/wp\/v2\/comments?post=35562"}],"version-history":[{"count":4,"href":"https:\/\/marshallradio.com\/eu\/wp-json\/wp\/v2\/pages\/35562\/revisions"}],"predecessor-version":[{"id":38592,"href":"https:\/\/marshallradio.com\/eu\/wp-json\/wp\/v2\/pages\/35562\/revisions\/38592"}],"up":[{"embeddable":true,"href":"https:\/\/marshallradio.com\/eu\/wp-json\/wp\/v2\/pages\/35529"}],"wp:featuredmedia":[{"embeddable":true,"href":"https:\/\/marshallradio.com\/eu\/wp-json\/wp\/v2\/media\/34471"}],"wp:attachment":[{"href":"https:\/\/marshallradio.com\/eu\/wp-json\/wp\/v2\/media?parent=35562"}],"curies":[{"name":"wp","href":"https:\/\/api.w.org\/{rel}","templated":true}]}}