
{"id":35566,"date":"2019-07-19T22:13:10","date_gmt":"2019-07-19T22:13:10","guid":{"rendered":"http:\/\/marshallradio.com\/eu\/servizio-clienti\/politiche\/"},"modified":"2019-11-08T20:27:17","modified_gmt":"2019-11-08T20:27:17","slug":"politiche","status":"publish","type":"page","link":"https:\/\/marshallradio.com\/eu\/servizio-clienti\/politiche\/?lang=it","title":{"rendered":"Politiche"},"content":{"rendered":"\n<div class=\"wp-block-columns has-3-columns is-layout-flex wp-container-core-columns-is-layout-9d6595d7 wp-block-columns-is-layout-flex\">\n<div class=\"wp-block-column is-layout-flow wp-block-column-is-layout-flow\">\n<h2 class=\"wp-block-heading\">Politica di spedizione<\/h2>\n\n\n\n<p><strong>Per articoli in stock:<\/strong> Marshall Radio si impegna a spedire il tuo ordine entro 24 ore.<\/p>\n\n\n\n<p><strong>Per articoli esauriti:<\/strong> Marshall Radio contatter\u00e0 il cliente via telefono o e-mail e fornir\u00e0 una data stimata di spedizione.<\/p>\n\n\n\n<p>La spedizione viene effettuata dal corriere che il cliente ha specificato (UPS, USPS, FedEx). Marshall Radio si riserva il diritto di cambiare corriere o aggiornare la spedizione a condizione che ci\u00f2 non aumenti il tempo di transito totale della spedizione.<\/p>\n\n\n\n<p>Per qualsiasi spedizione restituita come non consegnabile, tutte le spese di trasporto saranno a carico del cliente.<\/p>\n\n\n\n<p>Il pagamento viene effettuato al momento dell&#8217;ordine da Visa o MasterCard e viene addebitato sul conto clienti al momento dell&#8217;acquisto su Marshallradio.com. Per altre opzioni di pagamento (come contanti, assegno, vaglia postale o bonifico bancario), si prega di contattare Marshall Radio Telemetry presso uno dei nostri uffici seguenti <\/p>\n\n\n\n<p><strong>UK Ufficio:<\/strong>\u00a0+44 161 870 6518<br><strong>Ufficio della Germania:<\/strong>\u00a0+49 641 944 60761<br><strong>Ufficio della Spagna:<\/strong>\u00a0+34 652 166 436 <\/p>\n<\/div>\n\n\n\n<div class=\"wp-block-column is-layout-flow wp-block-column-is-layout-flow\">\n<h2 class=\"wp-block-heading\">Politica di sicurezza del sito Web<\/h2>\n\n\n\n<p>Quando invii informazioni sensibili tramite il sito Web, le tue informazioni sono protette sia online che offline. Quando il nostro modulo di registrazione \/ ordine ti chiede di inserire informazioni riservate (come il numero della tua carta di credito), tali informazioni vengono crittografate e protette con il miglior software di crittografia attualmente disponibile nel settore: SSL.<\/p>\n\n\n\n<p>L&#8217;accesso a tutte le informazioni dei nostri utenti \u00e8 limitato. Marshall Radio opera in una struttura protetta e chiusa a chiave. Solo i dipendenti che necessitano delle informazioni per svolgere un lavoro specifico hanno accesso alle informazioni di identificazione personale. Tutti i server Marshall Radio, inclusi server Web e server di database, sono alloggiati e mantenuti in luoghi sicuri. L&#8217;accesso al database \u00e8 rigorosamente monitorato e protetto dall&#8217;accesso esterno. L&#8217;accesso a Internet \u00e8 limitato e protetto.<\/p>\n<\/div>\n\n\n\n<div class=\"wp-block-column is-layout-flow wp-block-column-is-layout-flow\">\n<h2 class=\"wp-block-heading\">Politica di rimborso<\/h2>\n\n\n\n<p>Il nostro obiettivo in Marshall Radio Telemetry \u00e8 la soddisfazione del cliente al 100%. Siamo orgogliosi della qualit\u00e0 e delle prestazioni dei nostri prodotti e l&#8217;ottimo servizio clienti \u00e8 la nostra massima priorit\u00e0. Se non sei completamente soddisfatto del tuo acquisto per qualsiasi motivo, ti offriamo una garanzia di rimborso entro 30 giorni. Per un rimborso su qualsiasi articolo della spedizione, \u00e8 sufficiente restituire l&#8217;articolo al luogo di spedizione Marshall originale entro 30 giorni utilizzando il corriere assicurato tracciabile di tua scelta. Finch\u00e9 l&#8217;articolo \u00e8 in condizioni pari al nuovo e rivendibile, riceverai un rimborso completo per il prezzo di acquisto dell&#8217;articolo (escluse le spese di spedizione). Il credito verr\u00e0 registrato sulla carta di credito utilizzata nell&#8217;ordine entro 5 giorni lavorativi. Per ulteriore assistenza con gli articoli che hai ordinato, ti preghiamo di contattarci.<\/p>\n<\/div>\n<\/div>\n","protected":false},"excerpt":{"rendered":"<p>Politica di spedizione Per articoli in stock: Marshall Radio si impegna a spedire il tuo ordine entro 24 ore. Per articoli esauriti: Marshall Radio contatter\u00e0 il cliente via telefono o e-mail e fornir\u00e0 una data stimata di spedizione. La spedizione<span class=\"ellipsis\">&hellip;<\/span><\/p>\n<div class=\"read-more\"><a href=\"https:\/\/marshallradio.com\/eu\/servizio-clienti\/politiche\/?lang=it\">Read more <span class=\"screen-reader-text\">Politiche<\/span><span class=\"meta-nav\"> &#8250;<\/span><\/a><\/div>\n<p><!-- end of .read-more --><\/p>\n","protected":false},"author":1,"featured_media":34473,"parent":35531,"menu_order":0,"comment_status":"closed","ping_status":"closed","template":"page-home-template.php","meta":{"_acf_changed":false,"footnotes":""},"class_list":["post-35566","page","type-page","status-publish","has-post-thumbnail","hentry"],"acf":[],"_links":{"self":[{"href":"https:\/\/marshallradio.com\/eu\/wp-json\/wp\/v2\/pages\/35566","targetHints":{"allow":["GET"]}}],"collection":[{"href":"https:\/\/marshallradio.com\/eu\/wp-json\/wp\/v2\/pages"}],"about":[{"href":"https:\/\/marshallradio.com\/eu\/wp-json\/wp\/v2\/types\/page"}],"author":[{"embeddable":true,"href":"https:\/\/marshallradio.com\/eu\/wp-json\/wp\/v2\/users\/1"}],"replies":[{"embeddable":true,"href":"https:\/\/marshallradio.com\/eu\/wp-json\/wp\/v2\/comments?post=35566"}],"version-history":[{"count":4,"href":"https:\/\/marshallradio.com\/eu\/wp-json\/wp\/v2\/pages\/35566\/revisions"}],"predecessor-version":[{"id":38595,"href":"https:\/\/marshallradio.com\/eu\/wp-json\/wp\/v2\/pages\/35566\/revisions\/38595"}],"up":[{"embeddable":true,"href":"https:\/\/marshallradio.com\/eu\/wp-json\/wp\/v2\/pages\/35531"}],"wp:featuredmedia":[{"embeddable":true,"href":"https:\/\/marshallradio.com\/eu\/wp-json\/wp\/v2\/media\/34473"}],"wp:attachment":[{"href":"https:\/\/marshallradio.com\/eu\/wp-json\/wp\/v2\/media?parent=35566"}],"curies":[{"name":"wp","href":"https:\/\/api.w.org\/{rel}","templated":true}]}}