
{"id":35606,"date":"2019-07-19T22:50:34","date_gmt":"2019-07-19T22:50:34","guid":{"rendered":"http:\/\/marshallradio.com\/eu\/produkty\/"},"modified":"2019-10-18T20:11:19","modified_gmt":"2019-10-18T20:11:19","slug":"produkty","status":"publish","type":"page","link":"https:\/\/marshallradio.com\/eu\/produkty\/?lang=cs","title":{"rendered":"produkty"},"content":{"rendered":"\n<p>Marshall vyr\u00e1b\u00ed prvot\u0159\u00eddn\u00ed produkty telemetrie a p\u0159\u00edslu\u0161enstv\u00ed pou\u017e\u00edvan\u00e9 sokoln\u00edky po cel\u00e9m sv\u011bt\u011b. B\u011bhem posledn\u00edch deseti let jsme pracovali a investovali velk\u00e9 \u00fasil\u00ed, abychom zv\u00fd\u0161ili stav radiotelemetrie na novou \u00farove\u0148 v\u00fdkonu, designu a bezpe\u010dnosti: v\u00fdkonn\u00e9 vys\u00edla\u010de s kr\u00e1tk\u00fdmi, bezpe\u010dn\u00fdmi ant\u00e9nami. Nov\u00e9 inovativn\u00ed zp\u016fsoby mont\u00e1\u017ee a n\u00e1stroje. Super citliv\u00e9, ale robustn\u00ed sledovac\u00ed p\u0159ij\u00edma\u010de, kter\u00e9 se skl\u00e1daj\u00ed, tak\u017ee je vezmete s sebou p\u0159\u00edmo na pole.<\/p>\n\n<p>Radiotelemetrie z\u00e1sadn\u00edm zp\u016fsobem zm\u011bnila praxi sokolnictv\u00ed. Za druh\u00e9 pouze v zajet\u00ed, schopnost sledovat ztracen\u00e9 pt\u00e1ky pomoc\u00ed telemetrie je pravd\u011bpodobn\u011b nejd\u016fle\u017eit\u011bj\u0161\u00ed novinkou, kter\u00e1 byla kdy vyvinuta pro tento starov\u011bk\u00fd poln\u00ed sport. A jako sami sokoln\u00edci n\u00e1s motivuje v\u00fdznamn\u00e1 \u010d\u00e1st p\u0159i rozvoji designu radiotelemetrie a usnad\u0148ov\u00e1n\u00ed jej\u00edho roz\u0161\u00ed\u0159en\u00e9ho a bezpe\u010dn\u00e9ho pou\u017e\u00edv\u00e1n\u00ed.<\/p>\n\n<p>Po cel\u00e9 v\u011bky a a\u017e do poloviny 70. let mezi star\u00fdmi sokoln\u00edky v\u017edy existovalo jedno zn\u00e1m\u00e9 n\u00e1\u0159ek: \u201eM\u011bl jsem skv\u011bl\u00e9ho mlad\u00e9ho sokola, jednoho z t\u011bch, o kter\u00e9m sn\u00edte, ale v prvn\u00edm roce byla ztracena. V\u017edy se zd\u00e1, \u017ee se jedn\u00e1 o nejlep\u0161\u00ed pt\u00e1ky, kte\u0159\u00ed se ztratili. \u201cAle sokoln\u00edci jsou nyn\u00ed schopni udr\u017eet sv\u00e9 nejlep\u0161\u00ed pt\u00e1ky po mnoho let, co\u017e jim umo\u017e\u0148uje pln\u011b se rozv\u00edjet a vyno\u0159it se do schopn\u00fdch sportovc\u016f a efektivn\u00edch hern\u00edch jest\u0159\u00e1b\u016f.<\/p>\n\n<p>Na t\u011bchto str\u00e1nk\u00e1ch produkt\u016f uvid\u00edte, \u017ee navrhujeme a vyr\u00e1b\u00edme v\u00edce ne\u017e jen vys\u00edla\u010de a p\u0159ij\u00edma\u010de. K dispozici je kompletn\u00ed \u0159ada produkt\u016f, kter\u00e1 zahrnuje vlastn\u00ed polstrovan\u00e1 pouzdra a pouzdra na ochranu va\u0161ich p\u0159ij\u00edma\u010d\u016f, zcela nov\u00e9 konstrukce koncov\u00fdch kus\u016f a speci\u00e1ln\u00ed odpov\u00eddaj\u00edc\u00ed n\u00e1stroje pro jejich rychlou a bezpe\u010dnou instalaci, mont\u00e1\u017en\u00ed postroj TrackPack, vyhled\u00e1va\u010d vozidel, obojky pro psy a dal\u0161\u00ed p\u0159\u00edslu\u0161enstv\u00ed, jako jsou jako OMNI ant\u00e9ny a sluch\u00e1tka, tak\u017ee si m\u016f\u017eete vytvo\u0159it kompletn\u00ed telemetrick\u00fd syst\u00e9m, kter\u00fd pokryje v\u0161echny nep\u0159edv\u00eddan\u00e9 ud\u00e1losti.<\/p>\n\n<div style=\"height:52px\" aria-hidden=\"true\" class=\"wp-block-spacer\"><\/div>\n<div class=\"row\">\r\n<div class=\"col-md-4 containers\">\r\n<p style=\"text-align: center;\"><img decoding=\"async\" class=\"image\" src=\"\/eu\/wp-content\/uploads\/sites\/4\/2019\/10\/GPSSystem.jpg\" \/><\/p>\r\n\r\n<div class=\"middle\">\r\n<div class=\"text\"><i class=\"fas fa-cart-arrow-down\"><\/i> <a href=\"http:\/\/marshallradio.com\/eu\/kategorie-produktu\/system-gps\/?lang=cs\">Prodejna<\/a><\/div>\r\n<\/div>\r\n<h3 style=\"text-align: center;\"><strong>GPS syst\u00e9my<\/strong><\/h3>\r\n<\/div>\r\n<div class=\"col-md-4 containers\">\r\n<p style=\"text-align: center;\"><img decoding=\"async\" class=\"image\" src=\"http:\/\/marshallradio.com\/uk\/wp-content\/uploads\/sites\/3\/2019\/06\/TransmitterPhoto.jpg\" \/><\/p>\r\n\r\n<div class=\"middle\">\r\n<div class=\"text\"><i class=\"fas fa-cart-arrow-down\"><\/i> <a href=\"http:\/\/marshallradio.com\/eu\/kategorie-produktu\/vysilace\/?lang=cs\">Prodejna<\/a><\/div>\r\n<\/div>\r\n<h3 style=\"text-align: center;\"><strong>Vys\u00edla\u010de<\/strong><\/h3>\r\n<\/div>\r\n<div class=\"col-md-4 containers\">\r\n<p style=\"text-align: center;\"><img decoding=\"async\" class=\"image\" src=\"\/eu\/wp-content\/uploads\/sites\/4\/2019\/10\/ReceiversProductImage.jpg\" \/><\/p>\r\n\r\n<div class=\"middle\">\r\n<div class=\"text\"><i class=\"fas fa-cart-arrow-down\"><\/i> <a href=\"http:\/\/marshallradio.com\/eu\/kategorie-produktu\/prijimace\/?lang=cs\">Prodejna<\/a><\/div>\r\n<\/div>\r\n<h3 style=\"text-align: center;\"><strong>P\u0159ij\u00edma\u010de<\/strong><\/h3>\r\n<\/div>\r\n<\/div>\n<div style=\"height:20px\" aria-hidden=\"true\" class=\"wp-block-spacer\"><\/div>\n<div class=\"row\">\r\n<div class=\"col-md-4 containers\">\r\n<p style=\"text-align: center;\"><img decoding=\"async\" class=\"image\" src=\"\/eu\/wp-content\/uploads\/sites\/4\/2019\/10\/Accessories1.jpg\" \/><\/p>\r\n\r\n<div class=\"middle\">\r\n<div class=\"text\"><i class=\"fas fa-cart-arrow-down\"><\/i> <a href=\"http:\/\/marshallradio.com\/eu\/kategorie-produktu\/worldwide-accessories-excluding-gulf\/?lang=cs\">Prodejna<\/a><\/div>\r\n<\/div>\r\n<h3 style=\"text-align: center;\"><strong>P\u0159\u00edslu\u0161enstv\u00ed<\/strong><\/h3>\r\n<\/div>\r\n<div class=\"col-md-4 containers\">\r\n<p style=\"text-align: center;\"><img decoding=\"async\" class=\"image\" src=\"\/eu\/wp-content\/uploads\/sites\/4\/2019\/07\/ApparelPhoto.jpg\" \/><\/p>\r\n\r\n<div class=\"middle\">\r\n<div class=\"text\"><i class=\"fas fa-cart-arrow-down\"><\/i> <a href=\"http:\/\/marshallradio.com\/eu\/kategorie-produktu\/odev\/?lang=cs\">Prodejna<\/a><\/div>\r\n<\/div>\r\n<h3 style=\"text-align: center;\"><strong>Od\u011bv<\/strong><\/h3>\r\n<\/div>\r\n<\/div>","protected":false},"excerpt":{"rendered":"<p>Marshall vyr\u00e1b\u00ed prvot\u0159\u00eddn\u00ed produkty telemetrie a p\u0159\u00edslu\u0161enstv\u00ed pou\u017e\u00edvan\u00e9 sokoln\u00edky po cel\u00e9m sv\u011bt\u011b. B\u011bhem posledn\u00edch deseti let jsme pracovali a investovali velk\u00e9 \u00fasil\u00ed, abychom zv\u00fd\u0161ili stav radiotelemetrie na novou \u00farove\u0148 v\u00fdkonu, designu a bezpe\u010dnosti: v\u00fdkonn\u00e9 vys\u00edla\u010de s kr\u00e1tk\u00fdmi, bezpe\u010dn\u00fdmi ant\u00e9nami. Nov\u00e9<span class=\"ellipsis\">&hellip;<\/span><\/p>\n<div class=\"read-more\"><a href=\"https:\/\/marshallradio.com\/eu\/produkty\/?lang=cs\">Read more <span class=\"screen-reader-text\">produkty<\/span><span class=\"meta-nav\"> &#8250;<\/span><\/a><\/div>\n<p><!-- end of .read-more --><\/p>\n","protected":false},"author":1,"featured_media":37660,"parent":0,"menu_order":0,"comment_status":"closed","ping_status":"closed","template":"page-home-template.php","meta":{"_acf_changed":false,"footnotes":""},"class_list":["post-35606","page","type-page","status-publish","has-post-thumbnail","hentry"],"acf":[],"_links":{"self":[{"href":"https:\/\/marshallradio.com\/eu\/wp-json\/wp\/v2\/pages\/35606","targetHints":{"allow":["GET"]}}],"collection":[{"href":"https:\/\/marshallradio.com\/eu\/wp-json\/wp\/v2\/pages"}],"about":[{"href":"https:\/\/marshallradio.com\/eu\/wp-json\/wp\/v2\/types\/page"}],"author":[{"embeddable":true,"href":"https:\/\/marshallradio.com\/eu\/wp-json\/wp\/v2\/users\/1"}],"replies":[{"embeddable":true,"href":"https:\/\/marshallradio.com\/eu\/wp-json\/wp\/v2\/comments?post=35606"}],"version-history":[{"count":8,"href":"https:\/\/marshallradio.com\/eu\/wp-json\/wp\/v2\/pages\/35606\/revisions"}],"predecessor-version":[{"id":37782,"href":"https:\/\/marshallradio.com\/eu\/wp-json\/wp\/v2\/pages\/35606\/revisions\/37782"}],"wp:featuredmedia":[{"embeddable":true,"href":"https:\/\/marshallradio.com\/eu\/wp-json\/wp\/v2\/media\/37660"}],"wp:attachment":[{"href":"https:\/\/marshallradio.com\/eu\/wp-json\/wp\/v2\/media?parent=35606"}],"curies":[{"name":"wp","href":"https:\/\/api.w.org\/{rel}","templated":true}]}}