
{"id":35610,"date":"2019-07-19T22:57:57","date_gmt":"2019-07-19T22:57:57","guid":{"rendered":"http:\/\/marshallradio.com\/eu\/des-produits\/"},"modified":"2019-10-18T20:15:57","modified_gmt":"2019-10-18T20:15:57","slug":"des-produits","status":"publish","type":"page","link":"https:\/\/marshallradio.com\/eu\/des-produits\/?lang=fr","title":{"rendered":"Des produits"},"content":{"rendered":"\n<p>Marshall fabrique des produits et des accessoires de t\u00e9l\u00e9m\u00e9trie haut de gamme utilis\u00e9s par les fauconniers du monde entier. Au cours des dix derni\u00e8res ann\u00e9es, nous avons beaucoup travaill\u00e9 et investi pour am\u00e9liorer la t\u00e9l\u00e9m\u00e9trie radio et lui permettre d\u2019atteindre de nouveaux niveaux de performance, de conception et de s\u00e9curit\u00e9: des \u00e9metteurs puissants dot\u00e9s d\u2019antennes courtes et s\u00fbres. Nouveaux designs et outils de montage innovants. R\u00e9cepteurs de suivi super sensibles mais robustes qui se plient pour que vous les emportiez avec vous sur le terrain.<\/p>\n\n<p>La radio t\u00e9l\u00e9m\u00e9trie a profond\u00e9ment modifi\u00e9 la pratique de la fauconnerie. En deuxi\u00e8me position derri\u00e8re l&#8217;\u00e9levage en captivit\u00e9, la possibilit\u00e9 de suivre les oiseaux perdus \u00e0 l&#8217;aide de la t\u00e9l\u00e9m\u00e9trie est sans doute l&#8217;innovation la plus importante jamais d\u00e9velopp\u00e9e pour cet ancien sport de terrain. Et en tant que fauconniers nous-m\u00eames, ce qui nous motive est de jouer un r\u00f4le important dans l\u2019avancement de la conception de la t\u00e9l\u00e9m\u00e9trie radio, puis de faciliter son utilisation g\u00e9n\u00e9ralis\u00e9e et s\u00fbre.<\/p>\n\n<p>\u00c0 travers les \u00e2ges et jusqu\u2019au milieu des ann\u00e9es 1970, il y avait toujours une plainte famili\u00e8re chez les fauconniers d\u2019antan: \u00abJ\u2019avais un grand jeune faucon, un de ceux dont vous r\u00eavez, mais elle a \u00e9t\u00e9 perdue au cours de sa premi\u00e8re ann\u00e9e. Il semble toujours que ce sont les meilleurs oiseaux perdus. \u00bbMais les fauconniers sont maintenant capables de garder leurs meilleurs pendant de nombreuses ann\u00e9es, ce qui leur permet de se d\u00e9velopper et de devenir des athl\u00e8tes comp\u00e9tents et des faucons efficaces.<\/p>\n\n<p>Sur ces pages produits, vous constaterez que nous concevons et produisons plus que des \u00e9metteurs et des r\u00e9cepteurs. Il existe une gamme compl\u00e8te de produits comprenant des \u00e9tuis rembourr\u00e9s et des \u00e9tuis personnalis\u00e9s pour prot\u00e9ger vos r\u00e9cepteurs, de toutes nouvelles conceptions de porte-bagages et des outils sp\u00e9ciaux correspondants pour les installer rapidement et en toute s\u00e9curit\u00e9, le harnais de montage TrackPack, un localisateur de v\u00e9hicule, des colliers de chien et d&#8217;autres accessoires tels que comme des antennes et des \u00e9couteurs OMNI, ce qui vous permet de construire un syst\u00e8me de t\u00e9l\u00e9m\u00e9trie complet pour r\u00e9pondre \u00e0 toutes les \u00e9ventualit\u00e9s.<\/p>\n\n<div style=\"height:52px\" aria-hidden=\"true\" class=\"wp-block-spacer\"><\/div>\n<div class=\"row\">\r\n<div class=\"col-md-4 containers\">\r\n<p style=\"text-align: center;\"><img decoding=\"async\" class=\"image\" src=\"\/eu\/wp-content\/uploads\/sites\/4\/2019\/10\/GPSSystem.jpg\" \/><\/p>\r\n\r\n<div class=\"middle\">\r\n<div class=\"text\"><i class=\"fas fa-cart-arrow-down\"><\/i> <a href=\"http:\/\/marshallradio.com\/eu\/categorie-produit\/systeme-gps\/?lang=fr\">Magasin<\/a><\/div>\r\n<\/div>\r\n<h3 style=\"text-align: center;\"><strong>Syst\u00e8mes GPS<\/strong><\/h3>\r\n<\/div>\r\n<div class=\"col-md-4 containers\">\r\n<p style=\"text-align: center;\"><img decoding=\"async\" class=\"image\" src=\"http:\/\/marshallradio.com\/uk\/wp-content\/uploads\/sites\/3\/2019\/06\/TransmitterPhoto.jpg\" \/><\/p>\r\n\r\n<div class=\"middle\">\r\n<div class=\"text\"><i class=\"fas fa-cart-arrow-down\"><\/i> <a href=\"http:\/\/marshallradio.com\/eu\/categorie-produit\/emetteurs\/?lang=fr\">Magasin<\/a><\/div>\r\n<\/div>\r\n<h3 style=\"text-align: center;\"><strong>\u00c9metteurs<\/strong><\/h3>\r\n<\/div>\r\n<div class=\"col-md-4 containers\">\r\n<p style=\"text-align: center;\"><img decoding=\"async\" class=\"image\" src=\"\/eu\/wp-content\/uploads\/sites\/4\/2019\/10\/ReceiversProductImage.jpg\" \/><\/p>\r\n\r\n<div class=\"middle\">\r\n<div class=\"text\"><i class=\"fas fa-cart-arrow-down\"><\/i> <a href=\"http:\/\/marshallradio.com\/eu\/categorie-produit\/recepteurs\/?lang=fr\">Magasin<\/a><\/div>\r\n<\/div>\r\n<h3 style=\"text-align: center;\"><strong>R\u00e9cepteurs<\/strong><\/h3>\r\n<\/div>\r\n<\/div>\n<div style=\"height:20px\" aria-hidden=\"true\" class=\"wp-block-spacer\"><\/div>\n<div class=\"row\">\r\n<div class=\"col-md-4 containers\">\r\n<p style=\"text-align: center;\"><img decoding=\"async\" class=\"image\" src=\"\/eu\/wp-content\/uploads\/sites\/4\/2019\/10\/Accessories1.jpg\"<\/p>\r\n<div class=\"middle\">\r\n<div class=\"text\"><i class=\"fas fa-cart-arrow-down\"><\/i> <a href=\"http:\/\/marshallradio.com\/eu\/categorie-produit\/worldwide-accessories-excluding-gulf-fr\/?lang=fr\">Magasin<\/a><\/div>\r\n<\/div>\r\n<h3 style=\"text-align: center;\"><strong>Accessoires<\/strong><\/h3>\r\n<\/div>\r\n<div class=\"col-md-4 containers\">\r\n<p style=\"text-align: center;\"><img decoding=\"async\" class=\"image\" src=\"\/eu\/wp-content\/uploads\/sites\/4\/2019\/07\/ApparelPhoto.jpg\"<\/p>\r\n<div class=\"middle\">\r\n<div class=\"text\"><i class=\"fas fa-cart-arrow-down\"><\/i> <a href=\"http:\/\/marshallradio.com\/eu\/categorie-produit\/vetements\/?lang=fr\">Magasin<\/a><\/div>\r\n<\/div>\r\n<h3 style=\"text-align: center;\"><strong>V\u00eatements<\/strong><\/h3>\r\n<\/div>\r\n<\/div>\r\n","protected":false},"excerpt":{"rendered":"<p>Marshall fabrique des produits et des accessoires de t\u00e9l\u00e9m\u00e9trie haut de gamme utilis\u00e9s par les fauconniers du monde entier. Au cours des dix derni\u00e8res ann\u00e9es, nous avons beaucoup travaill\u00e9 et investi pour am\u00e9liorer la t\u00e9l\u00e9m\u00e9trie radio et lui permettre d\u2019atteindre<span class=\"ellipsis\">&hellip;<\/span><\/p>\n<div class=\"read-more\"><a href=\"https:\/\/marshallradio.com\/eu\/des-produits\/?lang=fr\">Read more <span class=\"screen-reader-text\">Des produits<\/span><span class=\"meta-nav\"> &#8250;<\/span><\/a><\/div>\n<p><!-- end of .read-more --><\/p>\n","protected":false},"author":1,"featured_media":37662,"parent":0,"menu_order":0,"comment_status":"closed","ping_status":"closed","template":"page-home-template.php","meta":{"_acf_changed":false,"footnotes":""},"class_list":["post-35610","page","type-page","status-publish","has-post-thumbnail","hentry"],"acf":[],"_links":{"self":[{"href":"https:\/\/marshallradio.com\/eu\/wp-json\/wp\/v2\/pages\/35610","targetHints":{"allow":["GET"]}}],"collection":[{"href":"https:\/\/marshallradio.com\/eu\/wp-json\/wp\/v2\/pages"}],"about":[{"href":"https:\/\/marshallradio.com\/eu\/wp-json\/wp\/v2\/types\/page"}],"author":[{"embeddable":true,"href":"https:\/\/marshallradio.com\/eu\/wp-json\/wp\/v2\/users\/1"}],"replies":[{"embeddable":true,"href":"https:\/\/marshallradio.com\/eu\/wp-json\/wp\/v2\/comments?post=35610"}],"version-history":[{"count":5,"href":"https:\/\/marshallradio.com\/eu\/wp-json\/wp\/v2\/pages\/35610\/revisions"}],"predecessor-version":[{"id":37784,"href":"https:\/\/marshallradio.com\/eu\/wp-json\/wp\/v2\/pages\/35610\/revisions\/37784"}],"wp:featuredmedia":[{"embeddable":true,"href":"https:\/\/marshallradio.com\/eu\/wp-json\/wp\/v2\/media\/37662"}],"wp:attachment":[{"href":"https:\/\/marshallradio.com\/eu\/wp-json\/wp\/v2\/media?parent=35610"}],"curies":[{"name":"wp","href":"https:\/\/api.w.org\/{rel}","templated":true}]}}