
{"id":35612,"date":"2019-07-19T23:01:12","date_gmt":"2019-07-19T23:01:12","guid":{"rendered":"http:\/\/marshallradio.com\/eu\/prodotti\/"},"modified":"2019-10-18T20:18:47","modified_gmt":"2019-10-18T20:18:47","slug":"prodotti","status":"publish","type":"page","link":"https:\/\/marshallradio.com\/eu\/prodotti\/?lang=it","title":{"rendered":"Prodotti"},"content":{"rendered":"\n<p>Marshall produce prodotti e accessori di telemetria premium utilizzati dai falconieri di tutto il mondo. Negli ultimi dieci anni, abbiamo lavorato e investito molto per migliorare lo stato della telemetria radio a nuovi livelli di prestazioni, design e sicurezza: trasmettitori potenti con antenne corte e sicure. Nuovi design e strumenti di montaggio innovativi. Ricevitori di rintracciamento sensibili ma estremamente resistenti che si piegano in modo da portarli con te direttamente sul campo.<\/p>\n\n<p>La telemetria radio ha cambiato la pratica della falconeria in modi fondamentali. Secondo solo all&#8217;allevamento in cattivit\u00e0, la capacit\u00e0 di rintracciare gli uccelli perduti usando la telemetria \u00e8 probabilmente l&#8217;innovazione pi\u00f9 importante mai sviluppata per questo antico sport da campo. E come falconieri stessi, avere una parte significativa nel progresso della progettazione della telemetria radio e quindi facilitare il suo uso diffuso e sicuro \u00e8 ci\u00f2 che ci motiva.<\/p>\n\n<p>Nel corso dei secoli, e fino alla met\u00e0 degli anni &#8217;70, c&#8217;era sempre un lamento familiare tra i falconieri di vecchia data: &#8220;Ho avuto un grande falco giovane, uno di quelli che sogni, ma era persa nel suo primo anno. Sembra sempre che siano gli uccelli migliori a essere persi. &#8220;Ma i falconieri sono ora in grado di mantenere i loro migliori uccelli per molti anni, lasciandoli pi\u00f9 pienamente sviluppare ed emergere in atleti capaci e falchi di gioco efficaci.<\/p>\n\n<p>Su queste pagine di prodotto, vedrai che progettiamo e produciamo molto pi\u00f9 che semplici trasmettitori e ricevitori. C&#8217;\u00e8 una linea di prodotti completa che include custodie e custodie imbottite personalizzate per proteggere i tuoi ricevitori, design completamente nuovi e strumenti di abbinamento speciali per un&#8217;installazione rapida e sicura, l&#8217;imbracatura di montaggio TrackPack, un localizzatore di veicoli, collari per cani e altri accessori come come antenne e cuffie OMNI in modo da poter costruire un sistema di telemetria completo per coprire ogni contingenza.<\/p>\n\n<div style=\"height:52px\" aria-hidden=\"true\" class=\"wp-block-spacer\"><\/div>\n<div class=\"row\">\r\n<div class=\"col-md-4 containers\">\r\n<p style=\"text-align: center;\"><img decoding=\"async\" class=\"image\" src=\"\/eu\/wp-content\/uploads\/sites\/4\/2019\/10\/GPSSystem.jpg\" \/><\/p>\r\n\r\n<div class=\"middle\">\r\n<div class=\"text\"><i class=\"fas fa-cart-arrow-down\"><\/i> <a href=\"http:\/\/marshallradio.com\/eu\/categoria-prodotto\/sistema-gps\/?lang=it\">Negozio<\/a><\/div>\r\n<\/div>\r\n<h3 style=\"text-align: center;\"><strong>Sistema GPS<\/strong><\/h3>\r\n<\/div>\r\n<div class=\"col-md-4 containers\">\r\n<p style=\"text-align: center;\"><img decoding=\"async\" class=\"image\" src=\"http:\/\/marshallradio.com\/uk\/wp-content\/uploads\/sites\/3\/2019\/06\/TransmitterPhoto.jpg\" \/><\/p>\r\n\r\n<div class=\"middle\">\r\n<div class=\"text\"><i class=\"fas fa-cart-arrow-down\"><\/i> <a href=\"http:\/\/marshallradio.com\/eu\/categoria-prodotto\/trasmettitori\/?lang=it\">Negozio<\/a><\/div>\r\n<\/div>\r\n<h3 style=\"text-align: center;\"><strong>Trasmettitori<\/strong><\/h3>\r\n<\/div>\r\n<div class=\"col-md-4 containers\">\r\n<p style=\"text-align: center;\"><img decoding=\"async\" class=\"image\" src=\"\/eu\/wp-content\/uploads\/sites\/4\/2019\/10\/ReceiversProductImage.jpg\" \/><\/p>\r\n\r\n<div class=\"middle\">\r\n<div class=\"text\"><i class=\"fas fa-cart-arrow-down\"><\/i> <a href=\"http:\/\/marshallradio.com\/eu\/categoria-prodotto\/ricevitori\/?lang=it\">Negozio<\/a><\/div>\r\n<\/div>\r\n<h3 style=\"text-align: center;\"><strong>ricevitori<\/strong><\/h3>\r\n<\/div>\r\n<\/div>\n<div style=\"height:20px\" aria-hidden=\"true\" class=\"wp-block-spacer\"><\/div>\n<div class=\"row\">\r\n<div class=\"col-md-4 containers\">\r\n<p style=\"text-align: center;\"><img decoding=\"async\" class=\"image\" src=\"\/eu\/wp-content\/uploads\/sites\/4\/2019\/10\/Accessories1.jpg\" \/><\/p>\r\n\r\n<div class=\"middle\">\r\n<div class=\"text\"><i class=\"fas fa-cart-arrow-down\"><\/i> <a href=\"http:\/\/marshallradio.com\/eu\/categoria-prodotto\/worldwide-accessories-excluding-gulf-it\/?lang=it\">Negozio<\/a><\/div>\r\n<\/div>\r\n<h3 style=\"text-align: center;\"><strong>Accessori<\/strong><\/h3>\r\n<\/div>\r\n<div class=\"col-md-4 containers\">\r\n<p style=\"text-align: center;\"><img decoding=\"async\" class=\"image\" src=\"\/eu\/wp-content\/uploads\/sites\/4\/2019\/07\/ApparelPhoto.jpg\" \/><\/p>\r\n\r\n<div class=\"middle\">\r\n<div class=\"text\"><i class=\"fas fa-cart-arrow-down\"><\/i> <a href=\"http:\/\/marshallradio.com\/eu\/categoria-prodotto\/abbigliamento\/?lang=it\">Negozio<\/a><\/div>\r\n<\/div>\r\n<h3 style=\"text-align: center;\"><strong>Abbigliamento<\/strong><\/h3>\r\n<\/div>\r\n<\/div>","protected":false},"excerpt":{"rendered":"<p>Marshall produce prodotti e accessori di telemetria premium utilizzati dai falconieri di tutto il mondo. Negli ultimi dieci anni, abbiamo lavorato e investito molto per migliorare lo stato della telemetria radio a nuovi livelli di prestazioni, design e sicurezza: trasmettitori<span class=\"ellipsis\">&hellip;<\/span><\/p>\n<div class=\"read-more\"><a href=\"https:\/\/marshallradio.com\/eu\/prodotti\/?lang=it\">Read more <span class=\"screen-reader-text\">Prodotti<\/span><span class=\"meta-nav\"> &#8250;<\/span><\/a><\/div>\n<p><!-- end of .read-more --><\/p>\n","protected":false},"author":1,"featured_media":37664,"parent":0,"menu_order":0,"comment_status":"closed","ping_status":"closed","template":"page-home-template.php","meta":{"_acf_changed":false,"footnotes":""},"class_list":["post-35612","page","type-page","status-publish","has-post-thumbnail","hentry"],"acf":[],"_links":{"self":[{"href":"https:\/\/marshallradio.com\/eu\/wp-json\/wp\/v2\/pages\/35612","targetHints":{"allow":["GET"]}}],"collection":[{"href":"https:\/\/marshallradio.com\/eu\/wp-json\/wp\/v2\/pages"}],"about":[{"href":"https:\/\/marshallradio.com\/eu\/wp-json\/wp\/v2\/types\/page"}],"author":[{"embeddable":true,"href":"https:\/\/marshallradio.com\/eu\/wp-json\/wp\/v2\/users\/1"}],"replies":[{"embeddable":true,"href":"https:\/\/marshallradio.com\/eu\/wp-json\/wp\/v2\/comments?post=35612"}],"version-history":[{"count":4,"href":"https:\/\/marshallradio.com\/eu\/wp-json\/wp\/v2\/pages\/35612\/revisions"}],"predecessor-version":[{"id":37786,"href":"https:\/\/marshallradio.com\/eu\/wp-json\/wp\/v2\/pages\/35612\/revisions\/37786"}],"wp:featuredmedia":[{"embeddable":true,"href":"https:\/\/marshallradio.com\/eu\/wp-json\/wp\/v2\/media\/37664"}],"wp:attachment":[{"href":"https:\/\/marshallradio.com\/eu\/wp-json\/wp\/v2\/media?parent=35612"}],"curies":[{"name":"wp","href":"https:\/\/api.w.org\/{rel}","templated":true}]}}