
{"id":35691,"date":"2019-07-22T14:58:11","date_gmt":"2019-07-22T14:58:11","guid":{"rendered":"http:\/\/marshallradio.com\/eu\/videa\/"},"modified":"2020-03-31T20:52:31","modified_gmt":"2020-03-31T20:52:31","slug":"videos","status":"publish","type":"page","link":"https:\/\/marshallradio.com\/eu\/videos\/?lang=cs","title":{"rendered":"Videa"},"content":{"rendered":"\n<div class=\"wp-block-columns has-3-columns is-layout-flex wp-container-core-columns-is-layout-9d6595d7 wp-block-columns-is-layout-flex\">\n<div class=\"wp-block-column is-layout-flow wp-block-column-is-layout-flow\">\n<div class=\"Language\">\n<p style=\"text-align: center;\"><a href=\"\/eu\/videos\/tutorial-videos-fr\/?lang=cs\"><img loading=\"lazy\" decoding=\"async\" class=\"size-full wp-image-32081\" src=\"http:\/\/marshallradio.com\/ww\/wp-content\/uploads\/sites\/2\/2019\/08\/French.png\" alt=\"\" width=\"321\" height=\"320\"><\/a><\/p>\n<\/div>\n\n\n\n<h3 style=\"text-align: center;\">francouz\u0161tina<\/h3>\n\n\n\n<p><\/p>\n<\/div>\n\n\n\n<div class=\"wp-block-column is-layout-flow wp-block-column-is-layout-flow\">\n<div class=\"Language\">\n<p style=\"text-align: center;\"><a href=\"\/eu\/videos\/tutorial-videos-de\/?lang=cs\"><img loading=\"lazy\" decoding=\"async\" class=\"size-full wp-image-32081\" src=\"http:\/\/marshallradio.com\/ww\/wp-content\/uploads\/sites\/2\/2019\/08\/German.png\" alt=\"\" width=\"321\" height=\"320\"><\/a><\/p>\n<\/div>\n\n\n\n<h3 style=\"text-align: center;\">N\u011bmec<\/h3>\n<\/div>\n\n\n\n<div class=\"wp-block-column is-layout-flow wp-block-column-is-layout-flow\">\n<div class=\"Language\">\n<p style=\"text-align: center;\"><a href=\"\/eu\/videos\/tutorial-videos-es\/?lang=cs\"><img loading=\"lazy\" decoding=\"async\" class=\"size-full wp-image-32081\" src=\"http:\/\/marshallradio.com\/ww\/wp-content\/uploads\/sites\/2\/2019\/07\/Vector-Smart-Object-2.png\" alt=\"\" width=\"321\" height=\"320\"><\/a><\/p>\n<\/div>\n\n\n\n<h3 style=\"text-align: center;\">\u0161pan\u011bl\u0161tina<\/h3>\n<\/div>\n<\/div>\n\n\n\n<style>\n.Language img {\n    transition: .5s;\n}\n.Language img:hover {\n    width: 200%;\n    transition: .5s;\n}\n.Language {\nmargin: 15px auto 0px;\nmax-width: 375px;\n}\n<\/style>\n","protected":false},"excerpt":{"rendered":"<p>francouz\u0161tina N\u011bmec \u0161pan\u011bl\u0161tina<\/p>\n","protected":false},"author":1,"featured_media":39162,"parent":0,"menu_order":0,"comment_status":"closed","ping_status":"closed","template":"page-home-template.php","meta":{"_acf_changed":false,"footnotes":""},"class_list":["post-35691","page","type-page","status-publish","has-post-thumbnail","hentry"],"acf":[],"_links":{"self":[{"href":"https:\/\/marshallradio.com\/eu\/wp-json\/wp\/v2\/pages\/35691","targetHints":{"allow":["GET"]}}],"collection":[{"href":"https:\/\/marshallradio.com\/eu\/wp-json\/wp\/v2\/pages"}],"about":[{"href":"https:\/\/marshallradio.com\/eu\/wp-json\/wp\/v2\/types\/page"}],"author":[{"embeddable":true,"href":"https:\/\/marshallradio.com\/eu\/wp-json\/wp\/v2\/users\/1"}],"replies":[{"embeddable":true,"href":"https:\/\/marshallradio.com\/eu\/wp-json\/wp\/v2\/comments?post=35691"}],"version-history":[{"count":4,"href":"https:\/\/marshallradio.com\/eu\/wp-json\/wp\/v2\/pages\/35691\/revisions"}],"predecessor-version":[{"id":39713,"href":"https:\/\/marshallradio.com\/eu\/wp-json\/wp\/v2\/pages\/35691\/revisions\/39713"}],"wp:featuredmedia":[{"embeddable":true,"href":"https:\/\/marshallradio.com\/eu\/wp-json\/wp\/v2\/media\/39162"}],"wp:attachment":[{"href":"https:\/\/marshallradio.com\/eu\/wp-json\/wp\/v2\/media?parent=35691"}],"curies":[{"name":"wp","href":"https:\/\/api.w.org\/{rel}","templated":true}]}}