
{"id":36644,"date":"2019-08-10T00:37:56","date_gmt":"2019-08-10T00:37:56","guid":{"rendered":"http:\/\/marshallradio.com\/eu\/?page_id=36644"},"modified":"2020-06-15T22:12:34","modified_gmt":"2020-06-15T22:12:34","slug":"gps-and-instructions","status":"publish","type":"page","link":"https:\/\/marshallradio.com\/eu\/videos\/tutorial-videos-es\/gps-and-instructions\/","title":{"rendered":"GPS and Instructions Spanish"},"content":{"rendered":"\n<p class=\"has-text-align-center\">Haga clic aqu\u00ed para ver nuestra &#8220;<a href=\"http:\/\/marshallradio.com\/ww\/wp-content\/uploads\/sites\/2\/2020\/06\/SPANISH-GPS-NEW-USER-START-UP-NOTES-3.pdf\">GU\u00cdA DE INICIO R\u00c1PIDO GPS<\/a>&#8220;<\/p>\n","protected":false},"excerpt":{"rendered":"<p>Haga clic aqu\u00ed para ver nuestra &#8220;GU\u00cdA DE INICIO R\u00c1PIDO GPS&#8220;<\/p>\n","protected":false},"author":1,"featured_media":34468,"parent":36507,"menu_order":0,"comment_status":"closed","ping_status":"closed","template":"page-video.php","meta":{"_acf_changed":false,"footnotes":""},"class_list":["post-36644","page","type-page","status-publish","has-post-thumbnail","hentry"],"acf":[],"_links":{"self":[{"href":"https:\/\/marshallradio.com\/eu\/wp-json\/wp\/v2\/pages\/36644","targetHints":{"allow":["GET"]}}],"collection":[{"href":"https:\/\/marshallradio.com\/eu\/wp-json\/wp\/v2\/pages"}],"about":[{"href":"https:\/\/marshallradio.com\/eu\/wp-json\/wp\/v2\/types\/page"}],"author":[{"embeddable":true,"href":"https:\/\/marshallradio.com\/eu\/wp-json\/wp\/v2\/users\/1"}],"replies":[{"embeddable":true,"href":"https:\/\/marshallradio.com\/eu\/wp-json\/wp\/v2\/comments?post=36644"}],"version-history":[{"count":8,"href":"https:\/\/marshallradio.com\/eu\/wp-json\/wp\/v2\/pages\/36644\/revisions"}],"predecessor-version":[{"id":40421,"href":"https:\/\/marshallradio.com\/eu\/wp-json\/wp\/v2\/pages\/36644\/revisions\/40421"}],"up":[{"embeddable":true,"href":"https:\/\/marshallradio.com\/eu\/wp-json\/wp\/v2\/pages\/36507"}],"wp:featuredmedia":[{"embeddable":true,"href":"https:\/\/marshallradio.com\/eu\/wp-json\/wp\/v2\/media\/34468"}],"wp:attachment":[{"href":"https:\/\/marshallradio.com\/eu\/wp-json\/wp\/v2\/media?parent=36644"}],"curies":[{"name":"wp","href":"https:\/\/api.w.org\/{rel}","templated":true}]}}