
{"id":36691,"date":"2019-08-15T15:55:02","date_gmt":"2019-08-15T15:55:02","guid":{"rendered":"http:\/\/marshallradio.com\/eu\/termes-et-conditions\/"},"modified":"2019-09-24T17:54:51","modified_gmt":"2019-09-24T17:54:51","slug":"termes-et-conditions","status":"publish","type":"page","link":"https:\/\/marshallradio.com\/eu\/termes-et-conditions\/?lang=fr","title":{"rendered":"Termes et conditions"},"content":{"rendered":"\n<p>Conditions d&#8217;utilisation &#8211; Marshall Radio<\/p>\n\n<p>\u00c0 nos utilisateurs en ligne:<\/p>\n\n<p>Bienvenue \u00e0 <a href=\"http:\/\/marshallradio.com\/\" target=\"_blank\" rel=\"noreferrer noopener\">marshallradio.com<\/a>.\u00a0 Marshall Radio Telemetry Inc. et \/ ou ses soci\u00e9t\u00e9s affili\u00e9es (Marshall Radio Telemetry Ltd., Marshall Gulf Electronics, Marshall-Intech Technologies), ci-apr\u00e8s d\u00e9nomm\u00e9s &#8220;MARSHALL RADIO&#8221;, vous fournissent des fonctionnalit\u00e9s de site Web et d&#8217;autres produits et services lorsque vous visitez ou achetez <a href=\"http:\/\/marshallradio.com\/\" target=\"_blank\" rel=\"noreferrer noopener\">marshallradio.com<\/a>. Marshall Radio fournit des produits et services soumis aux conditions suivantes.<\/p>\n\n<p>Veuillez lire attentivement ces conditions avant d&#8217;utiliser ce site Web. L&#8217;utilisation du site Web indique que vous acceptez ces conditions.<\/p>\n\n<p>politique de confidentialit\u00e9<\/p>\n\n<p>Veuillez consulter notre politique de confidentialit\u00e9 pour comprendre les pratiques.<\/p>\n\n<p>Utilisation du site web<\/p>\n\n<p>Sauf indication contraire, le site Web MARSHALL RADIO est pour votre usage personnel. Le site Web de Marshall Radio ne peut \u00eatre modifi\u00e9, copi\u00e9, distribu\u00e9, transmis, affich\u00e9, reproduit ou publi\u00e9 par l&#8217;utilisateur. Toute information obtenue sur le site Web de Marshall Radio ne peut \u00eatre vendue \u00e0 des fins d\u2019utilisation commerciale ou commerciale sans le consentement de Marshall Radio.<\/p>\n\n<p>Soumissions d&#8217;utilisateur de site Web<\/p>\n\n<p>\u00c0 l&#8217;exception des informations personnelles identifiables couvertes par la politique de confidentialit\u00e9 de Marshall Radio, toute information ou autre communication post\u00e9e par les utilisateurs \u00e0 <a href=\"http:\/\/marshallradio.com\/\" target=\"_blank\" rel=\"noreferrer noopener\">marshallradio.com<\/a> sera consid\u00e9r\u00e9 comme non confidentiel et non exclusif. Marshall Radio n&#8217;aura aucune obligation en ce qui concerne les communications des utilisateurs. Marshall Radio sera consid\u00e9r\u00e9e comme libre de copier, divulguer, distribuer, incorporer et utiliser autrement les communications des utilisateurs \u00e0 des fins commerciales. Il est interdit aux utilisateurs de poster ou de transmettre \u00e0 <a href=\"http:\/\/marshallradio.com\/\" target=\"_blank\" rel=\"noreferrer noopener\">marshallradio.com<\/a> tout mat\u00e9riel ill\u00e9gal, mena\u00e7ant, diffamatoire, obsc\u00e8ne, pornographique ou autre qui violerait toute loi.<\/p>\n\n<p>Les t\u00e9moignages et les critiques de produits exprim\u00e9s repr\u00e9sentent les points de vue de l&#8217;utilisateur et \/ ou de l&#8217;auteur et non ceux de Marshall Radio. Une revue de produit ne constitue pas une litt\u00e9rature autoris\u00e9e de Marshall Radio.<\/p>\n\n<p>Usage interdit et ill\u00e9gal<\/p>\n\n<p>Comme condition de votre utilisation de <a href=\"http:\/\/marshallradio.com\/\" target=\"_blank\" rel=\"noreferrer noopener\">marshallradio.com<\/a>, vous garantissez \u00e0 Marshall Radio que vous n&#8217;utiliserez pas le site Web \u00e0 des fins ill\u00e9gales ou interdites par ces termes, conditions et notifications. Vous ne pouvez pas utiliser <a href=\"http:\/\/marshallradio.com\/\" target=\"_blank\" rel=\"noreferrer noopener\">marshallradio.com<\/a> d&#8217;une mani\u00e8re qui pourrait endommager, d\u00e9sactiver, surcharger ou endommager le site Web ou nuire \u00e0 l&#8217;utilisation et \u00e0 la jouissance du site Web par une autre partie.<\/p>\n\n<p>D\u00e9ni de garantie et limitation de responsabilit\u00e9<\/p>\n\n<p>Les services Marshall Radio et toutes les informations, contenus, mat\u00e9riels, produits et autres services inclus dans ou mis \u00e0 votre disposition de quelque mani\u00e8re que ce soit par le biais de <a href=\"http:\/\/marshallradio.com\/\" target=\"_blank\" rel=\"noreferrer noopener\">marshallradio.com<\/a> sont fournies par Marshall Radio &#8220;telles quelles&#8221; et &#8220;telles que disponibles&#8221;, sauf indication contraire par \u00e9crit. Marshall Radio ne fait aucune d\u00e9claration ni garantie d&#8217;aucune sorte, expresse ou implicite, concernant le fonctionnement de <a href=\"http:\/\/marshallradio.com\/\" target=\"_blank\" rel=\"noreferrer noopener\">marshallradio.com<\/a>, ou les informations, contenus, mat\u00e9riels, produits ou autres services inclus ou mis \u00e0 votre disposition d&#8217;une autre mani\u00e8re par <a href=\"http:\/\/marshallradio.com\/\" target=\"_blank\" rel=\"noreferrer noopener\">marshallradio.com<\/a>, sauf indication contraire \u00e9crite. Vous acceptez express\u00e9ment que votre utilisation de <a href=\"http:\/\/marshallradio.com\/\" target=\"_blank\" rel=\"noreferrer noopener\">marshallradio.com<\/a> est \u00e0 vos risques et p\u00e9rils.<\/p>\n\n<p>Dans la mesure permise par la loi en vigueur, Marshall Radio d\u00e9cline toute garantie, expresse ou implicite, y compris, sans limitation, les garanties implicites de qualit\u00e9 marchande et d&#8217;ad\u00e9quation \u00e0 un usage particulier. Marshall Radio ne garantit pas que <a href=\"http:\/\/marshallradio.com\/\" target=\"_blank\" rel=\"noreferrer noopener\">marshallradio.com<\/a>, informations, contenus, mat\u00e9riels, produits ou autres services inclus ou mis \u00e0 votre disposition par le biais de: <a href=\"http:\/\/marshallradio.com\/\" target=\"_blank\" rel=\"noreferrer noopener\">marshallradio.com<\/a>, Les serveurs de Marshall Radio ou les communications \u00e9lectroniques envoy\u00e9es par Marshall Radio sont exempts de virus et d\u2019autres composants nuisibles. Marshall Radio ne pourra \u00eatre tenue responsable de quelque dommage que ce soit r\u00e9sultant de l&#8217;utilisation d&#8217;un service Marshall Radio ou de l&#8217;information, du contenu, du mat\u00e9riel, des produits ou d&#8217;autres services inclus dans ou mis \u00e0 votre disposition autrement par le biais de: <a href=\"http:\/\/marshallradio.com\/\" target=\"_blank\" rel=\"noreferrer noopener\">marshallradio.com<\/a>, y compris, sans toutefois s&#8217;y limiter, les dommages directs, indirects, accessoires, punitifs et cons\u00e9cutifs, sauf indication contraire par \u00e9crit.<\/p>\n\n<p>Modification de ces conditions d&#8217;utilisation<\/p>\n\n<p>Marshall Radio peut r\u00e9viser ces Conditions \u00e0 tout moment en mettant \u00e0 jour cette publication \u00e0 tout moment. Il incombe \u00e0 l&#8217;utilisateur de v\u00e9rifier les conditions d&#8217;utilisation pour tout changement.<\/p>\n\n<p>Droits d&#8217;auteur et marques de commerce<\/p>\n\n<p>Tout le contenu inclus ou mis \u00e0 disposition via <a href=\"http:\/\/marshallradio.com\/\" target=\"_blank\" rel=\"noreferrer noopener\">marshallradio.com<\/a>, Les textes, graphiques, logos, ic\u00f4nes de boutons, images, clips audio, t\u00e9l\u00e9chargements num\u00e9riques et compilations de donn\u00e9es sont la propri\u00e9t\u00e9 de Marshall Radio ou de ses fournisseurs de contenu et sont prot\u00e9g\u00e9s par les lois du droit d&#8217;auteur des \u00c9tats-Unis et internationales. En outre, les graphiques, les logos, les en-t\u00eates de page, les ic\u00f4nes de boutons, les scripts et les noms de service inclus ou mis \u00e0 disposition via Marshall Radio.com sont des marques commerciales ou des marques commerciales de Marshall Radio aux \u00c9tats-Unis et dans d&#8217;autres pays.<\/p>\n\n<p>Retours, remboursements et titre<\/p>\n\n<p>Marshall Radio ne prend pas le titre des articles retourn\u00e9s jusqu&#8217;\u00e0 ce qu&#8217;ils arrivent dans un centre de distribution Marshall Radio. Veuillez consulter notre politique de remboursement \/ retour et \u00e9change pour plus d&#8217;informations.<\/p>\n\n<p>Description du produit<\/p>\n\n<p>Marshall Radio tente d&#8217;\u00eatre aussi pr\u00e9cis que possible sur notre site web. Cependant, Marshall Radio ne garantit pas que les descriptions de produits ou autre contenu de <a href=\"http:\/\/marshallradio.com\/\" target=\"_blank\" rel=\"noreferrer noopener\">marshallradio.com<\/a> est pr\u00e9cis, complet, fiable, actuel ou sans erreur. Si un produit propos\u00e9 par Marshall Radio n\u2019est pas conforme \u00e0 sa description, votre seul recours est de le renvoyer inutilis\u00e9.<\/p>\n\n<p>Prix<\/p>\n\n<p>Le prix affich\u00e9 pour les produits sur <a href=\"http:\/\/marshallradio.com\/\" target=\"_blank\" rel=\"noreferrer noopener\">marshallradio.com<\/a> repr\u00e9sente le prix de d\u00e9tail complet indiqu\u00e9 pour le produit.<\/p>\n\n<p>En ce qui concerne les articles vendus par Marshall Radio, nous ne pouvons pas confirmer le prix d&#8217;un article avant votre commande. Malgr\u00e9 tous nos efforts, un petit nombre d\u2019articles de notre catalogue risquent d\u2019\u00eatre mal \u00e9valu\u00e9s. Si le prix correct d&#8217;un article vendu par Marshall Radio est sup\u00e9rieur au prix indiqu\u00e9, nous vous contacterons pour vous donner les instructions avant l&#8217;exp\u00e9dition ou annulez votre commande et vous informerons de cette annulation.<\/p>\n\n<p>Politique de confidentialit\u00e9 de Marshall Radio<\/p>\n\n<p>\u00c0 nos clients, revendeurs, distributeurs, employ\u00e9s et vendeurs:<\/p>\n\n<p>Marshall Radio Telemetry Inc. et ses soci\u00e9t\u00e9s affili\u00e9es (Marshall Radio Telemetry Ltd., Marshall Gulf Electronics, Marshall-Intech Technologies), ci-apr\u00e8s d\u00e9nomm\u00e9es \u00abMarshall Radio\u00bb, d\u00e9clarent que votre vie priv\u00e9e est importante pour nous, et le maintien de votre confiance est l&#8217;un des nos plus hautes priorit\u00e9s. Nous respectons votre droit de garder vos informations personnelles confidentielles et comprenons votre d\u00e9sir d&#8217;\u00e9viter les sollicitations ind\u00e9sirables. Dans cet esprit, Marshall Radio souhaite vous communiquer sa politique de confidentialit\u00e9. Nous esp\u00e9rons qu\u2019en prenant quelques minutes pour le lire, vous comprendrez mieux ce que nous faisons des informations que vous nous avez fournies et comment nous les gardons priv\u00e9es et s\u00e9curis\u00e9es.<\/p>\n\n<p>A: Types d&#8217;informations que nous recueillons<\/p>\n\n<p>Nous collectons certaines informations personnelles vous concernant &#8211; mais uniquement lorsque ces informations vous ont \u00e9t\u00e9 fournies ou obtenues avec notre autorisation. Nous utilisons ces informations pour traiter vos demandes de commande et pour fournir les informations d\u2019exp\u00e9dition n\u00e9cessaires au transporteur.<\/p>\n\n<p>Voici des exemples de sources \u00e0 partir desquelles nous recueillons des informations:<\/p>\n\n<p>\u2022 &#8211; Commandes Web<\/p>\n\n<p>\u2022            &#8211; Commandes<\/p>\n\n<p>B: Parties \u00e0 qui nous divulguons des informations<\/p>\n\n<p>En r\u00e8gle g\u00e9n\u00e9rale, nous ne divulguons \u00e0 aucun tiers des informations personnelles sur nos revendeurs, distributeurs ou clients, ou d&#8217;anciens revendeurs, distributeurs ou clients. Toutefois, dans les limites autoris\u00e9es par la loi et par tout code de d\u00e9ontologie applicable de l&#8217;\u00c9tat, certaines informations non publiques sur vous peuvent \u00eatre divulgu\u00e9es dans les cas suivants:<\/p>\n\n<p>Se conformer \u00e0 une assignation ou \u00e0 une assignation valablement \u00e9mise et ex\u00e9cutoire.<\/p>\n\n<p>En cas d\u2019achat, de vente ou de fusion de tout ou partie de notre entreprise, \u00e0 condition que nous prenions les pr\u00e9cautions appropri\u00e9es (par exemple, par le biais d\u2019un accord de confidentialit\u00e9 \u00e9crit) afin que l\u2019acheteur \u00e9ventuel ou la soci\u00e9t\u00e9 de fusion ne divulgue pas les informations obtenues au cours de la revue.<\/p>\n\n<p>Dans le cadre de toute proc\u00e9dure judiciaire r\u00e9elle ou imminente ou de tout m\u00e9canisme alternatif de r\u00e9solution des conflits initi\u00e9 par nous ou \u00e0 notre encontre, \u00e0 condition que nous ne divulguions que les informations n\u00e9cessaires pour classer, poursuivre ou d\u00e9fendre le litige, et que nous prenions les pr\u00e9cautions raisonnables pour que les informations divulgu\u00e9es ne soient pas divulgu\u00e9es. ne pas devenir une affaire publique.<\/p>\n\n<p>Fournir des informations aux soci\u00e9t\u00e9s affili\u00e9es de la soci\u00e9t\u00e9 et aux tiers non affili\u00e9s qui nous fournissent des services ou des fonctions conjointement avec nos services, mais uniquement si nous avons un accord contractuel avec l\u2019autre partie qui lui interdit de divulguer ou d\u2019utiliser les informations autres que aux fins pour lesquelles il a \u00e9t\u00e9 divulgu\u00e9. (Parmi les exemples de telles divulgations figure une demande de proposition d\u2019un contrat d\u2019exp\u00e9dition de colis.)<\/p>\n\n<p>C: Confidentialit\u00e9 et s\u00e9curit\u00e9 des informations personnelles non publiques<\/p>\n\n<p>Sauf indication contraire dans le pr\u00e9sent avis, nous limitons l&#8217;acc\u00e8s aux informations personnelles non publiques vous concernant aux employ\u00e9s de notre soci\u00e9t\u00e9 et aux autres parties qui doivent utiliser ces informations pour vous fournir des services. Leur droit de divulguer et d&#8217;utiliser davantage les informations est limit\u00e9 par les politiques de notre entreprise, la loi applicable, notre code de d\u00e9ontologie et des accords de confidentialit\u00e9, le cas \u00e9ch\u00e9ant. Nous maintenons \u00e9galement des protections physiques, \u00e9lectroniques et proc\u00e9durales conformes aux lois et r\u00e9glementations en vigueur pour prot\u00e9ger vos informations personnelles contre tout acc\u00e8s non autoris\u00e9, toute modification ou destruction pr\u00e9matur\u00e9e.<\/p>\n\n<p>Merci de nous avoir permis de vous proposer nos produits de t\u00e9l\u00e9m\u00e9trie de classe mondiale. Nous valorisons votre entreprise et nous nous engageons \u00e0 prot\u00e9ger votre vie priv\u00e9e. Nous esp\u00e9rons que vous consid\u00e9rez notre entreprise comme votre partenaire le plus fiable et nous travaillerons pour continuer \u00e0 gagner votre confiance. S&#8217;il vous pla\u00eet appelez-nous si vous avez des questions ou si nous pouvons \u00eatre de service suppl\u00e9mentaire.<\/p>\n\n<p>Politique de remboursement \/ retour \/ \u00e9change de Marshall Radio<\/p>\n\n<p>\u00c0 nos clients:<\/p>\n\n<p>Cette politique couvre Marshall Radio Telemetry Inc. et ses soci\u00e9t\u00e9s affili\u00e9es (Marshall Radio Telemetry Ltd., Marshall Gulf Electronics, Marshall-Intech Technologies), ci-apr\u00e8s d\u00e9nomm\u00e9 \u00abMarshall Radio\u00bb.<\/p>\n\n<p>Les particuliers ont une option de retour pour tous les nouveaux produits revendables: Politique de retour dans les 30 jours<\/p>\n\n<p>&#8211; La personne doit avoir achet\u00e9 le produit retourn\u00e9 directement aupr\u00e8s de Marshall Radio pour que le remboursement soit appliqu\u00e9 \u00e0 la carte par d\u00e9faut enregistr\u00e9e.<\/p>\n\n<p>&#8211; Le montant du retour sera \u00e0 la valeur de vente actuelle. Une confirmation de retour sera envoy\u00e9e \u00e0 l&#8217;e-mail d&#8217;origine de votre compte une fois le cr\u00e9dit trait\u00e9.<\/p>\n\n<p>&#8211; Les frais de transport pour renvoyer l&#8217;article \u00e0 et de Marshall Radio seront \u00e0 la charge de la partie retournant le produit.<\/p>\n\n<p>&#8211; Si le produit est refus\u00e9 et qu\u2019il n\u2019est pas en parfait \u00e9tat de revente, un professionnel du service client\u00e8le vous en avertira.<\/p>\n\n<p>&#8211; Les articles pr\u00e9-emball\u00e9s doivent \u00eatre retourn\u00e9s \u00e0 l&#8217;int\u00e9rieur de l&#8217;emballage d&#8217;origine. Veuillez ne pas apposer d&#8217;\u00e9tiquettes d&#8217;exp\u00e9dition directement sur les bo\u00eetes d&#8217;origine.<\/p>\n\n<p>&#8211; L&#8217;autorisation de retour de marchandise (RMA) # est requise pour tous les \u00e9changes et les retours. S&#8217;il vous pla\u00eet \u00e9crivez RMA # \u00e0 l&#8217;ext\u00e9rieur du paquet<\/p>\n\n<p>Les particuliers ont une option d&#8217;\u00e9change pour tous les nouveaux produits revendables:<\/p>\n\n<p>&#8211; Les articles pr\u00e9-emball\u00e9s doivent \u00eatre retourn\u00e9s \u00e0 l&#8217;int\u00e9rieur de l&#8217;emballage d&#8217;origine. Veuillez ne pas apposer d&#8217;\u00e9tiquettes d&#8217;exp\u00e9dition directement sur les bo\u00eetes d&#8217;origine.<\/p>\n\n<p>&#8211; Les frais de transport pour renvoyer l&#8217;article \u00e0 Marshall Radio seront \u00e0 la charge de la partie qui \u00e9change le produit.<\/p>\n\n<p>&#8211; Le co\u00fbt du fret pour le produit de remplacement sera \u00e0 la charge de la partie qui l\u2019\u00e9change.<\/p>\n\n<p>&#8211; Tous les remboursements seront appliqu\u00e9s \u00e0 la carte par d\u00e9faut sur le compte.<\/p>\n\n<p>&#8211; Si le produit est refus\u00e9 et qu\u2019il n\u2019est pas en parfait \u00e9tat de revente, un professionnel du service client\u00e8le vous en avertira.<\/p>\n\n<p>&#8211; L&#8217;autorisation de retour de marchandise (RMA) # est requise pour tous les \u00e9changes et les retours. S&#8217;il vous pla\u00eet \u00e9crivez RMA # \u00e0 l&#8217;ext\u00e9rieur du paquet.<\/p>\n\n<p>Exp\u00e9dition de retour<\/p>\n\n<p>Assurez-vous d\u2019exp\u00e9dier le colis avec un transporteur pouvant assurer le suivi et l\u2019assurance. Marshall Radio n&#8217;assume aucune responsabilit\u00e9 pour les articles en transit \u00e0 son retour. Les frais d&#8217;exp\u00e9dition ne sont pas remboursables. L&#8217;adresse de retour \/ \u00e9change sera fournie par un professionnel du service client\u00e8le.<\/p>\n\n<p>Politiques d&#8217;exp\u00e9dition:<\/p>\n\n<p>\u00c9tats Unis<\/p>\n\n<p>&#8211; Les commandes sont ex\u00e9cut\u00e9es depuis notre centre de distribution de l&#8217;Utah.<\/p>\n\n<p>&#8211; Nous enverrons une notification d&#8217;exp\u00e9dition avec le num\u00e9ro de suivi lors de l&#8217;ex\u00e9cution de la commande \u00e0 l&#8217;adresse \u00e9lectronique que vous avez fournie.<\/p>\n\n<p>&#8211; Nous utilisons FedEx Ground pour les envois standard \u00abGround\u00bb. Le d\u00e9lai de livraison estim\u00e9 est disponible \u00e0 l&#8217;adresse suivante: <a href=\"https:\/\/www.fedex.com\/maps\" target=\"_blank\" rel=\"noreferrer noopener\">https:\/\/www.fedex.com\/maps<\/a> et entrez 84054 pour le code postal.<\/p>\n\n<p>&#8211; FedEx 3 jours, FedEx 2e jour et FedEx suivant sont disponibles moyennant des frais suppl\u00e9mentaires, visibles \u00e0 la caisse.<\/p>\n\n<p>&#8211; Dans le cas d&#8217;une exp\u00e9dition gratuite ou \u00e0 prix r\u00e9duit, nous pouvons utiliser le courrier postal, prioritaire ou USPS First Class Mail. La livraison varie de 2 \u00e0 7 jours ouvrables dans les 50 \u00c9tats.<\/p>\n\n<p>&#8211; Nous ne sommes pas en mesure d&#8217;exp\u00e9dier vers les bo\u00eetes postales, veuillez fournir une adresse physique.<\/p>\n\n<p>&#8211; Nous sommes en mesure d&#8217;exp\u00e9dier aux adresses APO \/ FPO. Veuillez s\u00e9lectionner l&#8217;envoi par voie terrestre en laissant un d\u00e9lai de 2 \u00e0 7 jours ouvrables pour la livraison.<\/p>\n\n<p>Canada<\/p>\n\n<p>&#8211; Les commandes sont ex\u00e9cut\u00e9es depuis notre centre de distribution de l&#8217;Utah.<\/p>\n\n<p>&#8211; Nous enverrons une notification d&#8217;exp\u00e9dition avec le num\u00e9ro de suivi lors de l&#8217;ex\u00e9cution de la commande \u00e0 l&#8217;adresse \u00e9lectronique que vous avez fournie.<\/p>\n\n<p>&#8211; Nous utilisons FedEx en tirant parti du meilleur partenaire pour votre adresse de livraison particuli\u00e8re.<\/p>\n\n<p>&#8211; D\u00e9lais de livraison standard estim\u00e9s en jours ouvrables: 2 \u00e0 5 jours pour les emplacements situ\u00e9s en Colombie-Britannique, en Alberta, en Saskatchewan et au Manitoba, les zones rurales peuvent n\u00e9cessiter 1 \u00e0 2 jours suppl\u00e9mentaires.<\/p>\n\n<p>&#8211; 4 \u00e0 7 jours pour les sites ON, PQ, N.-B., N.-\u00c9., \u00ce.-P.-\u00c9., T.-N.-L., YT, NT et NU.<\/p>\n\n<p>&#8211; Des options de nuit, 2 jours et 3 jours sont disponibles moyennant des frais suppl\u00e9mentaires, visibles au moment du paiement. Veuillez noter que pour les zones rurales, ces options peuvent prendre 1 \u00e0 2 jour (s) ouvrable (s) de plus.<\/p>\n\n<p>&#8211; Nous ne pouvons exp\u00e9dier qu&#8217;\u00e0 des adresses de livraison au Canada.<\/p>\n\n<p>L&#8217;Europe <\/p>\n\n<p>&#8211; Les commandes sont ex\u00e9cut\u00e9es depuis nos centres de distribution au Royaume-Uni et en Espagne.<\/p>\n\n<p>&#8211; Nous enverrons une notification d&#8217;exp\u00e9dition avec le num\u00e9ro de suivi lors de l&#8217;ex\u00e9cution de la commande \u00e0 l&#8217;adresse \u00e9lectronique que vous avez fournie.<\/p>\n\n<p>&#8211; Nous utilisons Royal Mail, DPD et FedEx en mobilisant le meilleur partenaire pour votre adresse de livraison particuli\u00e8re.<\/p>\n\n<p>&#8211; 2-7 jours ouvrables pour la livraison. Des options acc\u00e9l\u00e9r\u00e9es au sein de l\u2019Europe sont disponibles moyennant un suppl\u00e9ment. Appelez nos bureaux europ\u00e9ens pour plus de d\u00e9tails.<\/p>\n\n<p>&#8211; Nous pouvons exp\u00e9dier des adresses de livraison en Europe \u00e0 partir de nos centres de distribution au Royaume-Uni et en Espagne. Dans le cas o\u00f9 nous aurions besoin de plus d&#8217;informations, nous communiquerons avec l&#8217;adresse \u00e9lectronique et le num\u00e9ro de t\u00e9l\u00e9phone que vous avez fournis.<\/p>\n\n<p>&#8211; Les droits de douane, taxes et taxes pour tous les pays partenaires du commerce europ\u00e9en sont pr\u00e9pay\u00e9s. Pour tous les autres pays, le bureau de douane du pays de destination peut appliquer des frais de douane, des droits d&#8217;importation, des taxes et autres frais. Tous les frais n\u00e9cessaires au d\u00e9douanement seront \u00e0 la charge du client ou du destinataire. Utilisez notre localisateur de revendeurs pour trouver le revendeur le plus proche.<\/p>\n\n<p>&#8211; Veuillez noter que les articles Marshall Radio exp\u00e9di\u00e9s hors des \u00c9tats-Unis, du Canada et d&#8217;Europe peuvent ne pas \u00eatre conformes aux normes sp\u00e9cifiques du pays de destination. Marshall Radio n&#8217;est pas responsable de d\u00e9terminer quels produits peuvent \u00eatre import\u00e9s l\u00e9galement dans votre pays. Si vous avez des questions concernant d&#8217;\u00e9ventuelles restrictions d&#8217;exp\u00e9dition, veuillez nous contacter.<\/p>\n\n<p>Autres lieux internationaux<\/p>\n\n<p>&#8211; Toute commande non exp\u00e9di\u00e9e aux \u00c9tats-Unis, au Canada ou en Europe sera trait\u00e9e par notre centre de distribution situ\u00e9 aux \u00c9tats-Unis et dans l&#8217;Utah.<\/p>\n\n<p>&#8211; Nous utilisons FedEx International pour toutes les autres destinations mondiales.<\/p>\n\n<p>&#8211; Le bureau de douane du pays de destination peut appliquer des droits de douane, des droits d&#8217;importation, des taxes et autres frais. Tous les frais n\u00e9cessaires au d\u00e9douanement seront \u00e0 la charge du client ou du destinataire. Selon la loi, Marshall Radio est tenue de d\u00e9clarer la valeur totale (prix d&#8217;achat) du ou des produit (s) sur toute lettre de transport ou document douanier. Vous pouvez \u00e9galement vous r\u00e9f\u00e9rer \u00e0 notre localisateur de concessionnaires pour savoir si votre succursale est desservie par l&#8217;un de nos revendeurs.<\/p>\n\n<p>&#8211; Veuillez noter que les articles Marshall Radio exp\u00e9di\u00e9s hors des \u00c9tats-Unis, du Canada et d&#8217;Europe peuvent ne pas \u00eatre conformes aux normes sp\u00e9cifiques du pays de destination. Marshall Radio n&#8217;est pas responsable de d\u00e9terminer quels produits peuvent \u00eatre import\u00e9s l\u00e9galement dans des pays autres que les \u00c9tats-Unis, le Canada et l&#8217;Europe. Si vous avez des questions concernant d&#8217;\u00e9ventuelles restrictions d&#8217;exp\u00e9dition, veuillez nous contacter.<\/p>\n\n<p>\u00a9 2019 TOUS DROITS R\u00c9SERV\u00c9S RADIO MARSHALL<\/p>\n","protected":false},"excerpt":{"rendered":"<p>Conditions d&#8217;utilisation &#8211; Marshall Radio \u00c0 nos utilisateurs en ligne: Bienvenue \u00e0 marshallradio.com.\u00a0 Marshall Radio Telemetry Inc. et \/ ou ses soci\u00e9t\u00e9s affili\u00e9es (Marshall Radio Telemetry Ltd., Marshall Gulf Electronics, Marshall-Intech Technologies), ci-apr\u00e8s d\u00e9nomm\u00e9s &#8220;MARSHALL RADIO&#8221;, vous fournissent des fonctionnalit\u00e9s<span class=\"ellipsis\">&hellip;<\/span><\/p>\n<div class=\"read-more\"><a href=\"https:\/\/marshallradio.com\/eu\/termes-et-conditions\/?lang=fr\">Read more <span class=\"screen-reader-text\">Termes et conditions<\/span><span class=\"meta-nav\"> &#8250;<\/span><\/a><\/div>\n<p><!-- end of .read-more --><\/p>\n","protected":false},"author":1,"featured_media":37697,"parent":0,"menu_order":0,"comment_status":"closed","ping_status":"closed","template":"page-home-template.php","meta":{"_acf_changed":false,"footnotes":""},"class_list":["post-36691","page","type-page","status-publish","has-post-thumbnail","hentry"],"acf":[],"_links":{"self":[{"href":"https:\/\/marshallradio.com\/eu\/wp-json\/wp\/v2\/pages\/36691","targetHints":{"allow":["GET"]}}],"collection":[{"href":"https:\/\/marshallradio.com\/eu\/wp-json\/wp\/v2\/pages"}],"about":[{"href":"https:\/\/marshallradio.com\/eu\/wp-json\/wp\/v2\/types\/page"}],"author":[{"embeddable":true,"href":"https:\/\/marshallradio.com\/eu\/wp-json\/wp\/v2\/users\/1"}],"replies":[{"embeddable":true,"href":"https:\/\/marshallradio.com\/eu\/wp-json\/wp\/v2\/comments?post=36691"}],"version-history":[{"count":2,"href":"https:\/\/marshallradio.com\/eu\/wp-json\/wp\/v2\/pages\/36691\/revisions"}],"predecessor-version":[{"id":37330,"href":"https:\/\/marshallradio.com\/eu\/wp-json\/wp\/v2\/pages\/36691\/revisions\/37330"}],"wp:featuredmedia":[{"embeddable":true,"href":"https:\/\/marshallradio.com\/eu\/wp-json\/wp\/v2\/media\/37697"}],"wp:attachment":[{"href":"https:\/\/marshallradio.com\/eu\/wp-json\/wp\/v2\/media?parent=36691"}],"curies":[{"name":"wp","href":"https:\/\/api.w.org\/{rel}","templated":true}]}}