
{"id":36706,"date":"2019-08-21T21:04:42","date_gmt":"2019-08-21T21:04:42","guid":{"rendered":"http:\/\/marshallradio.com\/eu\/shrnuti-prevadece\/"},"modified":"2021-09-13T19:38:29","modified_gmt":"2021-09-13T19:38:29","slug":"shrnuti-prevadece","status":"publish","type":"page","link":"https:\/\/marshallradio.com\/eu\/shrnuti-prevadece\/?lang=cs","title":{"rendered":"Shrnut\u00ed p\u0159evad\u011b\u010de"},"content":{"rendered":"<div style=\"overflow-x:auto;\">&#13;\n<table id=\"t01\"><tbody><tr><th\/>&#13;\n<th>RT Plus<\/th>&#13;\n<th>RT Std.<\/th>&#13;\n<th>RT Turbo<\/th>&#13;\n<th>RT UHF<\/th>&#13;\n<th>Scout<\/th>&#13;\n<th>Scout UHF<\/th>&#13;\n<th>Micro<\/th>&#13;\n<th>Micro UHF<\/th>&#13;\n<\/tr><tr><th>Frekvence<\/th>&#13;\n<td>216-219MHz<\/td>&#13;\n<td>215-219MHz 233-237MHz<\/td>&#13;\n<td>215-219MHz 233-237MHz<\/td>&#13;\n<td>432-436MHz<\/td>&#13;\n<td>216-219MHz<\/td>&#13;\n<td>433-434MHz<\/td>&#13;\n<td>216-219MHz<\/td>&#13;\n<td>432-437MHz<\/td>&#13;\n<\/tr><tr><th>Velikost t\u011bla<\/th>&#13;\n<td>.540\u201d pr\u016fm\u011br<\/td>&#13;\n<td>.540\u201d pr\u016fm\u011br<\/td>&#13;\n<td>.540\u201d pr\u016fm\u011br<\/td>&#13;\n<td>.540\u201d pr\u016fm\u011br<\/td>&#13;\n<td>.880\u201d pr\u016fm\u011br<\/td>&#13;\n<td>.880\u201d pr\u016fm\u011br<\/td>&#13;\n<td>.565\u201d pr\u016fm\u011br<\/td>&#13;\n<td>.565\u201d pr\u016fm\u011br<\/td>&#13;\n<\/tr><tr><th>Hmotnost s bateri\u00ed<\/th>&#13;\n<td>8g<\/td>&#13;\n<td>9g<\/td>&#13;\n<td>9g<\/td>&#13;\n<td>9g<\/td>&#13;\n<td>9.6g<\/td>&#13;\n<td>9.6g<\/td>&#13;\n<td>3.5g<\/td>&#13;\n<td>3.5g<\/td>&#13;\n<\/tr><tr><th>Std. Pracovn\u00ed cyklus<\/th>&#13;\n<td>30ms 95ppm<\/td>&#13;\n<td>50ms&#13;\n55ppm<\/td>&#13;\n<td>50ms 60ppm<\/td>&#13;\n<td>50ms 48ppm<\/td>&#13;\n<td>40ms 55ppm<\/td>&#13;\n<td>30ms 95ppm<\/td>&#13;\n<td>40ms 40ppm<\/td>&#13;\n<td>40ms 40ppm<\/td>&#13;\n<\/tr><tr><th>Pracovn\u00ed cyklus Apollo 13<\/th>&#13;\n<td>30ms 30ppm<\/td>&#13;\n<td>30ms 27ppm<\/td>&#13;\n<td>30ms 27ppm<\/td>&#13;\n<td>25ms 30ppm<\/td>&#13;\n<td>20ms 27ppm<\/td>&#13;\n<td>20ms 27ppm<\/td>&#13;\n<td>20ms 27ppm<\/td>&#13;\n<td>20ms 27ppm<\/td>&#13;\n<\/tr><tr><th>\u010cas aktivace Apolla 13 (H)<\/th>&#13;\n<td>24<\/td>&#13;\n<td>16<\/td>&#13;\n<td>16<\/td>&#13;\n<td>16<\/td>&#13;\n<td>24<\/td>&#13;\n<td>12<\/td>&#13;\n<td>10<\/td>&#13;\n<td>10<\/td>&#13;\n<\/tr><tr><th>Provozn\u00ed teplota<\/th>&#13;\n<td>-40F to +150F (s novou bateri\u00ed)<\/td>&#13;\n<td>-40F to +150F (s novou bateri\u00ed)<\/td>&#13;\n<td>-40F to +150F (s novou bateri\u00ed)<\/td>&#13;\n<td>-40F to +150F (s novou bateri\u00ed)<\/td>&#13;\n<td>-40F to +150F (s novou bateri\u00ed)<\/td>&#13;\n<td>-40F to +150F (s novou bateri\u00ed)<\/td>&#13;\n<td>-20 F to +150F (s novou bateri\u00ed)<\/td>&#13;\n<td>-20 F to +150F (s novou bateri\u00ed)<\/td>&#13;\n<\/tr><tr><th>baterie<\/th>&#13;\n<td>1\/3N Lithium 3V<\/td>&#13;\n<td>1\/3N Lithium 3V<\/td>&#13;\n<td>1\/3N Lithium 3V<\/td>&#13;\n<td>1\/3N Lithium 3V<\/td>&#13;\n<td>CR2032 Lithium 3V<\/td>&#13;\n<td>CR2032 Lithium 3V<\/td>&#13;\n<td>CR1225 Lithium 3V<\/td>&#13;\n<td>CR1225 Lithium 3V<\/td>&#13;\n<\/tr><tr><th>\u017divotnost baterie<\/th>&#13;\n<td>p\u0159ibli\u017en\u011b 15 dny nep\u0159etr\u017eit\u011b<\/td>&#13;\n<td>p\u0159ibli\u017en\u011b 7 dny nep\u0159etr\u017eit\u011b<\/td>&#13;\n<td>p\u0159ibli\u017en\u011b 5 dny nep\u0159etr\u017eit\u011b<\/td>&#13;\n<td>p\u0159ibli\u017en\u011b 5 dny nep\u0159etr\u017eit\u011b<\/td>&#13;\n<td>p\u0159ibli\u017en\u011b 25 dny nep\u0159etr\u017eit\u011b<\/td>&#13;\n<td>p\u0159ibli\u017en\u011b 8 dny nep\u0159etr\u017eit\u011b<\/td>&#13;\n<td>p\u0159ibli\u017en\u011b 5 dny nep\u0159etr\u017eit\u011b<\/td>&#13;\n<td>p\u0159ibli\u017en\u011b 5 dny nep\u0159etr\u017eit\u011b<\/td>&#13;\n<\/tr><tr><th>Relativn\u00ed s\u00edla<\/th>&#13;\n<td>0 dB odkaz<\/td>&#13;\n<td>+10dB<\/td>&#13;\n<td>+16db<\/td>&#13;\n<td>+12dB<\/td>&#13;\n<td>-3dB<\/td>&#13;\n<td>+8dB<\/td>&#13;\n<td>-3dB<\/td>&#13;\n<td>+6dB<\/td>&#13;\n<\/tr><tr><th>Zp\u016fsoby mont\u00e1\u017ee<\/th>&#13;\n<td>Noha, ocas, krk, batoh<\/td>&#13;\n<td>Noha, ocas, krk, batoh<\/td>&#13;\n<td>Noha, ocas, krk, batoh<\/td>&#13;\n<td>Noha, ocas, krk, batoh<\/td>&#13;\n<td>Noha, ocas, krk, batoh<\/td>&#13;\n<td>Noha, ocas, krk, batoh<\/td>&#13;\n<td>Noha, ocas, krk, batoh<\/td>&#13;\n<td>Noha, ocas, krk, batoh<\/td>&#13;\n<\/tr><tr><th>D\u00e9lka ant\u00e9ny<\/th>&#13;\n<td>7.88&#8243;<\/td>&#13;\n<td>13.25\u201d<\/td>&#13;\n<td>13.25<\/td>&#13;\n<td>7&#8243;<\/td>&#13;\n<td>7&#8243;<\/td>&#13;\n<td>6.5\u201d noha 6\u201d Ocas<\/td>&#13;\n<td>7.25\u201d Ocas 9\u201d noha<\/td>&#13;\n<td>8.50\u201d<\/td>&#13;\n<\/tr><tr><th>Z\u00e1ruka<\/th>&#13;\n<td>3 Let<\/td>&#13;\n<td>3 Let<\/td>&#13;\n<td>5 Let<\/td>&#13;\n<td>3 Let<\/td>&#13;\n<td>Jeden rok<\/td>&#13;\n<td>Jeden rok<\/td>&#13;\n<td>3 Let<\/td>&#13;\n<td>3 Let<\/td>&#13;\n<\/tr><tr><th>LED sv\u011btlo<\/th>&#13;\n<td>Ne<\/td>&#13;\n<td>Pln\u00e1 barva<\/td>&#13;\n<td>Pln\u00e1 barva<\/td>&#13;\n<td>Pln\u00e1 barva<\/td>&#13;\n<td>Ne<\/td>&#13;\n<td>Ne<\/td>&#13;\n<td>Ne<\/td>&#13;\n<td>Ne<\/td>&#13;\n<\/tr><tr><th>P\u0159ep\u00edna\u010d Mag<\/th>&#13;\n<td>Ano<\/td>&#13;\n<td>Ano<\/td>&#13;\n<td>Ano<\/td>&#13;\n<td>Ano<\/td>&#13;\n<td>Voliteln\u00fd<\/td>&#13;\n<td>Ano<\/td>&#13;\n<td>Ano<\/td>&#13;\n<td>Ano<\/td>&#13;\n<\/tr><tr><th>Upozorn\u011bn\u00ed na vybitou baterii<\/th>&#13;\n<td>Ano<\/td>&#13;\n<td>Ano<\/td>&#13;\n<td>Ano<\/td>&#13;\n<td>Ano<\/td>&#13;\n<td>Ano<\/td>&#13;\n<td>Ano<\/td>&#13;\n<td>Pouze \u010dasova\u010d<\/td>&#13;\n<td>Pouze \u010dasova\u010d<\/td>&#13;\n<\/tr><\/tbody><\/table><\/div>&#13;\n<style><![CDATA[<![CDATA[\r\ntr:nth-child(odd) {\r\nbackground-color: #414A76;\r\n\tcolor: #fff;\r\n}\r\n]]]]><![CDATA[>]]><\/style>","protected":false},"excerpt":{"rendered":"<p>&#13; &#13; RT Plus &#13; RT Std. &#13; RT Turbo &#13; RT UHF &#13; Scout &#13; Scout UHF &#13; Micro &#13; Micro UHF &#13; Frekvence &#13; 216-219MHz &#13; 215-219MHz 233-237MHz &#13; 215-219MHz 233-237MHz &#13; 432-436MHz &#13; 216-219MHz &#13; 433-434MHz &#13;<span class=\"ellipsis\">&hellip;<\/span><\/p>\n<div class=\"read-more\"><a href=\"https:\/\/marshallradio.com\/eu\/shrnuti-prevadece\/?lang=cs\">Read more <span class=\"screen-reader-text\">Shrnut\u00ed p\u0159evad\u011b\u010de<\/span><span class=\"meta-nav\"> &#8250;<\/span><\/a><\/div>\n<p><!-- end of .read-more --><\/p>\n","protected":false},"author":1,"featured_media":38661,"parent":0,"menu_order":0,"comment_status":"closed","ping_status":"closed","template":"page-home-template.php","meta":{"_acf_changed":false,"footnotes":""},"class_list":["post-36706","page","type-page","status-publish","has-post-thumbnail","hentry"],"acf":[],"_links":{"self":[{"href":"https:\/\/marshallradio.com\/eu\/wp-json\/wp\/v2\/pages\/36706","targetHints":{"allow":["GET"]}}],"collection":[{"href":"https:\/\/marshallradio.com\/eu\/wp-json\/wp\/v2\/pages"}],"about":[{"href":"https:\/\/marshallradio.com\/eu\/wp-json\/wp\/v2\/types\/page"}],"author":[{"embeddable":true,"href":"https:\/\/marshallradio.com\/eu\/wp-json\/wp\/v2\/users\/1"}],"replies":[{"embeddable":true,"href":"https:\/\/marshallradio.com\/eu\/wp-json\/wp\/v2\/comments?post=36706"}],"version-history":[{"count":6,"href":"https:\/\/marshallradio.com\/eu\/wp-json\/wp\/v2\/pages\/36706\/revisions"}],"predecessor-version":[{"id":45455,"href":"https:\/\/marshallradio.com\/eu\/wp-json\/wp\/v2\/pages\/36706\/revisions\/45455"}],"wp:featuredmedia":[{"embeddable":true,"href":"https:\/\/marshallradio.com\/eu\/wp-json\/wp\/v2\/media\/38661"}],"wp:attachment":[{"href":"https:\/\/marshallradio.com\/eu\/wp-json\/wp\/v2\/media?parent=36706"}],"curies":[{"name":"wp","href":"https:\/\/api.w.org\/{rel}","templated":true}]}}