
{"id":36710,"date":"2019-08-21T21:15:09","date_gmt":"2019-08-21T21:15:09","guid":{"rendered":"http:\/\/marshallradio.com\/eu\/resume-de-lemetteur\/"},"modified":"2021-09-13T19:53:57","modified_gmt":"2021-09-13T19:53:57","slug":"resume-de-lemetteur","status":"publish","type":"page","link":"https:\/\/marshallradio.com\/eu\/resume-de-lemetteur\/?lang=fr","title":{"rendered":"R\u00e9sum\u00e9 de l&#8217;\u00e9metteur"},"content":{"rendered":"<div style=\"overflow-x:auto;\">&#13;\n<table id=\"t01\"><tbody><tr><th\/>&#13;\n<th>RT Plus<\/th>&#13;\n<th>RT Std.<\/th>&#13;\n<th>RT Turbo<\/th>&#13;\n<th>RT UHF<\/th>&#13;\n<th>Scout<\/th>&#13;\n<th>Scout UHF<\/th>&#13;\n<th>Micro<\/th>&#13;\n<th>Micro UHF<\/th>&#13;\n<\/tr><tr><th>Frequency<\/th>&#13;\n<td>216-219MHz<\/td>&#13;\n<td>215-219MHz 233-237MHz<\/td>&#13;\n<td>215-219MHz 233-237MHz<\/td>&#13;\n<td>432-436MHz<\/td>&#13;\n<td>216-219MHz<\/td>&#13;\n<td>433-434MHz<\/td>&#13;\n<td>216-219MHz<\/td>&#13;\n<td>432-437MHz<\/td>&#13;\n<\/tr><tr><th>Taille du corps<\/th>&#13;\n<td>.540\u201d diam\u00e8tre<\/td>&#13;\n<td>.540\u201d diam\u00e8tre<\/td>&#13;\n<td>.540\u201d diam\u00e8tre<\/td>&#13;\n<td>.540\u201d diam\u00e8tre<\/td>&#13;\n<td>.880\u201d diam\u00e8tre<\/td>&#13;\n<td>.880\u201d diam\u00e8tre<\/td>&#13;\n<td>.565\u201d diam\u00e8tre<\/td>&#13;\n<td>.565\u201d diam\u00e8tre<\/td>&#13;\n<\/tr><tr><th>Poids avec batterie<\/th>&#13;\n<td>8g<\/td>&#13;\n<td>9g<\/td>&#13;\n<td>9g<\/td>&#13;\n<td>9g<\/td>&#13;\n<td>9.6g<\/td>&#13;\n<td>9.6g<\/td>&#13;\n<td>3.5g<\/td>&#13;\n<td>3.5g<\/td>&#13;\n<\/tr><tr><th>Std. Cycle de service<\/th>&#13;\n<td>30ms 95ppm<\/td>&#13;\n<td>50ms&#13;\n55ppm<\/td>&#13;\n<td>50ms 60ppm<\/td>&#13;\n<td>50ms 48ppm<\/td>&#13;\n<td>40ms 55ppm<\/td>&#13;\n<td>30ms 95ppm<\/td>&#13;\n<td>40ms 40ppm<\/td>&#13;\n<td>40ms 40ppm<\/td>&#13;\n<\/tr><tr><th>Cycle d&#8217;utilisation d&#8217;Apollo 13<\/th>&#13;\n<td>30ms 30ppm<\/td>&#13;\n<td>30ms 27ppm<\/td>&#13;\n<td>30ms 27ppm<\/td>&#13;\n<td>25ms 30ppm<\/td>&#13;\n<td>20ms 27ppm<\/td>&#13;\n<td>20ms 27ppm<\/td>&#13;\n<td>20ms 27ppm<\/td>&#13;\n<td>20ms 27ppm<\/td>&#13;\n<\/tr><tr><th>Temps d&#8217;activation d&#8217;Apollo 13 (H)<\/th>&#13;\n<td>24<\/td>&#13;\n<td>16<\/td>&#13;\n<td>16<\/td>&#13;\n<td>16<\/td>&#13;\n<td>24<\/td>&#13;\n<td>12<\/td>&#13;\n<td>10<\/td>&#13;\n<td>10<\/td>&#13;\n<\/tr><tr><th>Temp\u00e9rature de fonctionnement<\/th>&#13;\n<td>-40F to +150F (avec nouvelle batterie)<\/td>&#13;\n<td>-40F to +150F (avec nouvelle batterie)<\/td>&#13;\n<td>-40F to +150F (avec nouvelle batterie)<\/td>&#13;\n<td>-40F to +150F (avec nouvelle batterie)<\/td>&#13;\n<td>-40F to +150F (avec nouvelle batterie)<\/td>&#13;\n<td>-40F to +150F (avec nouvelle batterie)<\/td>&#13;\n<td>-20 F to +150F (avec nouvelle batterie)<\/td>&#13;\n<td>-20 F to +150F (avec nouvelle batterie)<\/td>&#13;\n<\/tr><tr><th>Batterie<\/th>&#13;\n<td>1\/3N Lithium 3V<\/td>&#13;\n<td>1\/3N Lithium 3V<\/td>&#13;\n<td>1\/3N Lithium 3V<\/td>&#13;\n<td>1\/3N Lithium 3V<\/td>&#13;\n<td>CR2032 Lithium 3V<\/td>&#13;\n<td>CR2032 Lithium 3V<\/td>&#13;\n<td>CR1225 Lithium 3V<\/td>&#13;\n<td>CR1225 Lithium 3V<\/td>&#13;\n<\/tr><tr><th>Vie de la batterie<\/th>&#13;\n<td>approximativement 15 jours continus<\/td>&#13;\n<td>approximativement 7 jours continus<\/td>&#13;\n<td>approximativement 5 jours continus<\/td>&#13;\n<td>approximativement 5 jours continus<\/td>&#13;\n<td>approximativement 25 jours continus<\/td>&#13;\n<td>approximativement 8 jours continus<\/td>&#13;\n<td>approximativement 5 jours continus<\/td>&#13;\n<td>approximativement 5 jours continus<\/td>&#13;\n<\/tr><tr><th>Puissance relative<\/th>&#13;\n<td>0 dB r\u00e9f\u00e9rence<\/td>&#13;\n<td>+10dB<\/td>&#13;\n<td>+16db<\/td>&#13;\n<td>+12dB<\/td>&#13;\n<td>-3dB<\/td>&#13;\n<td>+8dB<\/td>&#13;\n<td>-3dB<\/td>&#13;\n<td>+6dB<\/td>&#13;\n<\/tr><tr><th>M\u00e9thodes de montage<\/th>&#13;\n<td>Jambe, Queue, Cou, Sac \u00c0 Dos<\/td>&#13;\n<td>Jambe, Queue, Cou, Sac \u00c0 Dos<\/td>&#13;\n<td>Jambe, Queue, Cou, Sac \u00c0 Dos<\/td>&#13;\n<td>Jambe, Queue, Cou, Sac \u00c0 Dos<\/td>&#13;\n<td>Jambe, Queue, Cou, Sac \u00c0 Dos<\/td>&#13;\n<td>Jambe, Queue, Cou, Sac \u00c0 Dos<\/td>&#13;\n<td>Jambe, Queue, Cou, Sac \u00c0 Dos<\/td>&#13;\n<td>Jambe, Queue, Cou, Sac \u00c0 Dos<\/td>&#13;\n<\/tr><tr><th>Longueur d&#8217;antenne<\/th>&#13;\n<td>7.88&#8243;<\/td>&#13;\n<td>13.25\u201d<\/td>&#13;\n<td>13.25<\/td>&#13;\n<td>7&#8243;<\/td>&#13;\n<td>7&#8243;<\/td>&#13;\n<td>6.5\u201d jambe 6\u201d Queue<\/td>&#13;\n<td>7.25\u201d Queue 9\u201d jambe<\/td>&#13;\n<td>8.50\u201d<\/td>&#13;\n<\/tr><tr><th>garantie<\/th>&#13;\n<td>3 Ans<\/td>&#13;\n<td>3 Ans<\/td>&#13;\n<td>5 Ans<\/td>&#13;\n<td>3 Ans<\/td>&#13;\n<td>Un ans<\/td>&#13;\n<td>Un ans<\/td>&#13;\n<td>3 Ans<\/td>&#13;\n<td>3 Ans<\/td>&#13;\n<\/tr><tr><th>Lumi\u00e8re LED<\/th>&#13;\n<td>Non<\/td>&#13;\n<td>Pleine couleur<\/td>&#13;\n<td>Pleine couleur<\/td>&#13;\n<td>Pleine couleur<\/td>&#13;\n<td>Non<\/td>&#13;\n<td>Non<\/td>&#13;\n<td>Non<\/td>&#13;\n<td>Non<\/td>&#13;\n<\/tr><tr><th>Commutateur Mag<\/th>&#13;\n<td>Oui<\/td>&#13;\n<td>Oui<\/td>&#13;\n<td>Oui<\/td>&#13;\n<td>Oui<\/td>&#13;\n<td>Optionnel<\/td>&#13;\n<td>Oui<\/td>&#13;\n<td>Oui<\/td>&#13;\n<td>Oui<\/td>&#13;\n<\/tr><tr><th>Avertissement de batterie faible<\/th>&#13;\n<td>Oui<\/td>&#13;\n<td>Oui<\/td>&#13;\n<td>Oui<\/td>&#13;\n<td>Oui<\/td>&#13;\n<td>Oui<\/td>&#13;\n<td>Oui<\/td>&#13;\n<td>Minuterie seulement<\/td>&#13;\n<td>Minuterie seulement<\/td>&#13;\n<\/tr><\/tbody><\/table><\/div>&#13;\n<style><![CDATA[<![CDATA[\r\ntr:nth-child(odd) {\r\nbackground-color: #414A76;\r\n\tcolor: #fff;\r\n}\r\n]]]]><![CDATA[>]]><\/style>","protected":false},"excerpt":{"rendered":"<p>&#13; &#13; RT Plus &#13; RT Std. &#13; RT Turbo &#13; RT UHF &#13; Scout &#13; Scout UHF &#13; Micro &#13; Micro UHF &#13; Frequency &#13; 216-219MHz &#13; 215-219MHz 233-237MHz &#13; 215-219MHz 233-237MHz &#13; 432-436MHz &#13; 216-219MHz &#13; 433-434MHz &#13;<span class=\"ellipsis\">&hellip;<\/span><\/p>\n<div class=\"read-more\"><a href=\"https:\/\/marshallradio.com\/eu\/resume-de-lemetteur\/?lang=fr\">Read more <span class=\"screen-reader-text\">R\u00e9sum\u00e9 de l&#8217;\u00e9metteur<\/span><span class=\"meta-nav\"> &#8250;<\/span><\/a><\/div>\n<p><!-- end of .read-more --><\/p>\n","protected":false},"author":1,"featured_media":38663,"parent":0,"menu_order":0,"comment_status":"closed","ping_status":"closed","template":"page-home-template.php","meta":{"_acf_changed":false,"footnotes":""},"class_list":["post-36710","page","type-page","status-publish","has-post-thumbnail","hentry"],"acf":[],"_links":{"self":[{"href":"https:\/\/marshallradio.com\/eu\/wp-json\/wp\/v2\/pages\/36710","targetHints":{"allow":["GET"]}}],"collection":[{"href":"https:\/\/marshallradio.com\/eu\/wp-json\/wp\/v2\/pages"}],"about":[{"href":"https:\/\/marshallradio.com\/eu\/wp-json\/wp\/v2\/types\/page"}],"author":[{"embeddable":true,"href":"https:\/\/marshallradio.com\/eu\/wp-json\/wp\/v2\/users\/1"}],"replies":[{"embeddable":true,"href":"https:\/\/marshallradio.com\/eu\/wp-json\/wp\/v2\/comments?post=36710"}],"version-history":[{"count":2,"href":"https:\/\/marshallradio.com\/eu\/wp-json\/wp\/v2\/pages\/36710\/revisions"}],"predecessor-version":[{"id":45457,"href":"https:\/\/marshallradio.com\/eu\/wp-json\/wp\/v2\/pages\/36710\/revisions\/45457"}],"wp:featuredmedia":[{"embeddable":true,"href":"https:\/\/marshallradio.com\/eu\/wp-json\/wp\/v2\/media\/38663"}],"wp:attachment":[{"href":"https:\/\/marshallradio.com\/eu\/wp-json\/wp\/v2\/media?parent=36710"}],"curies":[{"name":"wp","href":"https:\/\/api.w.org\/{rel}","templated":true}]}}