
{"id":36712,"date":"2019-08-21T21:19:42","date_gmt":"2019-08-21T21:19:42","guid":{"rendered":"http:\/\/marshallradio.com\/eu\/resume-de-lemetteur\/"},"modified":"2021-09-13T20:07:10","modified_gmt":"2021-09-13T20:07:10","slug":"resume-de-lemetteur","status":"publish","type":"page","link":"https:\/\/marshallradio.com\/eu\/resume-de-lemetteur\/?lang=de","title":{"rendered":"R\u00e9sum\u00e9 de l&#8217;\u00e9metteur"},"content":{"rendered":"<div style=\"overflow-x:auto;\">&#13;\n<table id=\"t01\"><tbody><tr><th\/>&#13;\n<th>RT Plus<\/th>&#13;\n<th>RT Std.<\/th>&#13;\n<th>RT Turbo<\/th>&#13;\n<th>RT UHF<\/th>&#13;\n<th>Scout<\/th>&#13;\n<th>Scout UHF<\/th>&#13;\n<th>Micro<\/th>&#13;\n<th>Micro UHF<\/th>&#13;\n<\/tr><tr><th>Frequenz<\/th>&#13;\n<td>216-219MHz<\/td>&#13;\n<td>215-219MHz 233-237MHz<\/td>&#13;\n<td>215-219MHz 233-237MHz<\/td>&#13;\n<td>432-436MHz<\/td>&#13;\n<td>216-219MHz<\/td>&#13;\n<td>433-434MHz<\/td>&#13;\n<td>216-219MHz<\/td>&#13;\n<td>432-437MHz<\/td>&#13;\n<\/tr><tr><th>K\u00f6rpergr\u00f6\u00dfe<\/th>&#13;\n<td>.540\u201d Durchmesser<\/td>&#13;\n<td>.540\u201d Durchmesser<\/td>&#13;\n<td>.540\u201d Durchmesser<\/td>&#13;\n<td>.540\u201d Durchmesser<\/td>&#13;\n<td>.880\u201d Durchmesser<\/td>&#13;\n<td>.880\u201d Durchmesser<\/td>&#13;\n<td>.565\u201d Durchmesser<\/td>&#13;\n<td>.565\u201d Durchmesser<\/td>&#13;\n<\/tr><tr><th>Gewicht mit Batterie<\/th>&#13;\n<td>8g<\/td>&#13;\n<td>9g<\/td>&#13;\n<td>9g<\/td>&#13;\n<td>9g<\/td>&#13;\n<td>9.6g<\/td>&#13;\n<td>9.6g<\/td>&#13;\n<td>3.5g<\/td>&#13;\n<td>3.5g<\/td>&#13;\n<\/tr><tr><th>Std. Auslastungsgrad<\/th>&#13;\n<td>30ms 95ppm<\/td>&#13;\n<td>50ms&#13;\n55ppm<\/td>&#13;\n<td>50ms 60ppm<\/td>&#13;\n<td>50ms 48ppm<\/td>&#13;\n<td>40ms 55ppm<\/td>&#13;\n<td>30ms 95ppm<\/td>&#13;\n<td>40ms 40ppm<\/td>&#13;\n<td>40ms 40ppm<\/td>&#13;\n<\/tr><tr><th>Apollo 13 Arbeitszyklus<\/th>&#13;\n<td>30ms 30ppm<\/td>&#13;\n<td>30ms 27ppm<\/td>&#13;\n<td>30ms 27ppm<\/td>&#13;\n<td>25ms 30ppm<\/td>&#13;\n<td>20ms 27ppm<\/td>&#13;\n<td>20ms 27ppm<\/td>&#13;\n<td>20ms 27ppm<\/td>&#13;\n<td>20ms 27ppm<\/td>&#13;\n<\/tr><tr><th>Apollo 13 Aktivierungszeit (H)<\/th>&#13;\n<td>24<\/td>&#13;\n<td>16<\/td>&#13;\n<td>16<\/td>&#13;\n<td>16<\/td>&#13;\n<td>24<\/td>&#13;\n<td>12<\/td>&#13;\n<td>10<\/td>&#13;\n<td>10<\/td>&#13;\n<\/tr><tr><th>Betriebstemperatur<\/th>&#13;\n<td>-40F to +150F (mit neuer Batterie)<\/td>&#13;\n<td>-40F to +150F (mit neuer Batterie)<\/td>&#13;\n<td>-40F to +150F (mit neuer Batterie)<\/td>&#13;\n<td>-40F to +150F (mit neuer Batterie)<\/td>&#13;\n<td>-40F to +150F (mit neuer Batterie)<\/td>&#13;\n<td>-40F to +150F (mit neuer Batterie)<\/td>&#13;\n<td>-20 F to +150F (mit neuer Batterie)<\/td>&#13;\n<td>-20 F to +150F (mit neuer Batterie)<\/td>&#13;\n<\/tr><tr><th>Batterie<\/th>&#13;\n<td>1\/3N Lithium 3V<\/td>&#13;\n<td>1\/3N Lithium 3V<\/td>&#13;\n<td>1\/3N Lithium 3V<\/td>&#13;\n<td>1\/3N Lithium 3V<\/td>&#13;\n<td>CR2032 Lithium 3V<\/td>&#13;\n<td>CR2032 Lithium 3V<\/td>&#13;\n<td>CR1225 Lithium 3V<\/td>&#13;\n<td>CR1225 Lithium 3V<\/td>&#13;\n<\/tr><tr><th>Batterielebensdauer<\/th>&#13;\n<td>CA 15 Tage durchgehend<\/td>&#13;\n<td>CA 7 Tage durchgehend<\/td>&#13;\n<td>CA 5 Tage durchgehend<\/td>&#13;\n<td>CA 5 Tage durchgehend<\/td>&#13;\n<td>CA 25 Tage durchgehend<\/td>&#13;\n<td>CA 8 Tage durchgehend<\/td>&#13;\n<td>CA 5 Tage durchgehend<\/td>&#13;\n<td>CA 5 Tage durchgehend<\/td>&#13;\n<\/tr><tr><th>Relative Leistung<\/th>&#13;\n<td>0 dB Hinweis<\/td>&#13;\n<td>+10dB<\/td>&#13;\n<td>+16db<\/td>&#13;\n<td>+12dB<\/td>&#13;\n<td>-3dB<\/td>&#13;\n<td>+8dB<\/td>&#13;\n<td>-3dB<\/td>&#13;\n<td>+6dB<\/td>&#13;\n<\/tr><tr><th>Montagemethoden<\/th>&#13;\n<td>Bein, Schwanz, Nacken, Rucksack<\/td>&#13;\n<td>Bein, Schwanz, Nacken, Rucksack<\/td>&#13;\n<td>Bein, Schwanz, Nacken, Rucksack<\/td>&#13;\n<td>Bein, Schwanz, Nacken, Rucksack<\/td>&#13;\n<td>Bein, Schwanz, Nacken, Rucksack<\/td>&#13;\n<td>Bein, Schwanz, Nacken, Rucksack<\/td>&#13;\n<td>Bein, Schwanz, Nacken, Rucksack<\/td>&#13;\n<td>Bein, Schwanz, Nacken, Rucksack<\/td>&#13;\n<\/tr><tr><th>Antennenl\u00e4nge<\/th>&#13;\n<td>7.88&#8243;<\/td>&#13;\n<td>13.25\u201d<\/td>&#13;\n<td>13.25<\/td>&#13;\n<td>7&#8243;<\/td>&#13;\n<td>7&#8243;<\/td>&#13;\n<td>6.5\u201d Bein 6\u201d Schwanz<\/td>&#13;\n<td>7.25\u201d Schwanz 9\u201d Bein<\/td>&#13;\n<td>8.50\u201d<\/td>&#13;\n<\/tr><tr><th>Garantie<\/th>&#13;\n<td>3 Jahre<\/td>&#13;\n<td>3 Jahre<\/td>&#13;\n<td>5 Jahre<\/td>&#13;\n<td>3 Jahre<\/td>&#13;\n<td>Ein Jahr<\/td>&#13;\n<td>Ein Jahr<\/td>&#13;\n<td>3 Jahre<\/td>&#13;\n<td>3 Jahre<\/td>&#13;\n<\/tr><tr><th>LED-Licht<\/th>&#13;\n<td>Nein<\/td>&#13;\n<td>Volle Farbe<\/td>&#13;\n<td>Volle Farbe<\/td>&#13;\n<td>Volle Farbe<\/td>&#13;\n<td>Nein<\/td>&#13;\n<td>Nein<\/td>&#13;\n<td>Nein<\/td>&#13;\n<td>Nein<\/td>&#13;\n<\/tr><tr><th>Magnetschalter<\/th>&#13;\n<td>Jawohl<\/td>&#13;\n<td>Jawohl<\/td>&#13;\n<td>Jawohl<\/td>&#13;\n<td>Jawohl<\/td>&#13;\n<td>Optional<\/td>&#13;\n<td>Jawohl<\/td>&#13;\n<td>Jawohl<\/td>&#13;\n<td>Jawohl<\/td>&#13;\n<\/tr><tr><th>Warnung bei schwacher Batterie<\/th>&#13;\n<td>Jawohl<\/td>&#13;\n<td>Jawohl<\/td>&#13;\n<td>Jawohl<\/td>&#13;\n<td>Jawohl<\/td>&#13;\n<td>Jawohl<\/td>&#13;\n<td>Jawohl<\/td>&#13;\n<td>Nur Timer<\/td>&#13;\n<td>Nur Timer<\/td>&#13;\n<\/tr><\/tbody><\/table><\/div>&#13;\n<style><![CDATA[<![CDATA[\r\ntr:nth-child(odd) {\r\nbackground-color: #414A76;\r\n\tcolor: #fff;\r\n}\r\n]]]]><![CDATA[>]]><\/style>","protected":false},"excerpt":{"rendered":"<p>&#13; &#13; RT Plus &#13; RT Std. &#13; RT Turbo &#13; RT UHF &#13; Scout &#13; Scout UHF &#13; Micro &#13; Micro UHF &#13; Frequenz &#13; 216-219MHz &#13; 215-219MHz 233-237MHz &#13; 215-219MHz 233-237MHz &#13; 432-436MHz &#13; 216-219MHz &#13; 433-434MHz &#13;<span class=\"ellipsis\">&hellip;<\/span><\/p>\n<div class=\"read-more\"><a href=\"https:\/\/marshallradio.com\/eu\/resume-de-lemetteur\/?lang=de\">Read more <span class=\"screen-reader-text\">R\u00e9sum\u00e9 de l&#8217;\u00e9metteur<\/span><span class=\"meta-nav\"> &#8250;<\/span><\/a><\/div>\n<p><!-- end of .read-more --><\/p>\n","protected":false},"author":1,"featured_media":38664,"parent":0,"menu_order":0,"comment_status":"closed","ping_status":"closed","template":"page-home-template.php","meta":{"_acf_changed":false,"footnotes":""},"class_list":["post-36712","page","type-page","status-publish","has-post-thumbnail","hentry"],"acf":[],"_links":{"self":[{"href":"https:\/\/marshallradio.com\/eu\/wp-json\/wp\/v2\/pages\/36712","targetHints":{"allow":["GET"]}}],"collection":[{"href":"https:\/\/marshallradio.com\/eu\/wp-json\/wp\/v2\/pages"}],"about":[{"href":"https:\/\/marshallradio.com\/eu\/wp-json\/wp\/v2\/types\/page"}],"author":[{"embeddable":true,"href":"https:\/\/marshallradio.com\/eu\/wp-json\/wp\/v2\/users\/1"}],"replies":[{"embeddable":true,"href":"https:\/\/marshallradio.com\/eu\/wp-json\/wp\/v2\/comments?post=36712"}],"version-history":[{"count":2,"href":"https:\/\/marshallradio.com\/eu\/wp-json\/wp\/v2\/pages\/36712\/revisions"}],"predecessor-version":[{"id":45458,"href":"https:\/\/marshallradio.com\/eu\/wp-json\/wp\/v2\/pages\/36712\/revisions\/45458"}],"wp:featuredmedia":[{"embeddable":true,"href":"https:\/\/marshallradio.com\/eu\/wp-json\/wp\/v2\/media\/38664"}],"wp:attachment":[{"href":"https:\/\/marshallradio.com\/eu\/wp-json\/wp\/v2\/media?parent=36712"}],"curies":[{"name":"wp","href":"https:\/\/api.w.org\/{rel}","templated":true}]}}