
{"id":37032,"date":"2019-08-22T22:22:50","date_gmt":"2019-08-22T22:22:50","guid":{"rendered":"http:\/\/marshallradio.com\/eu\/videa\/vyukova-videa-de\/"},"modified":"2020-07-28T22:48:10","modified_gmt":"2020-07-28T22:48:10","slug":"tutorial-videos-de","status":"publish","type":"page","link":"https:\/\/marshallradio.com\/eu\/videos\/tutorial-videos-de\/?lang=cs","title":{"rendered":"V\u00fdukov\u00e1 videa N\u011bmec"},"content":{"rendered":"<p><a href=\"http:\/\/marshallradio.com\/eu\/videos\/tutorial-videos-de\/gps-and-instructions\/?lang=cs\"><img loading=\"lazy\" decoding=\"async\" class=\"center-block size-full wp-image-36976\" src=\"http:\/\/marshallradio.com\/ww\/wp-content\/uploads\/sites\/2\/2019\/07\/image108-e1595974048971.jpg\" alt=\"\" width=\"562\" height=\"320\"><\/a><\/p>\n\n\n<h3 style=\"text-align: center;\">GPS a pokyny<\/h3>\n","protected":false},"excerpt":{"rendered":"<p>GPS a pokyny<\/p>\n","protected":false},"author":1,"featured_media":34469,"parent":35691,"menu_order":0,"comment_status":"closed","ping_status":"closed","template":"page-home-template.php","meta":{"_acf_changed":false,"footnotes":""},"class_list":["post-37032","page","type-page","status-publish","has-post-thumbnail","hentry"],"acf":[],"_links":{"self":[{"href":"https:\/\/marshallradio.com\/eu\/wp-json\/wp\/v2\/pages\/37032","targetHints":{"allow":["GET"]}}],"collection":[{"href":"https:\/\/marshallradio.com\/eu\/wp-json\/wp\/v2\/pages"}],"about":[{"href":"https:\/\/marshallradio.com\/eu\/wp-json\/wp\/v2\/types\/page"}],"author":[{"embeddable":true,"href":"https:\/\/marshallradio.com\/eu\/wp-json\/wp\/v2\/users\/1"}],"replies":[{"embeddable":true,"href":"https:\/\/marshallradio.com\/eu\/wp-json\/wp\/v2\/comments?post=37032"}],"version-history":[{"count":12,"href":"https:\/\/marshallradio.com\/eu\/wp-json\/wp\/v2\/pages\/37032\/revisions"}],"predecessor-version":[{"id":40995,"href":"https:\/\/marshallradio.com\/eu\/wp-json\/wp\/v2\/pages\/37032\/revisions\/40995"}],"up":[{"embeddable":true,"href":"https:\/\/marshallradio.com\/eu\/wp-json\/wp\/v2\/pages\/35691"}],"wp:featuredmedia":[{"embeddable":true,"href":"https:\/\/marshallradio.com\/eu\/wp-json\/wp\/v2\/media\/34469"}],"wp:attachment":[{"href":"https:\/\/marshallradio.com\/eu\/wp-json\/wp\/v2\/media?parent=37032"}],"curies":[{"name":"wp","href":"https:\/\/api.w.org\/{rel}","templated":true}]}}