
{"id":37038,"date":"2019-08-22T22:25:11","date_gmt":"2019-08-22T22:25:11","guid":{"rendered":"http:\/\/marshallradio.com\/eu\/videa\/vyukovy-program-es\/"},"modified":"2020-07-28T22:53:14","modified_gmt":"2020-07-28T22:53:14","slug":"tutorial-videos-es","status":"publish","type":"page","link":"https:\/\/marshallradio.com\/eu\/videos\/tutorial-videos-es\/?lang=cs","title":{"rendered":"V\u00fdukov\u00fd program \u0161pan\u011bl\u0161tina"},"content":{"rendered":"\n<div class=\"wp-block-columns has-2-columns is-layout-flex wp-container-core-columns-is-layout-9d6595d7 wp-block-columns-is-layout-flex\">\n<div class=\"wp-block-column is-layout-flow wp-block-column-is-layout-flow\">\n<div class=\"wp-block-column\"><p><a href=\"\/eu?page_id=36644&amp;lang=cs\"><img loading=\"lazy\" decoding=\"async\" class=\"alignright size-full wp-image-32058\" src=\"http:\/\/marshallradio.com\/ww\/wp-content\/uploads\/sites\/2\/2019\/07\/image108-e1595974048971.jpg\" alt=\"\" width=\"562\" height=\"320\"><\/a><\/p> <\/div>\n\n\n\n<h3 style=\"text-align: center;\">GPS a pokyny<\/h3>\n<\/div>\n\n\n\n<div class=\"wp-block-column is-layout-flow wp-block-column-is-layout-flow\">\n<div class=\"wp-block-column\"><p><a href=\"eu\/videos\/tutorial-videos-es\/other-videos\/?lang=cs\" data-wplink-edit=\"true\"><img loading=\"lazy\" decoding=\"async\" class=\"alignright size-full wp-image-32062\" src=\"http:\/\/marshallradio.com\/eu\/wp-content\/uploads\/sites\/4\/2020\/07\/TP-e1595970709807.jpg\" alt=\"\" width=\"562\" height=\"320\"><\/a><\/p><\/div>\n\n\n\n<h3 style=\"text-align: center;\">Dal\u0161\u00ed pokyny<\/h3>\n<\/div>\n<\/div>\n","protected":false},"excerpt":{"rendered":"<p>GPS a pokyny Dal\u0161\u00ed pokyny<\/p>\n","protected":false},"author":1,"featured_media":34469,"parent":35691,"menu_order":0,"comment_status":"closed","ping_status":"closed","template":"page-home-template.php","meta":{"_acf_changed":false,"footnotes":""},"class_list":["post-37038","page","type-page","status-publish","has-post-thumbnail","hentry"],"acf":[],"_links":{"self":[{"href":"https:\/\/marshallradio.com\/eu\/wp-json\/wp\/v2\/pages\/37038","targetHints":{"allow":["GET"]}}],"collection":[{"href":"https:\/\/marshallradio.com\/eu\/wp-json\/wp\/v2\/pages"}],"about":[{"href":"https:\/\/marshallradio.com\/eu\/wp-json\/wp\/v2\/types\/page"}],"author":[{"embeddable":true,"href":"https:\/\/marshallradio.com\/eu\/wp-json\/wp\/v2\/users\/1"}],"replies":[{"embeddable":true,"href":"https:\/\/marshallradio.com\/eu\/wp-json\/wp\/v2\/comments?post=37038"}],"version-history":[{"count":5,"href":"https:\/\/marshallradio.com\/eu\/wp-json\/wp\/v2\/pages\/37038\/revisions"}],"predecessor-version":[{"id":41006,"href":"https:\/\/marshallradio.com\/eu\/wp-json\/wp\/v2\/pages\/37038\/revisions\/41006"}],"up":[{"embeddable":true,"href":"https:\/\/marshallradio.com\/eu\/wp-json\/wp\/v2\/pages\/35691"}],"wp:featuredmedia":[{"embeddable":true,"href":"https:\/\/marshallradio.com\/eu\/wp-json\/wp\/v2\/media\/34469"}],"wp:attachment":[{"href":"https:\/\/marshallradio.com\/eu\/wp-json\/wp\/v2\/media?parent=37038"}],"curies":[{"name":"wp","href":"https:\/\/api.w.org\/{rel}","templated":true}]}}