
{"id":43081,"date":"2021-01-26T17:15:33","date_gmt":"2021-01-26T17:15:33","guid":{"rendered":"http:\/\/marshallradio.com\/eu\/sokolnicke-vyrobky\/"},"modified":"2025-04-22T16:13:28","modified_gmt":"2025-04-22T16:13:28","slug":"sokolnicke-vyrobky","status":"publish","type":"page","link":"https:\/\/marshallradio.com\/eu\/sokolnicke-vyrobky\/?lang=cs","title":{"rendered":"Sokolnick\u00e9 v\u00fdrobky"},"content":{"rendered":"\n<div style=\"height:20px\" aria-hidden=\"true\" class=\"wp-block-spacer\"><\/div>\n\n<h2 class=\"has-text-align-center wp-block-heading\">\u0160pi\u010dkov\u00e9 za\u0159\u00edzen\u00ed GPS pro sledov\u00e1n\u00ed a obnovu na velk\u00e9 vzd\u00e1lenosti.<\/h2>\n\n<p class=\"has-text-align-center\">Budete m\u00edt k dispozici pe\u010dliv\u011b navr\u017een\u00fd a spolehliv\u00fd sledovac\u00ed syst\u00e9m.<\/p>\n\n<div class=\"wp-block-columns is-layout-flex wp-container-core-columns-is-layout-9d6595d7 wp-block-columns-is-layout-flex\">\n<div class=\"wp-block-column is-layout-flow wp-block-column-is-layout-flow\">\n<div class=\"wp-block-columns is-layout-flex wp-container-core-columns-is-layout-9d6595d7 wp-block-columns-is-layout-flex\">\n<div class=\"wp-block-column is-layout-flow wp-block-column-is-layout-flow\">\n<figure class=\"wp-block-image size-large\"><a href=\"https:\/\/marshallradio.com\/eu\/product-category\/system-gps\/?lang=cs&amp;orderby=price-desc\"><img loading=\"lazy\" decoding=\"async\" width=\"600\" height=\"600\" src=\"https:\/\/marshallradio.com\/uk\/wp-content\/uploads\/sites\/4\/2019\/06\/52422534_390758981656631_7592490136355028911_n-1-600x600-1.jpg\" alt=\"\" class=\"wp-image-32499\" srcset=\"https:\/\/marshallradio.com\/eu\/wp-content\/uploads\/sites\/4\/2019\/06\/52422534_390758981656631_7592490136355028911_n-1-600x600-1.jpg 600w, https:\/\/marshallradio.com\/eu\/wp-content\/uploads\/sites\/4\/2019\/06\/52422534_390758981656631_7592490136355028911_n-1-600x600-1-150x150.jpg 150w, https:\/\/marshallradio.com\/eu\/wp-content\/uploads\/sites\/4\/2019\/06\/52422534_390758981656631_7592490136355028911_n-1-600x600-1-300x300.jpg 300w, https:\/\/marshallradio.com\/eu\/wp-content\/uploads\/sites\/4\/2019\/06\/52422534_390758981656631_7592490136355028911_n-1-600x600-1-100x100.jpg 100w, https:\/\/marshallradio.com\/eu\/wp-content\/uploads\/sites\/4\/2019\/06\/52422534_390758981656631_7592490136355028911_n-1-600x600-1-200x200.jpg 200w, https:\/\/marshallradio.com\/eu\/wp-content\/uploads\/sites\/4\/2019\/06\/52422534_390758981656631_7592490136355028911_n-1-600x600-1-450x450.jpg 450w\" sizes=\"auto, (max-width: 600px) 100vw, 600px\" \/><\/a><\/figure>\n\n\n\n<h3 style=\"text-align: center\">GPS syst\u00e9my<\/h3>\n<\/div>\n\n\n\n<div class=\"wp-block-column is-layout-flow wp-block-column-is-layout-flow\">\n<figure class=\"wp-block-image size-large\"><a href=\"https:\/\/marshallradio.com\/eu\/product-category\/vysilace\/?lang=cs&amp;orderby=price-desc\"><img loading=\"lazy\" decoding=\"async\" width=\"600\" height=\"600\" src=\"https:\/\/marshallradio.com\/uk\/wp-content\/uploads\/sites\/4\/2019\/07\/phoca_thumb_l_IMG_0018_2.jpg\" alt=\"\" class=\"wp-image-34084\" srcset=\"https:\/\/marshallradio.com\/eu\/wp-content\/uploads\/sites\/4\/2019\/07\/phoca_thumb_l_IMG_0018_2.jpg 600w, https:\/\/marshallradio.com\/eu\/wp-content\/uploads\/sites\/4\/2019\/07\/phoca_thumb_l_IMG_0018_2-150x150.jpg 150w, https:\/\/marshallradio.com\/eu\/wp-content\/uploads\/sites\/4\/2019\/07\/phoca_thumb_l_IMG_0018_2-300x300.jpg 300w, https:\/\/marshallradio.com\/eu\/wp-content\/uploads\/sites\/4\/2019\/07\/phoca_thumb_l_IMG_0018_2-100x100.jpg 100w, https:\/\/marshallradio.com\/eu\/wp-content\/uploads\/sites\/4\/2019\/07\/phoca_thumb_l_IMG_0018_2-200x200.jpg 200w, https:\/\/marshallradio.com\/eu\/wp-content\/uploads\/sites\/4\/2019\/07\/phoca_thumb_l_IMG_0018_2-450x450.jpg 450w\" sizes=\"auto, (max-width: 600px) 100vw, 600px\" \/><\/a><\/figure>\n\n\n\n<h3 style=\"text-align: center\">Vys\u00edla\u010de<\/h3>\n<\/div>\n<\/div>\n<\/div>\n\n\n\n<div class=\"wp-block-column is-layout-flow wp-block-column-is-layout-flow\">\n<div class=\"wp-block-columns is-layout-flex wp-container-core-columns-is-layout-9d6595d7 wp-block-columns-is-layout-flex\">\n<div class=\"wp-block-column is-layout-flow wp-block-column-is-layout-flow\">\n<figure class=\"wp-block-image size-large\"><a href=\"https:\/\/marshallradio.com\/eu\/product-category\/prijimace\/?lang=cs&amp;orderby=price-desc\"><img loading=\"lazy\" decoding=\"async\" width=\"450\" height=\"450\" src=\"https:\/\/marshallradio.com\/uk\/wp-content\/uploads\/sites\/4\/2019\/10\/ReceiversProductImage.jpg\" alt=\"\" class=\"wp-image-37774\" srcset=\"https:\/\/marshallradio.com\/eu\/wp-content\/uploads\/sites\/4\/2019\/10\/ReceiversProductImage.jpg 450w, https:\/\/marshallradio.com\/eu\/wp-content\/uploads\/sites\/4\/2019\/10\/ReceiversProductImage-150x150.jpg 150w, https:\/\/marshallradio.com\/eu\/wp-content\/uploads\/sites\/4\/2019\/10\/ReceiversProductImage-300x300.jpg 300w, https:\/\/marshallradio.com\/eu\/wp-content\/uploads\/sites\/4\/2019\/10\/ReceiversProductImage-100x100.jpg 100w, https:\/\/marshallradio.com\/eu\/wp-content\/uploads\/sites\/4\/2019\/10\/ReceiversProductImage-200x200.jpg 200w\" sizes=\"auto, (max-width: 450px) 100vw, 450px\" \/><\/a><\/figure>\n\n\n\n<h3 style=\"text-align: center\">P\u0159ij\u00edma\u010de<\/h3>\n<\/div>\n\n\n\n<div class=\"wp-block-column is-layout-flow wp-block-column-is-layout-flow\">\n<figure class=\"wp-block-image size-large\"><a href=\"https:\/\/marshallradio.com\/eu\/product-category\/worldwide-accessories-excluding-gulf\/?lang=cs&amp;orderby=popularity\"><img loading=\"lazy\" decoding=\"async\" width=\"960\" height=\"960\" src=\"https:\/\/marshallradio.com\/uk\/wp-content\/uploads\/sites\/4\/2021\/01\/3097.jpeg\" alt=\"\" class=\"wp-image-43065\" srcset=\"https:\/\/marshallradio.com\/eu\/wp-content\/uploads\/sites\/4\/2021\/01\/3097.jpeg 960w, https:\/\/marshallradio.com\/eu\/wp-content\/uploads\/sites\/4\/2021\/01\/3097-300x300.jpeg 300w, https:\/\/marshallradio.com\/eu\/wp-content\/uploads\/sites\/4\/2021\/01\/3097-150x150.jpeg 150w, https:\/\/marshallradio.com\/eu\/wp-content\/uploads\/sites\/4\/2021\/01\/3097-768x768.jpeg 768w, https:\/\/marshallradio.com\/eu\/wp-content\/uploads\/sites\/4\/2021\/01\/3097-100x100.jpeg 100w, https:\/\/marshallradio.com\/eu\/wp-content\/uploads\/sites\/4\/2021\/01\/3097-200x200.jpeg 200w, https:\/\/marshallradio.com\/eu\/wp-content\/uploads\/sites\/4\/2021\/01\/3097-450x450.jpeg 450w, https:\/\/marshallradio.com\/eu\/wp-content\/uploads\/sites\/4\/2021\/01\/3097-600x600.jpeg 600w, https:\/\/marshallradio.com\/eu\/wp-content\/uploads\/sites\/4\/2021\/01\/3097-900x900.jpeg 900w\" sizes=\"auto, (max-width: 960px) 100vw, 960px\" \/><\/a><\/figure>\n\n\n\n<h3 style=\"text-align: center\">P\u0159\u00edslu\u0161enstv\u00ed<\/h3>\n<\/div>\n<\/div>\n<\/div>\n<\/div>\n","protected":false},"excerpt":{"rendered":"<p>\u0160pi\u010dkov\u00e9 za\u0159\u00edzen\u00ed GPS pro sledov\u00e1n\u00ed a obnovu na velk\u00e9 vzd\u00e1lenosti. Budete m\u00edt k dispozici pe\u010dliv\u011b navr\u017een\u00fd a spolehliv\u00fd sledovac\u00ed syst\u00e9m. GPS syst\u00e9my Vys\u00edla\u010de P\u0159ij\u00edma\u010de P\u0159\u00edslu\u0161enstv\u00ed<\/p>\n","protected":false},"author":2,"featured_media":43073,"parent":0,"menu_order":0,"comment_status":"closed","ping_status":"closed","template":"page-home-template.php","meta":{"_acf_changed":false,"footnotes":""},"class_list":["post-43081","page","type-page","status-publish","has-post-thumbnail","hentry"],"acf":[],"_links":{"self":[{"href":"https:\/\/marshallradio.com\/eu\/wp-json\/wp\/v2\/pages\/43081","targetHints":{"allow":["GET"]}}],"collection":[{"href":"https:\/\/marshallradio.com\/eu\/wp-json\/wp\/v2\/pages"}],"about":[{"href":"https:\/\/marshallradio.com\/eu\/wp-json\/wp\/v2\/types\/page"}],"author":[{"embeddable":true,"href":"https:\/\/marshallradio.com\/eu\/wp-json\/wp\/v2\/users\/2"}],"replies":[{"embeddable":true,"href":"https:\/\/marshallradio.com\/eu\/wp-json\/wp\/v2\/comments?post=43081"}],"version-history":[{"count":5,"href":"https:\/\/marshallradio.com\/eu\/wp-json\/wp\/v2\/pages\/43081\/revisions"}],"predecessor-version":[{"id":54832,"href":"https:\/\/marshallradio.com\/eu\/wp-json\/wp\/v2\/pages\/43081\/revisions\/54832"}],"wp:featuredmedia":[{"embeddable":true,"href":"https:\/\/marshallradio.com\/eu\/wp-json\/wp\/v2\/media\/43073"}],"wp:attachment":[{"href":"https:\/\/marshallradio.com\/eu\/wp-json\/wp\/v2\/media?parent=43081"}],"curies":[{"name":"wp","href":"https:\/\/api.w.org\/{rel}","templated":true}]}}