
{"id":43087,"date":"2021-01-26T17:44:57","date_gmt":"2021-01-26T17:44:57","guid":{"rendered":"http:\/\/marshallradio.com\/eu\/falknerei-produkte\/"},"modified":"2025-04-22T16:08:32","modified_gmt":"2025-04-22T16:08:32","slug":"falknerei-produkte","status":"publish","type":"page","link":"https:\/\/marshallradio.com\/eu\/falknerei-produkte\/?lang=de","title":{"rendered":"Falknerei Produkte"},"content":{"rendered":"\n<div style=\"height:20px\" aria-hidden=\"true\" class=\"wp-block-spacer\"><\/div>\n\n<h2 class=\"has-text-align-center wp-block-heading\">Premium-GPS-Fernverfolgungs- und Wiederherstellungsger\u00e4te.<\/h2>\n\n<p class=\"has-text-align-center\">Sie verf\u00fcgen \u00fcber das sorgf\u00e4ltigste und zuverl\u00e4ssigste verf\u00fcgbare Tracking-System.<\/p>\n\n<div class=\"wp-block-columns is-layout-flex wp-container-core-columns-is-layout-9d6595d7 wp-block-columns-is-layout-flex\">\n<div class=\"wp-block-column is-layout-flow wp-block-column-is-layout-flow\">\n<div class=\"wp-block-columns is-layout-flex wp-container-core-columns-is-layout-9d6595d7 wp-block-columns-is-layout-flex\">\n<div class=\"wp-block-column is-layout-flow wp-block-column-is-layout-flow\">\n<figure class=\"wp-block-image size-large\"><a href=\"https:\/\/marshallradio.com\/eu\/product-category\/gps-system\/?lang=de&amp;orderby=price-desc\"><img loading=\"lazy\" decoding=\"async\" width=\"600\" height=\"600\" src=\"https:\/\/marshallradio.com\/uk\/wp-content\/uploads\/sites\/4\/2019\/06\/52422534_390758981656631_7592490136355028911_n-1-600x600-1.jpg\" alt=\"\" class=\"wp-image-32499\" srcset=\"https:\/\/marshallradio.com\/eu\/wp-content\/uploads\/sites\/4\/2019\/06\/52422534_390758981656631_7592490136355028911_n-1-600x600-1.jpg 600w, https:\/\/marshallradio.com\/eu\/wp-content\/uploads\/sites\/4\/2019\/06\/52422534_390758981656631_7592490136355028911_n-1-600x600-1-150x150.jpg 150w, https:\/\/marshallradio.com\/eu\/wp-content\/uploads\/sites\/4\/2019\/06\/52422534_390758981656631_7592490136355028911_n-1-600x600-1-300x300.jpg 300w, https:\/\/marshallradio.com\/eu\/wp-content\/uploads\/sites\/4\/2019\/06\/52422534_390758981656631_7592490136355028911_n-1-600x600-1-100x100.jpg 100w, https:\/\/marshallradio.com\/eu\/wp-content\/uploads\/sites\/4\/2019\/06\/52422534_390758981656631_7592490136355028911_n-1-600x600-1-200x200.jpg 200w, https:\/\/marshallradio.com\/eu\/wp-content\/uploads\/sites\/4\/2019\/06\/52422534_390758981656631_7592490136355028911_n-1-600x600-1-450x450.jpg 450w\" sizes=\"auto, (max-width: 600px) 100vw, 600px\" \/><\/a><\/figure>\n\n\n\n<h3 style=\"text-align: center\">GPS-Systeme<\/h3>\n<\/div>\n\n\n\n<div class=\"wp-block-column is-layout-flow wp-block-column-is-layout-flow\">\n<figure class=\"wp-block-image size-large\"><a href=\"https:\/\/marshallradio.com\/eu\/product-category\/sender\/?lang=de&amp;orderby=price-desc\"><img loading=\"lazy\" decoding=\"async\" width=\"600\" height=\"600\" src=\"https:\/\/marshallradio.com\/uk\/wp-content\/uploads\/sites\/4\/2019\/07\/phoca_thumb_l_IMG_0018_2.jpg\" alt=\"\" class=\"wp-image-34084\" srcset=\"https:\/\/marshallradio.com\/eu\/wp-content\/uploads\/sites\/4\/2019\/07\/phoca_thumb_l_IMG_0018_2.jpg 600w, https:\/\/marshallradio.com\/eu\/wp-content\/uploads\/sites\/4\/2019\/07\/phoca_thumb_l_IMG_0018_2-150x150.jpg 150w, https:\/\/marshallradio.com\/eu\/wp-content\/uploads\/sites\/4\/2019\/07\/phoca_thumb_l_IMG_0018_2-300x300.jpg 300w, https:\/\/marshallradio.com\/eu\/wp-content\/uploads\/sites\/4\/2019\/07\/phoca_thumb_l_IMG_0018_2-100x100.jpg 100w, https:\/\/marshallradio.com\/eu\/wp-content\/uploads\/sites\/4\/2019\/07\/phoca_thumb_l_IMG_0018_2-200x200.jpg 200w, https:\/\/marshallradio.com\/eu\/wp-content\/uploads\/sites\/4\/2019\/07\/phoca_thumb_l_IMG_0018_2-450x450.jpg 450w\" sizes=\"auto, (max-width: 600px) 100vw, 600px\" \/><\/a><\/figure>\n\n\n\n<h3 style=\"text-align: center\">Sender<\/h3>\n<\/div>\n<\/div>\n<\/div>\n\n\n\n<div class=\"wp-block-column is-layout-flow wp-block-column-is-layout-flow\">\n<div class=\"wp-block-columns is-layout-flex wp-container-core-columns-is-layout-9d6595d7 wp-block-columns-is-layout-flex\">\n<div class=\"wp-block-column is-layout-flow wp-block-column-is-layout-flow\">\n<figure class=\"wp-block-image size-large\"><a href=\"https:\/\/marshallradio.com\/eu\/product-category\/empfanger\/?lang=de&amp;orderby=price-desc\"><img loading=\"lazy\" decoding=\"async\" width=\"450\" height=\"450\" src=\"https:\/\/marshallradio.com\/uk\/wp-content\/uploads\/sites\/4\/2019\/10\/ReceiversProductImage.jpg\" alt=\"\" class=\"wp-image-37774\" srcset=\"https:\/\/marshallradio.com\/eu\/wp-content\/uploads\/sites\/4\/2019\/10\/ReceiversProductImage.jpg 450w, https:\/\/marshallradio.com\/eu\/wp-content\/uploads\/sites\/4\/2019\/10\/ReceiversProductImage-150x150.jpg 150w, https:\/\/marshallradio.com\/eu\/wp-content\/uploads\/sites\/4\/2019\/10\/ReceiversProductImage-300x300.jpg 300w, https:\/\/marshallradio.com\/eu\/wp-content\/uploads\/sites\/4\/2019\/10\/ReceiversProductImage-100x100.jpg 100w, https:\/\/marshallradio.com\/eu\/wp-content\/uploads\/sites\/4\/2019\/10\/ReceiversProductImage-200x200.jpg 200w\" sizes=\"auto, (max-width: 450px) 100vw, 450px\" \/><\/a><\/figure>\n\n\n\n<h3 style=\"text-align: center\">Empf\u00e4nger<\/h3>\n<\/div>\n\n\n\n<div class=\"wp-block-column is-layout-flow wp-block-column-is-layout-flow\">\n<figure class=\"wp-block-image size-large\"><a href=\"https:\/\/marshallradio.com\/eu\/product-category\/worldwide-accessories-excluding-gulf-de\/?lang=de&amp;orderby=popularity\"><img loading=\"lazy\" decoding=\"async\" width=\"960\" height=\"960\" src=\"https:\/\/marshallradio.com\/uk\/wp-content\/uploads\/sites\/4\/2021\/01\/3097.jpeg\" alt=\"\" class=\"wp-image-43065\" srcset=\"https:\/\/marshallradio.com\/eu\/wp-content\/uploads\/sites\/4\/2021\/01\/3097.jpeg 960w, https:\/\/marshallradio.com\/eu\/wp-content\/uploads\/sites\/4\/2021\/01\/3097-300x300.jpeg 300w, https:\/\/marshallradio.com\/eu\/wp-content\/uploads\/sites\/4\/2021\/01\/3097-150x150.jpeg 150w, https:\/\/marshallradio.com\/eu\/wp-content\/uploads\/sites\/4\/2021\/01\/3097-768x768.jpeg 768w, https:\/\/marshallradio.com\/eu\/wp-content\/uploads\/sites\/4\/2021\/01\/3097-100x100.jpeg 100w, https:\/\/marshallradio.com\/eu\/wp-content\/uploads\/sites\/4\/2021\/01\/3097-200x200.jpeg 200w, https:\/\/marshallradio.com\/eu\/wp-content\/uploads\/sites\/4\/2021\/01\/3097-450x450.jpeg 450w, https:\/\/marshallradio.com\/eu\/wp-content\/uploads\/sites\/4\/2021\/01\/3097-600x600.jpeg 600w, https:\/\/marshallradio.com\/eu\/wp-content\/uploads\/sites\/4\/2021\/01\/3097-900x900.jpeg 900w\" sizes=\"auto, (max-width: 960px) 100vw, 960px\" \/><\/a><\/figure>\n\n\n\n<h3 style=\"text-align: center\">Zubeh\u00f6r<\/h3>\n<\/div>\n<\/div>\n<\/div>\n<\/div>\n","protected":false},"excerpt":{"rendered":"<p>Premium-GPS-Fernverfolgungs- und Wiederherstellungsger\u00e4te. Sie verf\u00fcgen \u00fcber das sorgf\u00e4ltigste und zuverl\u00e4ssigste verf\u00fcgbare Tracking-System. GPS-Systeme Sender Empf\u00e4nger Zubeh\u00f6r<\/p>\n","protected":false},"author":2,"featured_media":43076,"parent":0,"menu_order":0,"comment_status":"closed","ping_status":"closed","template":"page-home-template.php","meta":{"_acf_changed":false,"footnotes":""},"class_list":["post-43087","page","type-page","status-publish","has-post-thumbnail","hentry"],"acf":[],"_links":{"self":[{"href":"https:\/\/marshallradio.com\/eu\/wp-json\/wp\/v2\/pages\/43087","targetHints":{"allow":["GET"]}}],"collection":[{"href":"https:\/\/marshallradio.com\/eu\/wp-json\/wp\/v2\/pages"}],"about":[{"href":"https:\/\/marshallradio.com\/eu\/wp-json\/wp\/v2\/types\/page"}],"author":[{"embeddable":true,"href":"https:\/\/marshallradio.com\/eu\/wp-json\/wp\/v2\/users\/2"}],"replies":[{"embeddable":true,"href":"https:\/\/marshallradio.com\/eu\/wp-json\/wp\/v2\/comments?post=43087"}],"version-history":[{"count":3,"href":"https:\/\/marshallradio.com\/eu\/wp-json\/wp\/v2\/pages\/43087\/revisions"}],"predecessor-version":[{"id":54828,"href":"https:\/\/marshallradio.com\/eu\/wp-json\/wp\/v2\/pages\/43087\/revisions\/54828"}],"wp:featuredmedia":[{"embeddable":true,"href":"https:\/\/marshallradio.com\/eu\/wp-json\/wp\/v2\/media\/43076"}],"wp:attachment":[{"href":"https:\/\/marshallradio.com\/eu\/wp-json\/wp\/v2\/media?parent=43087"}],"curies":[{"name":"wp","href":"https:\/\/api.w.org\/{rel}","templated":true}]}}