
{"id":51523,"date":"2023-10-26T22:13:11","date_gmt":"2023-10-26T22:13:11","guid":{"rendered":"https:\/\/marshallradio.com\/eu\/systemova-frekvence\/"},"modified":"2023-10-26T22:13:11","modified_gmt":"2023-10-26T22:13:11","slug":"systemova-frekvence","status":"publish","type":"page","link":"https:\/\/marshallradio.com\/eu\/systemova-frekvence\/?lang=cs","title":{"rendered":"Syst\u00e9mov\u00e1 frekvence"},"content":{"rendered":"\n<p>Syst\u00e9mov\u00e1 frekvence je komunikace mezi va\u0161\u00edm GPS vys\u00edla\u010dem (vys\u00edla\u010di) a va\u0161\u00edm Pocketlinkem. Syst\u00e9mov\u00e1 frekvence nen\u00ed stejn\u00e1 jako frekvence pou\u017e\u00edvan\u00e1 ke sledov\u00e1n\u00ed pomoc\u00ed va\u0161eho \u201ep\u00edpaj\u00edc\u00edho\u201c UHF Field Marshall p\u0159ij\u00edma\u010de. Pokyny k nalezen\u00ed frekvence \u201ep\u00edp\u00e1n\u00ed\u201c naleznete zde.<\/p>\n\n<p>Chcete-li naj\u00edt svou syst\u00e9movou frekvenci, p\u0159ejd\u011bte do nastaven\u00ed v Aerovision a p\u0159ejd\u011bte dol\u016f na \u201eNastaven\u00ed p\u00e1rov\u00e1n\u00ed\u201c. Viz obr\u00e1zek n\u00ed\u017ee. Pot\u0159ebn\u00e9 \u010d\u00edslo je vedle &#8220;Syst\u00e9mov\u00e1 frekvence&#8221;.<\/p>\n<div class=\"wp-block-image\">\n<figure class=\"aligncenter size-large\"><img loading=\"lazy\" decoding=\"async\" width=\"473\" height=\"1024\" src=\"https:\/\/marshallradio.com\/uk\/wp-content\/uploads\/sites\/4\/2023\/10\/Pairing-Settings-Android-473x1024.jpg\" alt=\"\" class=\"wp-image-51515\" srcset=\"https:\/\/marshallradio.com\/eu\/wp-content\/uploads\/sites\/4\/2023\/10\/Pairing-Settings-Android-473x1024.jpg 473w, https:\/\/marshallradio.com\/eu\/wp-content\/uploads\/sites\/4\/2023\/10\/Pairing-Settings-Android-138x300.jpg 138w, https:\/\/marshallradio.com\/eu\/wp-content\/uploads\/sites\/4\/2023\/10\/Pairing-Settings-Android-768x1664.jpg 768w, https:\/\/marshallradio.com\/eu\/wp-content\/uploads\/sites\/4\/2023\/10\/Pairing-Settings-Android-709x1536.jpg 709w, https:\/\/marshallradio.com\/eu\/wp-content\/uploads\/sites\/4\/2023\/10\/Pairing-Settings-Android-945x2048.jpg 945w, https:\/\/marshallradio.com\/eu\/wp-content\/uploads\/sites\/4\/2023\/10\/Pairing-Settings-Android-100x217.jpg 100w, https:\/\/marshallradio.com\/eu\/wp-content\/uploads\/sites\/4\/2023\/10\/Pairing-Settings-Android-150x325.jpg 150w, https:\/\/marshallradio.com\/eu\/wp-content\/uploads\/sites\/4\/2023\/10\/Pairing-Settings-Android-200x433.jpg 200w, https:\/\/marshallradio.com\/eu\/wp-content\/uploads\/sites\/4\/2023\/10\/Pairing-Settings-Android-300x650.jpg 300w, https:\/\/marshallradio.com\/eu\/wp-content\/uploads\/sites\/4\/2023\/10\/Pairing-Settings-Android-450x975.jpg 450w, https:\/\/marshallradio.com\/eu\/wp-content\/uploads\/sites\/4\/2023\/10\/Pairing-Settings-Android-600x1300.jpg 600w, https:\/\/marshallradio.com\/eu\/wp-content\/uploads\/sites\/4\/2023\/10\/Pairing-Settings-Android-900x1950.jpg 900w, https:\/\/marshallradio.com\/eu\/wp-content\/uploads\/sites\/4\/2023\/10\/Pairing-Settings-Android.jpg 1080w\" sizes=\"auto, (max-width: 473px) 100vw, 473px\" \/><\/figure><\/div>\n<p>Pro\u010d na tomto \u010d\u00edsle z\u00e1le\u017e\u00ed? Syst\u00e9mov\u00e1 frekvence v\u00e1m umo\u017e\u0148uje sp\u00e1rovat va\u0161e za\u0159\u00edzen\u00ed, jak je uvedeno v\u00fd\u0161e. Zvolen\u00e9 \u010d\u00edslo je d\u016fle\u017eit\u00e9, pokud let\u00edte v oblasti, kter\u00e1 je nav\u0161t\u011bvov\u00e1na jin\u00fdmi u\u017eivateli Marshall GPS. Pokud l\u00e9t\u00e1te v poli s jin\u00fdm u\u017eivatelem Marshall GPS a ten pou\u017e\u00edv\u00e1 stejnou syst\u00e9movou frekvenci, jeho poloha vys\u00edla\u010de GPS m\u016f\u017ee p\u0159epsat polohu va\u0161eho vys\u00edla\u010de GPS (a naopak). Na\u0161e kancel\u00e1\u0159 randomizuje syst\u00e9movou frekvenci ka\u017ed\u00e9ho syst\u00e9mu GPS p\u0159ed jeho odesl\u00e1n\u00edm, abychom se tomuto probl\u00e9mu vyhnuli, ale nen\u00ed vylou\u010deno, \u017ee k tomu m\u016f\u017ee doj\u00edt. Pokud pot\u0159ebujete zm\u011bnit syst\u00e9movou frekvenci, p\u0159ejd\u011bte do nastaven\u00ed, jak je uvedeno v\u00fd\u0161e, zm\u011b\u0148te \u010d\u00edslo syst\u00e9mov\u00e9 frekvence a klikn\u011bte na Upravit a pot\u00e9 pe\u010dliv\u011b prove\u010fte kroky pro sp\u00e1rov\u00e1n\u00ed za\u0159\u00edzen\u00ed.<\/p>\n\n<p><strong>U\u017eivatel\u00e9 syst\u00e9mu Android:<\/strong> Aplikace Aerovision Beta na za\u0159\u00edzen\u00edch Android nem\u00e1 funkci zm\u011bny syst\u00e9mov\u00e9 frekvence. P\u0159i n\u00e1kupu nov\u00e9ho GPS vys\u00edla\u010de bude d\u016fle\u017eit\u00e9 uv\u00e9st frekvenci va\u0161eho syst\u00e9mu a tak\u00e9 \u010d\u00edseln\u00fd vys\u00edla\u010d (1 a\u017e 5), aby mohl b\u00fdt vys\u00edla\u010d naprogramov\u00e1n a ji\u017e sp\u00e1rov\u00e1n p\u0159i p\u0159\u00edchodu k va\u0161emu st\u00e1vaj\u00edc\u00edmu Pocketlink.<\/p>\n","protected":false},"excerpt":{"rendered":"<p>Syst\u00e9mov\u00e1 frekvence je komunikace mezi va\u0161\u00edm GPS vys\u00edla\u010dem (vys\u00edla\u010di) a va\u0161\u00edm Pocketlinkem. Syst\u00e9mov\u00e1 frekvence nen\u00ed stejn\u00e1 jako frekvence pou\u017e\u00edvan\u00e1 ke sledov\u00e1n\u00ed pomoc\u00ed va\u0161eho \u201ep\u00edpaj\u00edc\u00edho\u201c UHF Field Marshall p\u0159ij\u00edma\u010de. Pokyny k nalezen\u00ed frekvence \u201ep\u00edp\u00e1n\u00ed\u201c naleznete zde. Chcete-li naj\u00edt svou syst\u00e9movou frekvenci,<span class=\"ellipsis\">&hellip;<\/span><\/p>\n<div class=\"read-more\"><a href=\"https:\/\/marshallradio.com\/eu\/systemova-frekvence\/?lang=cs\">Read more <span class=\"screen-reader-text\">Syst\u00e9mov\u00e1 frekvence<\/span><span class=\"meta-nav\"> &#8250;<\/span><\/a><\/div>\n<p><!-- end of .read-more --><\/p>\n","protected":false},"author":2,"featured_media":43362,"parent":0,"menu_order":0,"comment_status":"closed","ping_status":"closed","template":"page-home-template.php","meta":{"_acf_changed":false,"footnotes":""},"class_list":["post-51523","page","type-page","status-publish","has-post-thumbnail","hentry"],"acf":[],"_links":{"self":[{"href":"https:\/\/marshallradio.com\/eu\/wp-json\/wp\/v2\/pages\/51523","targetHints":{"allow":["GET"]}}],"collection":[{"href":"https:\/\/marshallradio.com\/eu\/wp-json\/wp\/v2\/pages"}],"about":[{"href":"https:\/\/marshallradio.com\/eu\/wp-json\/wp\/v2\/types\/page"}],"author":[{"embeddable":true,"href":"https:\/\/marshallradio.com\/eu\/wp-json\/wp\/v2\/users\/2"}],"replies":[{"embeddable":true,"href":"https:\/\/marshallradio.com\/eu\/wp-json\/wp\/v2\/comments?post=51523"}],"version-history":[{"count":1,"href":"https:\/\/marshallradio.com\/eu\/wp-json\/wp\/v2\/pages\/51523\/revisions"}],"predecessor-version":[{"id":51524,"href":"https:\/\/marshallradio.com\/eu\/wp-json\/wp\/v2\/pages\/51523\/revisions\/51524"}],"wp:featuredmedia":[{"embeddable":true,"href":"https:\/\/marshallradio.com\/eu\/wp-json\/wp\/v2\/media\/43362"}],"wp:attachment":[{"href":"https:\/\/marshallradio.com\/eu\/wp-json\/wp\/v2\/media?parent=51523"}],"curies":[{"name":"wp","href":"https:\/\/api.w.org\/{rel}","templated":true}]}}