
{"id":51529,"date":"2023-10-26T22:16:49","date_gmt":"2023-10-26T22:16:49","guid":{"rendered":"https:\/\/marshallradio.com\/eu\/systemfrequenz\/"},"modified":"2023-10-26T22:16:49","modified_gmt":"2023-10-26T22:16:49","slug":"systemfrequenz","status":"publish","type":"page","link":"https:\/\/marshallradio.com\/eu\/systemfrequenz\/?lang=de","title":{"rendered":"Systemfrequenz"},"content":{"rendered":"\n<p>Die Systemfrequenz ist die Kommunikation zwischen Ihren GPS-Sendern und Ihrem Pocketlink. Die Systemfrequenz ist nicht dieselbe wie die Frequenz, die zum Tracking mit Ihrem \u201epiependen\u201c UHF-Feldmarschallempf\u00e4nger verwendet wird. F\u00fcr Anweisungen zum Ermitteln Ihrer \u201ePiepton\u201c-Frequenz klicken Sie hier.<\/p>\n\n<p>Um Ihre Systemfrequenz zu finden, gehen Sie zu Ihren Einstellungen in Aerovision und scrollen Sie nach unten zu \u201ePairing-Einstellungen\u201c. Bitte sehen Sie sich das Bild unten an. Die ben\u00f6tigte Zahl steht neben \u201eSystemfrequenz\u201c.<\/p>\n<div class=\"wp-block-image\">\n<figure class=\"aligncenter size-large\"><img loading=\"lazy\" decoding=\"async\" width=\"473\" height=\"1024\" src=\"https:\/\/marshallradio.com\/uk\/wp-content\/uploads\/sites\/4\/2023\/10\/Pairing-Settings-Android-473x1024.jpg\" alt=\"\" class=\"wp-image-51515\" srcset=\"https:\/\/marshallradio.com\/eu\/wp-content\/uploads\/sites\/4\/2023\/10\/Pairing-Settings-Android-473x1024.jpg 473w, https:\/\/marshallradio.com\/eu\/wp-content\/uploads\/sites\/4\/2023\/10\/Pairing-Settings-Android-138x300.jpg 138w, https:\/\/marshallradio.com\/eu\/wp-content\/uploads\/sites\/4\/2023\/10\/Pairing-Settings-Android-768x1664.jpg 768w, https:\/\/marshallradio.com\/eu\/wp-content\/uploads\/sites\/4\/2023\/10\/Pairing-Settings-Android-709x1536.jpg 709w, https:\/\/marshallradio.com\/eu\/wp-content\/uploads\/sites\/4\/2023\/10\/Pairing-Settings-Android-945x2048.jpg 945w, https:\/\/marshallradio.com\/eu\/wp-content\/uploads\/sites\/4\/2023\/10\/Pairing-Settings-Android-100x217.jpg 100w, https:\/\/marshallradio.com\/eu\/wp-content\/uploads\/sites\/4\/2023\/10\/Pairing-Settings-Android-150x325.jpg 150w, https:\/\/marshallradio.com\/eu\/wp-content\/uploads\/sites\/4\/2023\/10\/Pairing-Settings-Android-200x433.jpg 200w, https:\/\/marshallradio.com\/eu\/wp-content\/uploads\/sites\/4\/2023\/10\/Pairing-Settings-Android-300x650.jpg 300w, https:\/\/marshallradio.com\/eu\/wp-content\/uploads\/sites\/4\/2023\/10\/Pairing-Settings-Android-450x975.jpg 450w, https:\/\/marshallradio.com\/eu\/wp-content\/uploads\/sites\/4\/2023\/10\/Pairing-Settings-Android-600x1300.jpg 600w, https:\/\/marshallradio.com\/eu\/wp-content\/uploads\/sites\/4\/2023\/10\/Pairing-Settings-Android-900x1950.jpg 900w, https:\/\/marshallradio.com\/eu\/wp-content\/uploads\/sites\/4\/2023\/10\/Pairing-Settings-Android.jpg 1080w\" sizes=\"auto, (max-width: 473px) 100vw, 473px\" \/><\/figure><\/div>\n<p>Warum ist diese Zahl wichtig? Mit der Systemfrequenz k\u00f6nnen Sie Ihre Ger\u00e4te wie oben beschrieben koppeln. Die gew\u00e4hlte Nummer ist wichtig, wenn Sie in einem Gebiet fliegen, das von anderen Marshall-GPS-Benutzern frequentiert wird. Wenn Sie mit einem anderen Marshall-GPS-Benutzer auf einem Feld fliegen und dieser dieselbe Systemfrequenz verwendet, \u00fcberschreibt der Standort seines GPS-Senders m\u00f6glicherweise den Standort Ihres GPS-Senders (und umgekehrt). Unser B\u00fcro \u00fcberpr\u00fcft die Systemfrequenz jedes GPS-Systems vor dem Versand nach dem Zufallsprinzip, um dieses Problem zu vermeiden. Es ist jedoch nicht ausgeschlossen, dass dies auftritt. Wenn Sie Ihre Systemfrequenz \u00e4ndern m\u00fcssen, gehen Sie zu den oben gezeigten Einstellungen, \u00e4ndern Sie die Systemfrequenznummer und klicken Sie auf Bearbeiten. Befolgen Sie dann die Schritte sorgf\u00e4ltig, um Ihre Ger\u00e4te zu koppeln.<\/p>\n\n<p><strong>Android-Benutzer:<\/strong> Die Aerovision Beta-Anwendung auf Android-Ger\u00e4ten verf\u00fcgt nicht \u00fcber die Funktion zum \u00c4ndern der Systemfrequenz. Beim Kauf eines neuen GPS-Senders ist es wichtig, die Frequenz Ihres Systems sowie die Sendernummer (1 bis 5) anzugeben, damit der Sender programmiert und bereits bei der Ankunft mit Ihrem vorhandenen Pocketlink gekoppelt werden kann.<\/p>\n","protected":false},"excerpt":{"rendered":"<p>Die Systemfrequenz ist die Kommunikation zwischen Ihren GPS-Sendern und Ihrem Pocketlink. Die Systemfrequenz ist nicht dieselbe wie die Frequenz, die zum Tracking mit Ihrem \u201epiependen\u201c UHF-Feldmarschallempf\u00e4nger verwendet wird. F\u00fcr Anweisungen zum Ermitteln Ihrer \u201ePiepton\u201c-Frequenz klicken Sie hier. Um Ihre Systemfrequenz<span class=\"ellipsis\">&hellip;<\/span><\/p>\n<div class=\"read-more\"><a href=\"https:\/\/marshallradio.com\/eu\/systemfrequenz\/?lang=de\">Read more <span class=\"screen-reader-text\">Systemfrequenz<\/span><span class=\"meta-nav\"> &#8250;<\/span><\/a><\/div>\n<p><!-- end of .read-more --><\/p>\n","protected":false},"author":2,"featured_media":43365,"parent":0,"menu_order":0,"comment_status":"closed","ping_status":"closed","template":"page-home-template.php","meta":{"_acf_changed":false,"footnotes":""},"class_list":["post-51529","page","type-page","status-publish","has-post-thumbnail","hentry"],"acf":[],"_links":{"self":[{"href":"https:\/\/marshallradio.com\/eu\/wp-json\/wp\/v2\/pages\/51529","targetHints":{"allow":["GET"]}}],"collection":[{"href":"https:\/\/marshallradio.com\/eu\/wp-json\/wp\/v2\/pages"}],"about":[{"href":"https:\/\/marshallradio.com\/eu\/wp-json\/wp\/v2\/types\/page"}],"author":[{"embeddable":true,"href":"https:\/\/marshallradio.com\/eu\/wp-json\/wp\/v2\/users\/2"}],"replies":[{"embeddable":true,"href":"https:\/\/marshallradio.com\/eu\/wp-json\/wp\/v2\/comments?post=51529"}],"version-history":[{"count":1,"href":"https:\/\/marshallradio.com\/eu\/wp-json\/wp\/v2\/pages\/51529\/revisions"}],"predecessor-version":[{"id":51530,"href":"https:\/\/marshallradio.com\/eu\/wp-json\/wp\/v2\/pages\/51529\/revisions\/51530"}],"wp:featuredmedia":[{"embeddable":true,"href":"https:\/\/marshallradio.com\/eu\/wp-json\/wp\/v2\/media\/43365"}],"wp:attachment":[{"href":"https:\/\/marshallradio.com\/eu\/wp-json\/wp\/v2\/media?parent=51529"}],"curies":[{"name":"wp","href":"https:\/\/api.w.org\/{rel}","templated":true}]}}