
{"id":51531,"date":"2023-10-26T22:17:53","date_gmt":"2023-10-26T22:17:53","guid":{"rendered":"https:\/\/marshallradio.com\/eu\/frequenza-del-sistema\/"},"modified":"2023-10-26T22:17:54","modified_gmt":"2023-10-26T22:17:54","slug":"frequenza-del-sistema","status":"publish","type":"page","link":"https:\/\/marshallradio.com\/eu\/frequenza-del-sistema\/?lang=it","title":{"rendered":"Frequenza del sistema"},"content":{"rendered":"\n<p>La frequenza del sistema \u00e8 la comunicazione tra i trasmettitori GPS e il Pocketlink. La frequenza del sistema non \u00e8 la stessa frequenza utilizzata per tracciare con il ricevitore feldmaresciallo UHF che &#8220;emette un segnale acustico&#8221;. Per istruzioni su come individuare la frequenza del &#8220;segnale acustico&#8221; fare clic qui.<\/p>\n\n<p>Per trovare la frequenza del tuo sistema, vai alle impostazioni in Aerovision e scorri verso il basso fino a &#8220;Impostazioni di abbinamento&#8221;. Si prega di vedere l&#8217;immagine qui sotto. Il numero necessario si trova accanto a &#8220;Frequenza di sistema&#8221;.<\/p>\n<div class=\"wp-block-image\">\n<figure class=\"aligncenter size-large\"><img loading=\"lazy\" decoding=\"async\" width=\"473\" height=\"1024\" src=\"https:\/\/marshallradio.com\/uk\/wp-content\/uploads\/sites\/4\/2023\/10\/Pairing-Settings-Android-473x1024.jpg\" alt=\"\" class=\"wp-image-51515\" srcset=\"https:\/\/marshallradio.com\/eu\/wp-content\/uploads\/sites\/4\/2023\/10\/Pairing-Settings-Android-473x1024.jpg 473w, https:\/\/marshallradio.com\/eu\/wp-content\/uploads\/sites\/4\/2023\/10\/Pairing-Settings-Android-138x300.jpg 138w, https:\/\/marshallradio.com\/eu\/wp-content\/uploads\/sites\/4\/2023\/10\/Pairing-Settings-Android-768x1664.jpg 768w, https:\/\/marshallradio.com\/eu\/wp-content\/uploads\/sites\/4\/2023\/10\/Pairing-Settings-Android-709x1536.jpg 709w, https:\/\/marshallradio.com\/eu\/wp-content\/uploads\/sites\/4\/2023\/10\/Pairing-Settings-Android-945x2048.jpg 945w, https:\/\/marshallradio.com\/eu\/wp-content\/uploads\/sites\/4\/2023\/10\/Pairing-Settings-Android-100x217.jpg 100w, https:\/\/marshallradio.com\/eu\/wp-content\/uploads\/sites\/4\/2023\/10\/Pairing-Settings-Android-150x325.jpg 150w, https:\/\/marshallradio.com\/eu\/wp-content\/uploads\/sites\/4\/2023\/10\/Pairing-Settings-Android-200x433.jpg 200w, https:\/\/marshallradio.com\/eu\/wp-content\/uploads\/sites\/4\/2023\/10\/Pairing-Settings-Android-300x650.jpg 300w, https:\/\/marshallradio.com\/eu\/wp-content\/uploads\/sites\/4\/2023\/10\/Pairing-Settings-Android-450x975.jpg 450w, https:\/\/marshallradio.com\/eu\/wp-content\/uploads\/sites\/4\/2023\/10\/Pairing-Settings-Android-600x1300.jpg 600w, https:\/\/marshallradio.com\/eu\/wp-content\/uploads\/sites\/4\/2023\/10\/Pairing-Settings-Android-900x1950.jpg 900w, https:\/\/marshallradio.com\/eu\/wp-content\/uploads\/sites\/4\/2023\/10\/Pairing-Settings-Android.jpg 1080w\" sizes=\"auto, (max-width: 473px) 100vw, 473px\" \/><\/figure><\/div>\n<p>Perch\u00e9 questo numero \u00e8 importante? La frequenza del sistema ti consente di accoppiare i tuoi dispositivi come indicato sopra. Il numero scelto \u00e8 importante se voli in un&#8217;area frequentata da altri utenti GPS Marshall. Se stai volando in un campo con un altro utente Marshall GPS e questi utilizza la stessa frequenza del sistema, la posizione del trasmettitore GPS potrebbe sovrascrivere la posizione del trasmettitore GPS (e viceversa). Il nostro ufficio randomizza la frequenza di ogni sistema GPS prima che venga inviato per cercare di evitare questo problema, tuttavia non \u00e8 impossibile che ci\u00f2 possa verificarsi. Se \u00e8 necessario modificare la frequenza del sistema, vai alle impostazioni come mostrato sopra, modifica il numero della frequenza del sistema e fai clic su Modifica, quindi segui attentamente i passaggi per associare i tuoi dispositivi.<\/p>\n\n<p><strong>Utenti Android:<\/strong> L&#8217;applicazione Aerovision Beta sui dispositivi Android non dispone della funzionalit\u00e0 per modificare la frequenza del sistema. Se acquisti un nuovo trasmettitore GPS, sar\u00e0 importante fornire la frequenza del tuo sistema e il numero del trasmettitore (da 1 a 5) in modo che il trasmettitore possa essere programmato e gi\u00e0 accoppiato all&#8217;arrivo sul tuo Pocketlink esistente.<\/p>\n","protected":false},"excerpt":{"rendered":"<p>La frequenza del sistema \u00e8 la comunicazione tra i trasmettitori GPS e il Pocketlink. La frequenza del sistema non \u00e8 la stessa frequenza utilizzata per tracciare con il ricevitore feldmaresciallo UHF che &#8220;emette un segnale acustico&#8221;. Per istruzioni su come<span class=\"ellipsis\">&hellip;<\/span><\/p>\n<div class=\"read-more\"><a href=\"https:\/\/marshallradio.com\/eu\/frequenza-del-sistema\/?lang=it\">Read more <span class=\"screen-reader-text\">Frequenza del sistema<\/span><span class=\"meta-nav\"> &#8250;<\/span><\/a><\/div>\n<p><!-- end of .read-more --><\/p>\n","protected":false},"author":2,"featured_media":43366,"parent":0,"menu_order":0,"comment_status":"closed","ping_status":"closed","template":"page-home-template.php","meta":{"_acf_changed":false,"footnotes":""},"class_list":["post-51531","page","type-page","status-publish","has-post-thumbnail","hentry"],"acf":[],"_links":{"self":[{"href":"https:\/\/marshallradio.com\/eu\/wp-json\/wp\/v2\/pages\/51531","targetHints":{"allow":["GET"]}}],"collection":[{"href":"https:\/\/marshallradio.com\/eu\/wp-json\/wp\/v2\/pages"}],"about":[{"href":"https:\/\/marshallradio.com\/eu\/wp-json\/wp\/v2\/types\/page"}],"author":[{"embeddable":true,"href":"https:\/\/marshallradio.com\/eu\/wp-json\/wp\/v2\/users\/2"}],"replies":[{"embeddable":true,"href":"https:\/\/marshallradio.com\/eu\/wp-json\/wp\/v2\/comments?post=51531"}],"version-history":[{"count":1,"href":"https:\/\/marshallradio.com\/eu\/wp-json\/wp\/v2\/pages\/51531\/revisions"}],"predecessor-version":[{"id":51532,"href":"https:\/\/marshallradio.com\/eu\/wp-json\/wp\/v2\/pages\/51531\/revisions\/51532"}],"wp:featuredmedia":[{"embeddable":true,"href":"https:\/\/marshallradio.com\/eu\/wp-json\/wp\/v2\/media\/43366"}],"wp:attachment":[{"href":"https:\/\/marshallradio.com\/eu\/wp-json\/wp\/v2\/media?parent=51531"}],"curies":[{"name":"wp","href":"https:\/\/api.w.org\/{rel}","templated":true}]}}