
{"id":33065,"date":"2019-04-09T16:59:08","date_gmt":"2019-04-09T16:59:08","guid":{"rendered":"http:\/\/marshallradio.com\/eu\/product\/kniha-umeni-hawking-sage-grouse\/"},"modified":"2019-06-13T16:26:15","modified_gmt":"2019-06-13T16:26:15","slug":"kniha-umeni-hawking-sage-grouse","status":"publish","type":"product","link":"https:\/\/marshallradio.com\/eu\/product\/kniha-umeni-hawking-sage-grouse\/?lang=cs","title":{"rendered":"Kniha: Um\u011bn\u00ed Hawking Sage Grouse"},"content":{"rendered":"<p>Dramatick\u00e1 nov\u00e1 velkoform\u00e1tov\u00e1 kniha, dokument\u00e1rn\u00ed film o jedn\u00e9 epick\u00e9 cest\u011b jednoho \u010dlov\u011bka za n\u011bkolik desetilet\u00ed, najde a \u00fasp\u011b\u0161n\u011b lov\u00ed Sage Grouse se sokoly. Steve demonstruje ne\u00fanavn\u00e9 \u00fasil\u00ed a energii pot\u0159ebnou k \u00fasp\u011b\u0161n\u00e9mu studiu a lep\u0161\u00edmu pochopen\u00ed a nalezen\u00ed n\u00e1dhern\u00fdch pt\u00e1k\u016f v jejich vzd\u00e1len\u00e9m prost\u0159ed\u00ed. Jeho pozn\u00e1mky a pozorov\u00e1n\u00ed o p\u0159irozen\u00e9 historii a sez\u00f3nn\u00edm chov\u00e1n\u00ed t\u011bchto velk\u00fdch severoamerick\u00fdch tet\u0159ev\u016f obsahuj\u00ed poznatky z\u00edskan\u00e9 z roz\u0161\u00ed\u0159en\u00e9ho pozorov\u00e1n\u00ed pacienta.<\/p>\n<p>D\u00edky \u00fa\u017easn\u00fdm fotografi\u00edm je tento dopln\u011bk nezbytnou sou\u010d\u00e1st\u00ed ka\u017ed\u00e9 sokolnick\u00e9 knihovny a z\u00e1rove\u0148 ide\u00e1ln\u00edm darem.<\/p>\n","protected":false},"excerpt":{"rendered":"<p>Tato nov\u00e1 verze klasick\u00e9 klasiky je nyn\u00ed. . . \u201cnov\u00e1 klasick\u00e1 verze\u201d Steva Chindgrena Magnum Opus na lovu Sage Grouse v severn\u00ed Americe. Aktualizov\u00e1n s nov\u00fdm materi\u00e1lem a fotografiemi, a dal nov\u00fd design layout Dan Milner.<\/p>\n<div class=\"read-more\"><a href=\"https:\/\/marshallradio.com\/eu\/product\/kniha-umeni-hawking-sage-grouse\/?lang=cs\">Read more <span class=\"screen-reader-text\">Kniha: Um\u011bn\u00ed Hawking Sage Grouse<\/span><span class=\"meta-nav\"> &#8250;<\/span><\/a><\/div>\n<p><!-- end of .read-more --><\/p>\n","protected":false},"featured_media":83,"template":"","meta":{"_acf_changed":false},"product_brand":[],"product_cat":[59],"product_tag":[],"class_list":{"0":"post-33065","1":"product","2":"type-product","3":"status-publish","4":"has-post-thumbnail","6":"product_cat-worldwide-accessories-excluding-gulf","8":"first","9":"instock","10":"taxable","11":"shipping-taxable","12":"purchasable","13":"product-type-simple"},"acf":[],"_links":{"self":[{"href":"https:\/\/marshallradio.com\/eu\/wp-json\/wp\/v2\/product\/33065","targetHints":{"allow":["GET"]}}],"collection":[{"href":"https:\/\/marshallradio.com\/eu\/wp-json\/wp\/v2\/product"}],"about":[{"href":"https:\/\/marshallradio.com\/eu\/wp-json\/wp\/v2\/types\/product"}],"wp:featuredmedia":[{"embeddable":true,"href":"https:\/\/marshallradio.com\/eu\/wp-json\/wp\/v2\/media\/83"}],"wp:attachment":[{"href":"https:\/\/marshallradio.com\/eu\/wp-json\/wp\/v2\/media?parent=33065"}],"wp:term":[{"taxonomy":"product_brand","embeddable":true,"href":"https:\/\/marshallradio.com\/eu\/wp-json\/wp\/v2\/product_brand?post=33065"},{"taxonomy":"product_cat","embeddable":true,"href":"https:\/\/marshallradio.com\/eu\/wp-json\/wp\/v2\/product_cat?post=33065"},{"taxonomy":"product_tag","embeddable":true,"href":"https:\/\/marshallradio.com\/eu\/wp-json\/wp\/v2\/product_tag?post=33065"}],"curies":[{"name":"wp","href":"https:\/\/api.w.org\/{rel}","templated":true}]}}