
{"id":33071,"date":"2019-01-25T22:18:40","date_gmt":"2019-01-25T22:18:40","guid":{"rendered":"http:\/\/marshallradio.com\/eu\/product\/nahradni-dily-pro-antenu-yagi\/"},"modified":"2025-09-23T16:04:39","modified_gmt":"2025-09-23T16:04:39","slug":"nahradni-dily-pro-antenu-yagi","status":"publish","type":"product","link":"https:\/\/marshallradio.com\/eu\/product\/nahradni-dily-pro-antenu-yagi\/?lang=cs","title":{"rendered":"N\u00e1hradn\u00ed d\u00edly pro ant\u00e9nu Yagi"},"content":{"rendered":"","protected":false},"excerpt":{"rendered":"<p>Najd\u011bte vhodn\u00fd n\u00e1hradn\u00ed d\u00edl pro v\u00e1\u0161 Marshall Radio skl\u00e1dac\u00ed yagi v\u00fdb\u011brem spr\u00e1vn\u00e9ho modelu (kmito\u010det) a jakou sestavou mus\u00edte b\u00fdt znovu funk\u010dn\u00ed.<\/p>\n<div class=\"read-more\"><a href=\"https:\/\/marshallradio.com\/eu\/product\/nahradni-dily-pro-antenu-yagi\/?lang=cs\">Read more <span class=\"screen-reader-text\">N\u00e1hradn\u00ed d\u00edly pro ant\u00e9nu Yagi<\/span><span class=\"meta-nav\"> &#8250;<\/span><\/a><\/div>\n<p><!-- end of .read-more --><\/p>\n","protected":false},"featured_media":55546,"template":"","meta":{"_acf_changed":false},"product_brand":[],"product_cat":[80,59],"product_tag":[],"class_list":{"0":"post-33071","1":"product","2":"type-product","3":"status-publish","4":"has-post-thumbnail","6":"product_cat-prijimace","7":"product_cat-worldwide-accessories-excluding-gulf","9":"first","10":"instock","11":"taxable","12":"shipping-taxable","13":"purchasable","14":"product-type-variable"},"acf":[],"_links":{"self":[{"href":"https:\/\/marshallradio.com\/eu\/wp-json\/wp\/v2\/product\/33071","targetHints":{"allow":["GET"]}}],"collection":[{"href":"https:\/\/marshallradio.com\/eu\/wp-json\/wp\/v2\/product"}],"about":[{"href":"https:\/\/marshallradio.com\/eu\/wp-json\/wp\/v2\/types\/product"}],"wp:featuredmedia":[{"embeddable":true,"href":"https:\/\/marshallradio.com\/eu\/wp-json\/wp\/v2\/media\/55546"}],"wp:attachment":[{"href":"https:\/\/marshallradio.com\/eu\/wp-json\/wp\/v2\/media?parent=33071"}],"wp:term":[{"taxonomy":"product_brand","embeddable":true,"href":"https:\/\/marshallradio.com\/eu\/wp-json\/wp\/v2\/product_brand?post=33071"},{"taxonomy":"product_cat","embeddable":true,"href":"https:\/\/marshallradio.com\/eu\/wp-json\/wp\/v2\/product_cat?post=33071"},{"taxonomy":"product_tag","embeddable":true,"href":"https:\/\/marshallradio.com\/eu\/wp-json\/wp\/v2\/product_tag?post=33071"}],"curies":[{"name":"wp","href":"https:\/\/api.w.org\/{rel}","templated":true}]}}