
{"id":33103,"date":"2019-01-25T22:18:40","date_gmt":"2019-01-25T22:18:40","guid":{"rendered":"http:\/\/marshallradio.com\/eu\/product\/pieces-de-rechange-pour-antenne-yagi\/"},"modified":"2025-09-23T16:04:58","modified_gmt":"2025-09-23T16:04:58","slug":"pieces-de-rechange-pour-antenne-yagi","status":"publish","type":"product","link":"https:\/\/marshallradio.com\/eu\/product\/pieces-de-rechange-pour-antenne-yagi\/?lang=fr","title":{"rendered":"Pi\u00e8ces de rechange pour antenne Yagi"},"content":{"rendered":"","protected":false},"excerpt":{"rendered":"<p>\u00a0<\/p>\n<p>Trouvez les bonnes pi\u00e8ces de rechange pour votre yagi repliable Marshall Radio en s\u00e9lectionnant le bon mod\u00e8le (fr\u00e9quence) et l\u2019ensemble vous avez besoin pour que vous puissiez \u00e0 nouveau fonctionner.<\/p>\n<div class=\"read-more\"><a href=\"https:\/\/marshallradio.com\/eu\/product\/pieces-de-rechange-pour-antenne-yagi\/?lang=fr\">Read more <span class=\"screen-reader-text\">Pi\u00e8ces de rechange pour antenne Yagi<\/span><span class=\"meta-nav\"> &#8250;<\/span><\/a><\/div>\n<p><!-- end of .read-more --><\/p>\n","protected":false},"featured_media":55548,"template":"","meta":{"_acf_changed":false},"product_brand":[],"product_cat":[61,84],"product_tag":[],"class_list":{"0":"post-33103","1":"product","2":"type-product","3":"status-publish","4":"has-post-thumbnail","6":"product_cat-worldwide-accessories-excluding-gulf-fr","7":"product_cat-recepteurs","9":"first","10":"instock","11":"taxable","12":"shipping-taxable","13":"purchasable","14":"product-type-variable"},"acf":[],"_links":{"self":[{"href":"https:\/\/marshallradio.com\/eu\/wp-json\/wp\/v2\/product\/33103","targetHints":{"allow":["GET"]}}],"collection":[{"href":"https:\/\/marshallradio.com\/eu\/wp-json\/wp\/v2\/product"}],"about":[{"href":"https:\/\/marshallradio.com\/eu\/wp-json\/wp\/v2\/types\/product"}],"wp:featuredmedia":[{"embeddable":true,"href":"https:\/\/marshallradio.com\/eu\/wp-json\/wp\/v2\/media\/55548"}],"wp:attachment":[{"href":"https:\/\/marshallradio.com\/eu\/wp-json\/wp\/v2\/media?parent=33103"}],"wp:term":[{"taxonomy":"product_brand","embeddable":true,"href":"https:\/\/marshallradio.com\/eu\/wp-json\/wp\/v2\/product_brand?post=33103"},{"taxonomy":"product_cat","embeddable":true,"href":"https:\/\/marshallradio.com\/eu\/wp-json\/wp\/v2\/product_cat?post=33103"},{"taxonomy":"product_tag","embeddable":true,"href":"https:\/\/marshallradio.com\/eu\/wp-json\/wp\/v2\/product_tag?post=33103"}],"curies":[{"name":"wp","href":"https:\/\/api.w.org\/{rel}","templated":true}]}}