
{"id":33167,"date":"2019-01-25T21:35:48","date_gmt":"2019-01-25T21:35:48","guid":{"rendered":"http:\/\/marshallradio.com\/eu\/product\/nahradni-kryt-baterie-pro-prijimace\/"},"modified":"2021-04-21T19:07:24","modified_gmt":"2021-04-21T19:07:24","slug":"nahradni-kryt-baterie-pro-prijimace","status":"publish","type":"product","link":"https:\/\/marshallradio.com\/eu\/product\/nahradni-kryt-baterie-pro-prijimace\/?lang=cs","title":{"rendered":"N\u00e1hradn\u00ed kryt baterie pro p\u0159ij\u00edma\u010de"},"content":{"rendered":"","protected":false},"excerpt":{"rendered":"<p>&nbsp;<\/p>\n<p>Pokud ji z n\u011bjak\u00e9ho d\u016fvodu ztrat\u00edte, jedn\u00e1 se o n\u00e1hradn\u00ed kryt baterie pro rok 2007 nebo nov\u011bj\u0161\u00ed p\u0159ij\u00edma\u010d.<\/p>\n<p>Vyberte \u010dernou, aby odpov\u00eddala VHF nebo \u0161ed\u00e9, aby odpov\u00eddaly UHF p\u0159ij\u00edma\u010d\u016fm.<\/p>\n<div class=\"read-more\"><a href=\"https:\/\/marshallradio.com\/eu\/product\/nahradni-kryt-baterie-pro-prijimace\/?lang=cs\">Read more <span class=\"screen-reader-text\">N\u00e1hradn\u00ed kryt baterie pro p\u0159ij\u00edma\u010de<\/span><span class=\"meta-nav\"> &#8250;<\/span><\/a><\/div>\n<p><!-- end of .read-more --><\/p>\n","protected":false},"featured_media":44164,"template":"","meta":{"_acf_changed":false},"product_brand":[],"product_cat":[80,59],"product_tag":[],"class_list":{"0":"post-33167","1":"product","2":"type-product","3":"status-publish","4":"has-post-thumbnail","6":"product_cat-prijimace","7":"product_cat-worldwide-accessories-excluding-gulf","9":"first","10":"instock","11":"taxable","12":"shipping-taxable","13":"purchasable","14":"product-type-variable"},"acf":[],"_links":{"self":[{"href":"https:\/\/marshallradio.com\/eu\/wp-json\/wp\/v2\/product\/33167","targetHints":{"allow":["GET"]}}],"collection":[{"href":"https:\/\/marshallradio.com\/eu\/wp-json\/wp\/v2\/product"}],"about":[{"href":"https:\/\/marshallradio.com\/eu\/wp-json\/wp\/v2\/types\/product"}],"wp:featuredmedia":[{"embeddable":true,"href":"https:\/\/marshallradio.com\/eu\/wp-json\/wp\/v2\/media\/44164"}],"wp:attachment":[{"href":"https:\/\/marshallradio.com\/eu\/wp-json\/wp\/v2\/media?parent=33167"}],"wp:term":[{"taxonomy":"product_brand","embeddable":true,"href":"https:\/\/marshallradio.com\/eu\/wp-json\/wp\/v2\/product_brand?post=33167"},{"taxonomy":"product_cat","embeddable":true,"href":"https:\/\/marshallradio.com\/eu\/wp-json\/wp\/v2\/product_cat?post=33167"},{"taxonomy":"product_tag","embeddable":true,"href":"https:\/\/marshallradio.com\/eu\/wp-json\/wp\/v2\/product_tag?post=33167"}],"curies":[{"name":"wp","href":"https:\/\/api.w.org\/{rel}","templated":true}]}}