
{"id":33177,"date":"2019-01-25T21:35:48","date_gmt":"2019-01-25T21:35:48","guid":{"rendered":"http:\/\/marshallradio.com\/eu\/product\/ersatzakkufachdeckel-fur-empfanger\/"},"modified":"2021-04-21T19:07:48","modified_gmt":"2021-04-21T19:07:48","slug":"ersatzakkufachdeckel-fur-empfanger","status":"publish","type":"product","link":"https:\/\/marshallradio.com\/eu\/product\/ersatzakkufachdeckel-fur-empfanger\/?lang=de","title":{"rendered":"Ersatzakkufachdeckel f\u00fcr Empf\u00e4nger"},"content":{"rendered":"","protected":false},"excerpt":{"rendered":"<p>&nbsp;<\/p>\n<p>Wenn Sie es aus irgendeinem Grund verlieren, ist dies die Ersatzbatterieabdeckung f\u00fcr einen Empf\u00e4nger ab 2007.<\/p>\n<p>W\u00e4hlen Sie das Schwarz f\u00fcr einen UKW-Empf\u00e4nger oder Grau f\u00fcr einen UHF-Empf\u00e4nger.<\/p>\n<div class=\"read-more\"><a href=\"https:\/\/marshallradio.com\/eu\/product\/ersatzakkufachdeckel-fur-empfanger\/?lang=de\">Read more <span class=\"screen-reader-text\">Ersatzakkufachdeckel f\u00fcr Empf\u00e4nger<\/span><span class=\"meta-nav\"> &#8250;<\/span><\/a><\/div>\n<p><!-- end of .read-more --><\/p>\n","protected":false},"featured_media":44167,"template":"","meta":{"_acf_changed":false},"product_brand":[],"product_cat":[62,87],"product_tag":[],"class_list":{"0":"post-33177","1":"product","2":"type-product","3":"status-publish","4":"has-post-thumbnail","6":"product_cat-worldwide-accessories-excluding-gulf-de","7":"product_cat-empfanger","9":"first","10":"instock","11":"taxable","12":"shipping-taxable","13":"purchasable","14":"product-type-variable"},"acf":[],"_links":{"self":[{"href":"https:\/\/marshallradio.com\/eu\/wp-json\/wp\/v2\/product\/33177","targetHints":{"allow":["GET"]}}],"collection":[{"href":"https:\/\/marshallradio.com\/eu\/wp-json\/wp\/v2\/product"}],"about":[{"href":"https:\/\/marshallradio.com\/eu\/wp-json\/wp\/v2\/types\/product"}],"wp:featuredmedia":[{"embeddable":true,"href":"https:\/\/marshallradio.com\/eu\/wp-json\/wp\/v2\/media\/44167"}],"wp:attachment":[{"href":"https:\/\/marshallradio.com\/eu\/wp-json\/wp\/v2\/media?parent=33177"}],"wp:term":[{"taxonomy":"product_brand","embeddable":true,"href":"https:\/\/marshallradio.com\/eu\/wp-json\/wp\/v2\/product_brand?post=33177"},{"taxonomy":"product_cat","embeddable":true,"href":"https:\/\/marshallradio.com\/eu\/wp-json\/wp\/v2\/product_cat?post=33177"},{"taxonomy":"product_tag","embeddable":true,"href":"https:\/\/marshallradio.com\/eu\/wp-json\/wp\/v2\/product_tag?post=33177"}],"curies":[{"name":"wp","href":"https:\/\/api.w.org\/{rel}","templated":true}]}}