
{"id":33183,"date":"2019-01-25T21:35:48","date_gmt":"2019-01-25T21:35:48","guid":{"rendered":"http:\/\/marshallradio.com\/eu\/product\/tapa-de-bateria-de-recambio-para-receptores\/"},"modified":"2021-04-21T19:08:28","modified_gmt":"2021-04-21T19:08:28","slug":"tapa-de-bateria-de-recambio-para-receptores","status":"publish","type":"product","link":"https:\/\/marshallradio.com\/eu\/product\/tapa-de-bateria-de-recambio-para-receptores\/?lang=es","title":{"rendered":"Tapa de bater\u00eda de recambio para receptores"},"content":{"rendered":"","protected":false},"excerpt":{"rendered":"<p>&nbsp;<\/p>\n<p>Si lo pierde por alg\u00fan motivo, esta es la tapa de reemplazo de la bater\u00eda para un receptor 2007 o m\u00e1s moderno.<\/p>\n<p>Elija el negro para que coincida con un VHF o gris para que coincida con los receptores UHF.<\/p>\n<p>&nbsp;<\/p>\n<div class=\"read-more\"><a href=\"https:\/\/marshallradio.com\/eu\/product\/tapa-de-bateria-de-recambio-para-receptores\/?lang=es\">Read more <span class=\"screen-reader-text\">Tapa de bater\u00eda de recambio para receptores<\/span><span class=\"meta-nav\"> &#8250;<\/span><\/a><\/div>\n<p><!-- end of .read-more --><\/p>\n","protected":false},"featured_media":44169,"template":"","meta":{"_acf_changed":false},"product_brand":[],"product_cat":[64,78],"product_tag":[],"class_list":{"0":"post-33183","1":"product","2":"type-product","3":"status-publish","4":"has-post-thumbnail","6":"product_cat-worldwide-accessories-excluding-gulf-es","7":"product_cat-receptores","9":"first","10":"instock","11":"taxable","12":"shipping-taxable","13":"purchasable","14":"product-type-variable"},"acf":[],"_links":{"self":[{"href":"https:\/\/marshallradio.com\/eu\/wp-json\/wp\/v2\/product\/33183","targetHints":{"allow":["GET"]}}],"collection":[{"href":"https:\/\/marshallradio.com\/eu\/wp-json\/wp\/v2\/product"}],"about":[{"href":"https:\/\/marshallradio.com\/eu\/wp-json\/wp\/v2\/types\/product"}],"wp:featuredmedia":[{"embeddable":true,"href":"https:\/\/marshallradio.com\/eu\/wp-json\/wp\/v2\/media\/44169"}],"wp:attachment":[{"href":"https:\/\/marshallradio.com\/eu\/wp-json\/wp\/v2\/media?parent=33183"}],"wp:term":[{"taxonomy":"product_brand","embeddable":true,"href":"https:\/\/marshallradio.com\/eu\/wp-json\/wp\/v2\/product_brand?post=33183"},{"taxonomy":"product_cat","embeddable":true,"href":"https:\/\/marshallradio.com\/eu\/wp-json\/wp\/v2\/product_cat?post=33183"},{"taxonomy":"product_tag","embeddable":true,"href":"https:\/\/marshallradio.com\/eu\/wp-json\/wp\/v2\/product_tag?post=33183"}],"curies":[{"name":"wp","href":"https:\/\/api.w.org\/{rel}","templated":true}]}}