
{"id":33186,"date":"2019-01-25T21:25:35","date_gmt":"2019-01-25T21:25:35","guid":{"rendered":"http:\/\/marshallradio.com\/eu\/product\/chranic-anteny\/"},"modified":"2021-06-17T21:59:02","modified_gmt":"2021-06-17T21:59:02","slug":"chranic-anteny","status":"publish","type":"product","link":"https:\/\/marshallradio.com\/eu\/product\/chranic-anteny\/?lang=cs","title":{"rendered":"Standardn\u00ed ant\u00e9nn\u00ed chr\u00e1ni\u010d"},"content":{"rendered":"","protected":false},"excerpt":{"rendered":"<p>&nbsp;<\/p>\n<p>Chr\u00e1ni\u010d ant\u00e9ny byl navr\u017een v roce 2018 pro vys\u00edla\u010de GPS a RT. To se oto\u010d\u00ed do nov\u00fdch vys\u00edla\u010d\u016f postaven\u00fdch v roce 2018 a nov\u011bj\u0161\u00edch.<\/p>\n<p>Chr\u00e1ni\u010d umo\u017e\u0148uje snadno vyjmout a vym\u011bnit ocasn\u00ed pru\u017einy a z\u00e1rove\u0148 zv\u00fd\u0161it bezpe\u010dnost va\u0161\u00ed ant\u00e9ny.<\/p>\n<p>* Vys\u00edla\u010d nen\u00ed sou\u010d\u00e1st\u00ed dod\u00e1vky<\/p>\n<div class=\"read-more\"><a href=\"https:\/\/marshallradio.com\/eu\/product\/chranic-anteny\/?lang=cs\">Read more <span class=\"screen-reader-text\">Standardn\u00ed ant\u00e9nn\u00ed chr\u00e1ni\u010d<\/span><span class=\"meta-nav\"> &#8250;<\/span><\/a><\/div>\n<p><!-- end of .read-more --><\/p>\n","protected":false},"featured_media":44185,"template":"","meta":{"_acf_changed":false},"product_brand":[],"product_cat":[59,151],"product_tag":[],"class_list":{"0":"post-33186","1":"product","2":"type-product","3":"status-publish","4":"has-post-thumbnail","6":"product_cat-worldwide-accessories-excluding-gulf","7":"product_cat-produkty-papouska","9":"first","10":"instock","11":"taxable","12":"shipping-taxable","13":"purchasable","14":"product-type-simple"},"acf":[],"_links":{"self":[{"href":"https:\/\/marshallradio.com\/eu\/wp-json\/wp\/v2\/product\/33186","targetHints":{"allow":["GET"]}}],"collection":[{"href":"https:\/\/marshallradio.com\/eu\/wp-json\/wp\/v2\/product"}],"about":[{"href":"https:\/\/marshallradio.com\/eu\/wp-json\/wp\/v2\/types\/product"}],"wp:featuredmedia":[{"embeddable":true,"href":"https:\/\/marshallradio.com\/eu\/wp-json\/wp\/v2\/media\/44185"}],"wp:attachment":[{"href":"https:\/\/marshallradio.com\/eu\/wp-json\/wp\/v2\/media?parent=33186"}],"wp:term":[{"taxonomy":"product_brand","embeddable":true,"href":"https:\/\/marshallradio.com\/eu\/wp-json\/wp\/v2\/product_brand?post=33186"},{"taxonomy":"product_cat","embeddable":true,"href":"https:\/\/marshallradio.com\/eu\/wp-json\/wp\/v2\/product_cat?post=33186"},{"taxonomy":"product_tag","embeddable":true,"href":"https:\/\/marshallradio.com\/eu\/wp-json\/wp\/v2\/product_tag?post=33186"}],"curies":[{"name":"wp","href":"https:\/\/api.w.org\/{rel}","templated":true}]}}