
{"id":33189,"date":"2019-01-25T21:25:35","date_gmt":"2019-01-25T21:25:35","guid":{"rendered":"http:\/\/marshallradio.com\/eu\/product\/protecteur-dantenne\/"},"modified":"2021-06-17T22:00:13","modified_gmt":"2021-06-17T22:00:13","slug":"protecteur-dantenne","status":"publish","type":"product","link":"https:\/\/marshallradio.com\/eu\/product\/protecteur-dantenne\/?lang=fr","title":{"rendered":"Protecteur d&#8217;antenne standard"},"content":{"rendered":"","protected":false},"excerpt":{"rendered":"<p>&nbsp;<\/p>\n<p>Le protecteur d&#8217;antenne a \u00e9t\u00e9 con\u00e7u en 2018 pour les \u00e9metteurs GPS et RT. Il se connecte \u00e0 de nouveaux \u00e9metteurs construits en 2018 et plus r\u00e9cents.<\/p>\n<p>Le protecteur vous permet de retirer et de remplacer facilement les ressorts arri\u00e8re tout en renfor\u00e7ant la s\u00e9curit\u00e9 de votre antenne.<\/p>\n<p>* \u00c9metteur non inclus<\/p>\n<div class=\"read-more\"><a href=\"https:\/\/marshallradio.com\/eu\/product\/protecteur-dantenne\/?lang=fr\">Read more <span class=\"screen-reader-text\">Protecteur d&#8217;antenne standard<\/span><span class=\"meta-nav\"> &#8250;<\/span><\/a><\/div>\n<p><!-- end of .read-more --><\/p>\n","protected":false},"featured_media":44187,"template":"","meta":{"_acf_changed":false},"product_brand":[],"product_cat":[61,153],"product_tag":[],"class_list":{"0":"post-33189","1":"product","2":"type-product","3":"status-publish","4":"has-post-thumbnail","6":"product_cat-worldwide-accessories-excluding-gulf-fr","7":"product_cat-produits-parrot","9":"first","10":"instock","11":"taxable","12":"shipping-taxable","13":"purchasable","14":"product-type-simple"},"acf":[],"_links":{"self":[{"href":"https:\/\/marshallradio.com\/eu\/wp-json\/wp\/v2\/product\/33189","targetHints":{"allow":["GET"]}}],"collection":[{"href":"https:\/\/marshallradio.com\/eu\/wp-json\/wp\/v2\/product"}],"about":[{"href":"https:\/\/marshallradio.com\/eu\/wp-json\/wp\/v2\/types\/product"}],"wp:featuredmedia":[{"embeddable":true,"href":"https:\/\/marshallradio.com\/eu\/wp-json\/wp\/v2\/media\/44187"}],"wp:attachment":[{"href":"https:\/\/marshallradio.com\/eu\/wp-json\/wp\/v2\/media?parent=33189"}],"wp:term":[{"taxonomy":"product_brand","embeddable":true,"href":"https:\/\/marshallradio.com\/eu\/wp-json\/wp\/v2\/product_brand?post=33189"},{"taxonomy":"product_cat","embeddable":true,"href":"https:\/\/marshallradio.com\/eu\/wp-json\/wp\/v2\/product_cat?post=33189"},{"taxonomy":"product_tag","embeddable":true,"href":"https:\/\/marshallradio.com\/eu\/wp-json\/wp\/v2\/product_tag?post=33189"}],"curies":[{"name":"wp","href":"https:\/\/api.w.org\/{rel}","templated":true}]}}