
{"id":33190,"date":"2019-01-25T21:25:35","date_gmt":"2019-01-25T21:25:35","guid":{"rendered":"http:\/\/marshallradio.com\/eu\/product\/antennenschutz\/"},"modified":"2021-06-17T22:00:48","modified_gmt":"2021-06-17T22:00:48","slug":"antennenschutz","status":"publish","type":"product","link":"https:\/\/marshallradio.com\/eu\/product\/antennenschutz\/?lang=de","title":{"rendered":"Standard-Antennenschutz"},"content":{"rendered":"","protected":false},"excerpt":{"rendered":"<p>&nbsp;<\/p>\n<p>Der Antennenschutz wurde 2018 f\u00fcr GPS- und RT-Sender entwickelt. Er l\u00e4sst sich f\u00fcr Sender aus dem Jahr 2018 und neuer verwenden.<\/p>\n<p>Mit dem Protektor k\u00f6nnen Sie die Metallfeder leicht entfernen und austauschen und gleichzeitig die Sicherheit Ihrer Antenne erh\u00f6hen.<\/p>\n<p>* Sender nicht enthalten<\/p>\n<div class=\"read-more\"><a href=\"https:\/\/marshallradio.com\/eu\/product\/antennenschutz\/?lang=de\">Read more <span class=\"screen-reader-text\">Standard-Antennenschutz<\/span><span class=\"meta-nav\"> &#8250;<\/span><\/a><\/div>\n<p><!-- end of .read-more --><\/p>\n","protected":false},"featured_media":44188,"template":"","meta":{"_acf_changed":false},"product_brand":[],"product_cat":[62,154],"product_tag":[],"class_list":{"0":"post-33190","1":"product","2":"type-product","3":"status-publish","4":"has-post-thumbnail","6":"product_cat-worldwide-accessories-excluding-gulf-de","7":"product_cat-papageienprodukte","9":"first","10":"instock","11":"taxable","12":"shipping-taxable","13":"purchasable","14":"product-type-simple"},"acf":[],"_links":{"self":[{"href":"https:\/\/marshallradio.com\/eu\/wp-json\/wp\/v2\/product\/33190","targetHints":{"allow":["GET"]}}],"collection":[{"href":"https:\/\/marshallradio.com\/eu\/wp-json\/wp\/v2\/product"}],"about":[{"href":"https:\/\/marshallradio.com\/eu\/wp-json\/wp\/v2\/types\/product"}],"wp:featuredmedia":[{"embeddable":true,"href":"https:\/\/marshallradio.com\/eu\/wp-json\/wp\/v2\/media\/44188"}],"wp:attachment":[{"href":"https:\/\/marshallradio.com\/eu\/wp-json\/wp\/v2\/media?parent=33190"}],"wp:term":[{"taxonomy":"product_brand","embeddable":true,"href":"https:\/\/marshallradio.com\/eu\/wp-json\/wp\/v2\/product_brand?post=33190"},{"taxonomy":"product_cat","embeddable":true,"href":"https:\/\/marshallradio.com\/eu\/wp-json\/wp\/v2\/product_cat?post=33190"},{"taxonomy":"product_tag","embeddable":true,"href":"https:\/\/marshallradio.com\/eu\/wp-json\/wp\/v2\/product_tag?post=33190"}],"curies":[{"name":"wp","href":"https:\/\/api.w.org\/{rel}","templated":true}]}}