
{"id":33193,"date":"2019-01-16T23:52:23","date_gmt":"2019-01-16T23:52:23","guid":{"rendered":"http:\/\/marshallradio.com\/eu\/product\/panska-bunda-kollusion-fleece-lined-jacket\/"},"modified":"2022-12-09T18:20:15","modified_gmt":"2022-12-09T18:20:15","slug":"panska-bunda-kollusion-fleece-lined-jacket","status":"publish","type":"product","link":"https:\/\/marshallradio.com\/eu\/product\/panska-bunda-kollusion-fleece-lined-jacket\/?lang=cs","title":{"rendered":"P\u00e1nsk\u00e1 bunda Kollusion Fleece Lined Jacket"},"content":{"rendered":"","protected":false},"excerpt":{"rendered":"<p>K\u00dcHL FLEECE LINED KOLLUSION obsahuje vodu odolnou a prody\u0161nou tkaninu s polyuretanov\u00fdm povlakem a syntetick\u00fdm voskem. V kombinaci s vysoce kvalitn\u00ed italskou fleecovou pod\u0161\u00edvkou a kapuc\u00ed poskytuje tato \u010dty\u0159sez\u00f3nn\u00ed bunda m\u011bkkou a trvanlivou ochranu.<\/p>\n<p>FLEECE LINED KOLLUSION je navr\u017een tak, aby vyp\u00ednal chlad, a m\u00e1 p\u0159edn\u00ed p\u0159edn\u00ed zip za vn\u011bj\u0161\u00ed klapkou s uz\u00e1v\u011brem. Taffeta ruk\u00e1v oblo\u017een\u00ed s izolac\u00ed umo\u017e\u0148uje, aby se bunda snadno nas\u00e1vala a vyp\u00ednala a z\u00e1rove\u0148 poskytovala teplo a pohodl\u00ed.<\/p>\n<p>Dv\u011b n\u00e1prsn\u00ed kapsy se zap\u00edn\u00e1n\u00edm na zip a dv\u011b kapsy na ruce se zap\u00edn\u00e1n\u00edm na zip naho\u0159e a zipem na boku zaji\u0161\u0165uj\u00ed bezpe\u010dn\u00e9 ulo\u017een\u00ed. Vyklenut\u00e1 man\u017eeta je vybavena dodate\u010dn\u00fdm nastaven\u00edm. Smluvn\u00ed se\u0161\u00edv\u00e1n\u00ed dod\u00e1v\u00e1 vizu\u00e1ln\u00ed dopad. Jm\u00e9no a logo MARSHALL RADIO TELEMETRY je na prav\u00e9m ruk\u00e1vu ohnuto a na\u0161ito nad levou kapsou na hrudi.<\/p>\n<div class=\"read-more\"><a href=\"https:\/\/marshallradio.com\/eu\/product\/panska-bunda-kollusion-fleece-lined-jacket\/?lang=cs\">Read more <span class=\"screen-reader-text\">P\u00e1nsk\u00e1 bunda Kollusion Fleece Lined Jacket<\/span><span class=\"meta-nav\"> &#8250;<\/span><\/a><\/div>\n<p><!-- end of .read-more --><\/p>\n","protected":false},"featured_media":31492,"template":"","meta":{"_acf_changed":false},"product_brand":[],"product_cat":[65],"product_tag":[],"class_list":{"0":"post-33193","1":"product","2":"type-product","3":"status-publish","4":"has-post-thumbnail","6":"product_cat-odev","8":"first","9":"instock","10":"taxable","11":"shipping-taxable","12":"purchasable","13":"product-type-variable"},"acf":[],"_links":{"self":[{"href":"https:\/\/marshallradio.com\/eu\/wp-json\/wp\/v2\/product\/33193","targetHints":{"allow":["GET"]}}],"collection":[{"href":"https:\/\/marshallradio.com\/eu\/wp-json\/wp\/v2\/product"}],"about":[{"href":"https:\/\/marshallradio.com\/eu\/wp-json\/wp\/v2\/types\/product"}],"wp:featuredmedia":[{"embeddable":true,"href":"https:\/\/marshallradio.com\/eu\/wp-json\/wp\/v2\/media\/31492"}],"wp:attachment":[{"href":"https:\/\/marshallradio.com\/eu\/wp-json\/wp\/v2\/media?parent=33193"}],"wp:term":[{"taxonomy":"product_brand","embeddable":true,"href":"https:\/\/marshallradio.com\/eu\/wp-json\/wp\/v2\/product_brand?post=33193"},{"taxonomy":"product_cat","embeddable":true,"href":"https:\/\/marshallradio.com\/eu\/wp-json\/wp\/v2\/product_cat?post=33193"},{"taxonomy":"product_tag","embeddable":true,"href":"https:\/\/marshallradio.com\/eu\/wp-json\/wp\/v2\/product_tag?post=33193"}],"curies":[{"name":"wp","href":"https:\/\/api.w.org\/{rel}","templated":true}]}}