
{"id":33226,"date":"2019-01-16T23:52:23","date_gmt":"2019-01-16T23:52:23","guid":{"rendered":"http:\/\/marshallradio.com\/eu\/product\/herren-kollusion-vlies-gefutterte-jacke\/"},"modified":"2024-03-07T14:31:25","modified_gmt":"2024-03-07T14:31:25","slug":"herren-kollusion-vlies-gefutterte-jacke","status":"publish","type":"product","link":"https:\/\/marshallradio.com\/eu\/product\/herren-kollusion-vlies-gefutterte-jacke\/?lang=de","title":{"rendered":"Herren Kollusion Vlies gef\u00fctterte Jacke"},"content":{"rendered":"","protected":false},"excerpt":{"rendered":"<p>Das K\u00dcHL FLEECE LINED KOLLUSION verf\u00fcgt \u00fcber ein wasserabweisendes und atmungsaktives Gewebe mit Polyurethan-Beschichtung und synthetischem Wachs. Kombiniert mit einem hochflorigen italienischen Fleecefutter und einer Kapuze bietet diese 4-Jahreszeiten-Jacke weichen und dauerhaften Schutz.<\/p>\n<p>Der FLEECE LINED KOLLUSION wurde entwickelt, um die K\u00e4lte auszuschlie\u00dfen. Er verf\u00fcgt \u00fcber einen durchgehenden Frontrei\u00dfverschluss hinter einer \u00e4u\u00dferen Windschutzklappe mit Druckknopfverschluss. Das Taft-\u00c4rmelfutter mit Isolierung erm\u00f6glicht das einfache An- und Ausziehen der Jacke und bietet gleichzeitig W\u00e4rme und Komfort.<\/p>\n<p>Zwei Brusttaschen mit Druckknopfverschluss und zwei Eingrifftaschen mit Druckknopfverschluss oben und seitlichem Rei\u00dfverschluss bieten sicheren Stauraum. Die Zwickelmanschette verf\u00fcgt \u00fcber eine zus\u00e4tzliche Schnappverstellung. Kontraktheftung sorgt f\u00fcr visuelle Wirkung. Der Name und das Logo von MARSHALL RADIO TELEMETRY befinden sich auf dem rechten \u00c4rmel und sind \u00fcber der linken Brusttasche aufgen\u00e4ht.<\/p>\n<div class=\"read-more\"><a href=\"https:\/\/marshallradio.com\/eu\/product\/herren-kollusion-vlies-gefutterte-jacke\/?lang=de\">Read more <span class=\"screen-reader-text\">Herren Kollusion Vlies gef\u00fctterte Jacke<\/span><span class=\"meta-nav\"> &#8250;<\/span><\/a><\/div>\n<p><!-- end of .read-more --><\/p>\n","protected":false},"featured_media":31495,"template":"","meta":{"_acf_changed":false},"product_brand":[],"product_cat":[68],"product_tag":[],"class_list":{"0":"post-33226","1":"product","2":"type-product","3":"status-publish","4":"has-post-thumbnail","6":"product_cat-bekleidung","8":"first","9":"instock","10":"taxable","11":"shipping-taxable","12":"purchasable","13":"product-type-variable"},"acf":[],"_links":{"self":[{"href":"https:\/\/marshallradio.com\/eu\/wp-json\/wp\/v2\/product\/33226","targetHints":{"allow":["GET"]}}],"collection":[{"href":"https:\/\/marshallradio.com\/eu\/wp-json\/wp\/v2\/product"}],"about":[{"href":"https:\/\/marshallradio.com\/eu\/wp-json\/wp\/v2\/types\/product"}],"wp:featuredmedia":[{"embeddable":true,"href":"https:\/\/marshallradio.com\/eu\/wp-json\/wp\/v2\/media\/31495"}],"wp:attachment":[{"href":"https:\/\/marshallradio.com\/eu\/wp-json\/wp\/v2\/media?parent=33226"}],"wp:term":[{"taxonomy":"product_brand","embeddable":true,"href":"https:\/\/marshallradio.com\/eu\/wp-json\/wp\/v2\/product_brand?post=33226"},{"taxonomy":"product_cat","embeddable":true,"href":"https:\/\/marshallradio.com\/eu\/wp-json\/wp\/v2\/product_cat?post=33226"},{"taxonomy":"product_tag","embeddable":true,"href":"https:\/\/marshallradio.com\/eu\/wp-json\/wp\/v2\/product_tag?post=33226"}],"curies":[{"name":"wp","href":"https:\/\/api.w.org\/{rel}","templated":true}]}}